{"id":5416,"date":"2026-04-29T02:07:02","date_gmt":"2026-04-29T08:07:02","guid":{"rendered":"http:\/\/34.83.78.142\/index.php\/product\/enchufe-30a-110v-2p3w-l530p-aguila\/"},"modified":"2026-04-29T02:07:03","modified_gmt":"2026-04-29T08:07:03","slug":"enchufe-30a-110v-2p3w-l530p-eagle","status":"publish","type":"product","link":"https:\/\/www.veneciacr.com\/index.php\/producto\/enchufe-30a-110v-2p3w-l530p-eagle\/","title":{"rendered":"ENCHUFE 30A 110V 2P3W L530P EAGLE"},"content":{"rendered":"<div class=\"StyleWrapper_wrapper \">\n<div class=\"Details_description\">\n<div id=\"description_i8g8c3zru\" class=\"fr-view\">\n<h3>Enchufe de Seguridad Industrial L530-P &#8211; Conexi\u00f3n Potente y Protecci\u00f3n<\/h3>\n<p>El Enchufe de Seguridad Industrial L530-P de EAGLE es una soluci\u00f3n robusta y segura para tus necesidades de alimentaci\u00f3n el\u00e9ctrica en entornos industriales. Este enchufe NEMA L530-P de 2 polos y 3 hilos proporciona una conexi\u00f3n potente y confiable para tus equipos y maquinaria. Con caracter\u00edsticas de seguridad, como tuercas de seguridad y un dispositivo de bloqueo NEMA, este enchufe garantiza un rendimiento superior en el entorno industrial m\u00e1s exigente.<\/p><\/div>\n<\/div>\n<\/div>\n<div class=\"StyleWrapper_wrapper \">\n<h2>Especificaciones<\/h2>\n<div id=\"ML_mainId\">\n<table>\n<tbody>\n<tr>\n<td>Grado Industrial:<\/td>\n<td align=\"left\">S\u00ed<\/td>\n<td><\/td>\n<td>Material de los Contactos:<\/td>\n<td align=\"left\">Bronce<\/td>\n<\/tr>\n<tr>\n<td>Certificaciones:<\/td>\n<td align=\"left\">Certificado NOM-ANCE 201401C11525<\/td>\n<td><\/td>\n<td>Material del Cuerpo:<\/td>\n<td align=\"left\">Policarbonato y Nylon<\/td>\n<\/tr>\n<tr>\n<td>Configuraci\u00f3n:<\/td>\n<td align=\"left\">2 Polos, 3 Hilos<\/td>\n<td><\/td>\n<td>Corriente:<\/td>\n<td align=\"left\">30A<\/td>\n<\/tr>\n<tr>\n<td>Tipo de Enchufe:<\/td>\n<td align=\"left\">NEMA L530-P<\/td>\n<td><\/td>\n<td>Tensi\u00f3n:<\/td>\n<td align=\"left\">125V~<\/td>\n<\/tr>\n<tr>\n<td>Tipo de Cableado:<\/td>\n<td align=\"left\">Por Tornillo y Tuerca, S\u00f3lo Cable de Cobre<\/td>\n<td><\/td>\n<\/tr>\n<\/tbody>\n<\/table>\n<\/div>\n<\/div>\n","protected":false},"excerpt":{"rendered":"<p>Enchufe de Seguridad Industrial L530-P &#8211; Conexi\u00f3n Potente y Protecci\u00f3n El Enchufe de Seguridad Industrial L530-P de EAGLE es una<\/p>\n","protected":false},"featured_media":77328,"comment_status":"closed","ping_status":"open","template":"","meta":[],"product_brand":[],"product_cat":[80],"product_tag":[],"class_list":{"0":"post-5416","1":"product","2":"type-product","3":"status-publish","4":"has-post-thumbnail","6":"product_cat-electrico","8":"first","9":"instock","10":"purchasable","11":"product-type-simple"},"jetpack_sharing_enabled":true,"_links":{"self":[{"href":"https:\/\/www.veneciacr.com\/index.php\/wp-json\/wp\/v2\/product\/5416","targetHints":{"allow":["GET"]}}],"collection":[{"href":"https:\/\/www.veneciacr.com\/index.php\/wp-json\/wp\/v2\/product"}],"about":[{"href":"https:\/\/www.veneciacr.com\/index.php\/wp-json\/wp\/v2\/types\/product"}],"replies":[{"embeddable":true,"href":"https:\/\/www.veneciacr.com\/index.php\/wp-json\/wp\/v2\/comments?post=5416"}],"wp:featuredmedia":[{"embeddable":true,"href":"https:\/\/www.veneciacr.com\/index.php\/wp-json\/wp\/v2\/media\/77328"}],"wp:attachment":[{"href":"https:\/\/www.veneciacr.com\/index.php\/wp-json\/wp\/v2\/media?parent=5416"}],"wp:term":[{"taxonomy":"product_brand","embeddable":true,"href":"https:\/\/www.veneciacr.com\/index.php\/wp-json\/wp\/v2\/product_brand?post=5416"},{"taxonomy":"product_cat","embeddable":true,"href":"https:\/\/www.veneciacr.com\/index.php\/wp-json\/wp\/v2\/product_cat?post=5416"},{"taxonomy":"product_tag","embeddable":true,"href":"https:\/\/www.veneciacr.com\/index.php\/wp-json\/wp\/v2\/product_tag?post=5416"}],"curies":[{"name":"wp","href":"https:\/\/api.w.org\/{rel}","templated":true}]}}