{"id":5412,"date":"2026-04-30T02:06:17","date_gmt":"2026-04-30T08:06:17","guid":{"rendered":"http:\/\/34.83.78.142\/index.php\/product\/escuadra-refor-unidad-8x12-blanca-mer-12b-fiero-truper\/"},"modified":"2026-04-30T02:06:17","modified_gmt":"2026-04-30T08:06:17","slug":"unidad-escuadra-refor-8x12-blanca-mer-12b-fiero","status":"publish","type":"product","link":"https:\/\/www.veneciacr.com\/index.php\/producto\/unidad-escuadra-refor-8x12-blanca-mer-12b-fiero\/","title":{"rendered":"UNIDAD ESCUADRA REFOR 8X12&#8243; BLANCA MER-12B FIERO"},"content":{"rendered":"<p>Fabricada de acero<\/p>\n<p>F\u00e1cil instalaci\u00f3n<\/p>\n<p>\u00datil para emplearse como soporte de repisas o cubiertas<\/p>\n<div class=\"col vinieta_class\"><img loading=\"lazy\" decoding=\"async\" class=\"img_vinietas\" src=\"https:\/\/www.truper.com\/admin\/images\/vinietas\/44670-01.svg\" width=\"129\" height=\"129\" \/> \u00a0<img loading=\"lazy\" decoding=\"async\" class=\"img_vinietas\" src=\"https:\/\/www.truper.com\/admin\/images\/vinietas\/44670-02.svg\" width=\"128\" height=\"128\" \/><\/div>\n","protected":false},"excerpt":{"rendered":"<p>Fabricada de acero F\u00e1cil instalaci\u00f3n \u00datil para emplearse como soporte de repisas o cubiertas \u00a0<\/p>\n","protected":false},"featured_media":96951,"comment_status":"closed","ping_status":"open","template":"","meta":[],"product_brand":[],"product_cat":[19,100],"product_tag":[],"class_list":{"0":"post-5412","1":"product","2":"type-product","3":"status-publish","4":"has-post-thumbnail","6":"product_cat-ferreteria","7":"product_cat-soportes-para-repisas","9":"first","10":"instock","11":"purchasable","12":"product-type-simple"},"jetpack_sharing_enabled":true,"_links":{"self":[{"href":"https:\/\/www.veneciacr.com\/index.php\/wp-json\/wp\/v2\/product\/5412","targetHints":{"allow":["GET"]}}],"collection":[{"href":"https:\/\/www.veneciacr.com\/index.php\/wp-json\/wp\/v2\/product"}],"about":[{"href":"https:\/\/www.veneciacr.com\/index.php\/wp-json\/wp\/v2\/types\/product"}],"replies":[{"embeddable":true,"href":"https:\/\/www.veneciacr.com\/index.php\/wp-json\/wp\/v2\/comments?post=5412"}],"wp:featuredmedia":[{"embeddable":true,"href":"https:\/\/www.veneciacr.com\/index.php\/wp-json\/wp\/v2\/media\/96951"}],"wp:attachment":[{"href":"https:\/\/www.veneciacr.com\/index.php\/wp-json\/wp\/v2\/media?parent=5412"}],"wp:term":[{"taxonomy":"product_brand","embeddable":true,"href":"https:\/\/www.veneciacr.com\/index.php\/wp-json\/wp\/v2\/product_brand?post=5412"},{"taxonomy":"product_cat","embeddable":true,"href":"https:\/\/www.veneciacr.com\/index.php\/wp-json\/wp\/v2\/product_cat?post=5412"},{"taxonomy":"product_tag","embeddable":true,"href":"https:\/\/www.veneciacr.com\/index.php\/wp-json\/wp\/v2\/product_tag?post=5412"}],"curies":[{"name":"wp","href":"https:\/\/api.w.org\/{rel}","templated":true}]}}