{"id":5348,"date":"2026-04-21T04:06:31","date_gmt":"2026-04-21T10:06:31","guid":{"rendered":"http:\/\/34.83.78.142\/index.php\/product\/destornillador-golpe-ph1-3-go-3-16x3c-truper\/"},"modified":"2026-04-21T04:06:32","modified_gmt":"2026-04-21T10:06:32","slug":"destornillador-golpe-ph1-3-go-3-16x3c-truper","status":"publish","type":"product","link":"https:\/\/www.veneciacr.com\/index.php\/producto\/destornillador-golpe-ph1-3-go-3-16x3c-truper\/","title":{"rendered":"DESTORNILLADOR GOLPE PH1 3&#8243; GO-3\/16X3C TRUPER"},"content":{"rendered":"<p>Punta No. 1<br \/>\nLongitud de la barra 3&#8243; (76mm)<br \/>\nLongitud del mango 89 mm<br \/>\nPeso 110 g<br \/>\nEmpaque Tarjeta pl\u00e1stica<\/p>\n<p>CARACTER\u00cdSTICAS<br \/>\nBarra fabricada en acero al cromo vanadio<br \/>\nCabeza de acero forjado<br \/>\nMango ergon\u00f3mico de acetato<br \/>\nPunta magnetizada<\/p>\n<p>USOS<br \/>\nMec\u00e1nica, carpinter\u00eda, industria, hogar, etc\u00e9tera<\/p>\n","protected":false},"excerpt":{"rendered":"<p>Punta No. 1 Longitud de la barra 3&#8243; (76mm) Longitud del mango 89 mm Peso 110 g Empaque Tarjeta pl\u00e1stica<\/p>\n","protected":false},"featured_media":77250,"comment_status":"closed","ping_status":"open","template":"","meta":[],"product_brand":[],"product_cat":[23,24],"product_tag":[],"class_list":{"0":"post-5348","1":"product","2":"type-product","3":"status-publish","4":"has-post-thumbnail","6":"product_cat-herramientas","7":"product_cat-herramientas-manuales","9":"first","10":"instock","11":"purchasable","12":"product-type-simple"},"jetpack_sharing_enabled":true,"_links":{"self":[{"href":"https:\/\/www.veneciacr.com\/index.php\/wp-json\/wp\/v2\/product\/5348","targetHints":{"allow":["GET"]}}],"collection":[{"href":"https:\/\/www.veneciacr.com\/index.php\/wp-json\/wp\/v2\/product"}],"about":[{"href":"https:\/\/www.veneciacr.com\/index.php\/wp-json\/wp\/v2\/types\/product"}],"replies":[{"embeddable":true,"href":"https:\/\/www.veneciacr.com\/index.php\/wp-json\/wp\/v2\/comments?post=5348"}],"wp:featuredmedia":[{"embeddable":true,"href":"https:\/\/www.veneciacr.com\/index.php\/wp-json\/wp\/v2\/media\/77250"}],"wp:attachment":[{"href":"https:\/\/www.veneciacr.com\/index.php\/wp-json\/wp\/v2\/media?parent=5348"}],"wp:term":[{"taxonomy":"product_brand","embeddable":true,"href":"https:\/\/www.veneciacr.com\/index.php\/wp-json\/wp\/v2\/product_brand?post=5348"},{"taxonomy":"product_cat","embeddable":true,"href":"https:\/\/www.veneciacr.com\/index.php\/wp-json\/wp\/v2\/product_cat?post=5348"},{"taxonomy":"product_tag","embeddable":true,"href":"https:\/\/www.veneciacr.com\/index.php\/wp-json\/wp\/v2\/product_tag?post=5348"}],"curies":[{"name":"wp","href":"https:\/\/api.w.org\/{rel}","templated":true}]}}