{"id":5247,"date":"2026-04-21T04:10:27","date_gmt":"2026-04-21T10:10:27","guid":{"rendered":"http:\/\/34.83.78.142\/index.php\/product\/regla-acero-inox-30cm-rgl-30-truper-14387\/"},"modified":"2026-04-21T04:10:28","modified_gmt":"2026-04-21T10:10:28","slug":"regla-acero-inox-30cm-rgl-30-truper","status":"publish","type":"product","link":"https:\/\/www.veneciacr.com\/index.php\/producto\/regla-acero-inox-30cm-rgl-30-truper\/","title":{"rendered":"REGLA ACERO INOX 30CM RGL-30 TRUPER"},"content":{"rendered":"<p>Longitud 12&#8243; (304.8mm)<br \/>\nAncho 32 mm<br \/>\nEspesor 2.6 mm<br \/>\nPeso 168 g<br \/>\nEmpaque Granel<\/p>\n<p>CARACTER\u00cdSTICAS<br \/>\nFabricada de acero inoxidable<br \/>\nGraduaci\u00f3n marcada al \u00e1cido en mil\u00edmetros y pulgadas<br \/>\nTabla de conversi\u00f3n en el reverso<\/p>\n<p>USOS<br \/>\nOficinas, talleres y hogar<br \/>\nPara medir, marcar o trazar<\/p>\n","protected":false},"excerpt":{"rendered":"<p>Longitud 12&#8243; (304.8mm) Ancho 32 mm Espesor 2.6 mm Peso 168 g Empaque Granel CARACTER\u00cdSTICAS Fabricada de acero inoxidable Graduaci\u00f3n<\/p>\n","protected":false},"featured_media":77183,"comment_status":"closed","ping_status":"open","template":"","meta":[],"product_brand":[],"product_cat":[15],"product_tag":[],"class_list":{"0":"post-5247","1":"product","2":"type-product","3":"status-publish","4":"has-post-thumbnail","6":"product_cat-uncategorized","8":"first","9":"outofstock","10":"purchasable","11":"product-type-simple"},"jetpack_sharing_enabled":true,"_links":{"self":[{"href":"https:\/\/www.veneciacr.com\/index.php\/wp-json\/wp\/v2\/product\/5247","targetHints":{"allow":["GET"]}}],"collection":[{"href":"https:\/\/www.veneciacr.com\/index.php\/wp-json\/wp\/v2\/product"}],"about":[{"href":"https:\/\/www.veneciacr.com\/index.php\/wp-json\/wp\/v2\/types\/product"}],"replies":[{"embeddable":true,"href":"https:\/\/www.veneciacr.com\/index.php\/wp-json\/wp\/v2\/comments?post=5247"}],"wp:featuredmedia":[{"embeddable":true,"href":"https:\/\/www.veneciacr.com\/index.php\/wp-json\/wp\/v2\/media\/77183"}],"wp:attachment":[{"href":"https:\/\/www.veneciacr.com\/index.php\/wp-json\/wp\/v2\/media?parent=5247"}],"wp:term":[{"taxonomy":"product_brand","embeddable":true,"href":"https:\/\/www.veneciacr.com\/index.php\/wp-json\/wp\/v2\/product_brand?post=5247"},{"taxonomy":"product_cat","embeddable":true,"href":"https:\/\/www.veneciacr.com\/index.php\/wp-json\/wp\/v2\/product_cat?post=5247"},{"taxonomy":"product_tag","embeddable":true,"href":"https:\/\/www.veneciacr.com\/index.php\/wp-json\/wp\/v2\/product_tag?post=5247"}],"curies":[{"name":"wp","href":"https:\/\/api.w.org\/{rel}","templated":true}]}}