{"id":5229,"date":"2026-04-21T04:10:32","date_gmt":"2026-04-21T10:10:32","guid":{"rendered":"http:\/\/34.83.78.142\/index.php\/product\/cortadora-de-azulejo-1320w-caz-el-4-1-2n2-truper-13978\/"},"modified":"2026-04-21T04:10:33","modified_gmt":"2026-04-21T10:10:33","slug":"cortadora-ceramica-1320w-caz-el-4-1-2n2-truper","status":"publish","type":"product","link":"https:\/\/www.veneciacr.com\/index.php\/producto\/cortadora-ceramica-1320w-caz-el-4-1-2n2-truper\/","title":{"rendered":"CORTADORA CERAMICA 1320W CAZ-EL-4-1\/2N2 TRUPER"},"content":{"rendered":"<p><strong>Producto contra pedido,\u00a0 el tiempo de entrega de este producto es de 2 d\u00edas h\u00e1biles.<\/strong><\/p>\n<p>Motor de 1,320 W, montado sobre balero de bolas para mayor vida \u00fatil y mejor desempe\u00f1o<\/p>\n<p>Ajuste r\u00e1pido de profundidad de corte de 0 &#8211; 30 mm<\/p>\n<p>Protecci\u00f3n contra ingreso de polvo o l\u00edquidos<\/p>\n<p>Gu\u00eda de \u00e1ngulo con capacidad de biselado hasta 45\u00b0<\/p>\n<p>Cortes y ranurado en azulejo, cer\u00e1mica, m\u00e1rmol, cantera y materiales de construcci\u00f3n<\/p>\n<div class=\"col-6\">\n<div class=\"table-responsive tabla_border\">\n<table class=\"table table-bordered table_info_prod align-middle m-0\">\n<tbody>\n<tr id=\"tabla_especs\">\n<th class=\"tamanio_th_especs\" scope=\"row\">\n<p class=\"margen_tabla_especs\">Potencia<\/p>\n<\/th>\n<td>\n<p class=\"margen_tabla_especs\">1,320 W<\/p>\n<\/td>\n<\/tr>\n<tr id=\"tabla_especs\">\n<th class=\"tamanio_th_especs\" scope=\"row\">\n<p class=\"margen_tabla_especs\">Disco<\/p>\n<\/th>\n<td>\n<p class=\"margen_tabla_especs\">4 1\/2&#8243; (115 mm)<\/p>\n<\/td>\n<\/tr>\n<tr id=\"tabla_especs\">\n<th class=\"tamanio_th_especs\" scope=\"row\">\n<p class=\"margen_tabla_especs\">Profundidad de corte a 90\u00b0<\/p>\n<\/th>\n<td>\n<p class=\"margen_tabla_especs\">Cer\u00e1mica 1 3\/16&#8243; (30 mm), Cemento 3\/4&#8243; (19 mm) y Azulejo 1&#8243; (25 mm)<\/p>\n<\/td>\n<\/tr>\n<tr id=\"tabla_especs\">\n<th class=\"tamanio_th_especs\" scope=\"row\">\n<p class=\"margen_tabla_especs\">Tensi\u00f3n \/ Frecuencia<\/p>\n<\/th>\n<td>\n<p class=\"margen_tabla_especs\">127 V \/ 60 Hz<\/p>\n<\/td>\n<\/tr>\n<tr id=\"tabla_especs\">\n<th class=\"tamanio_th_especs\" scope=\"row\">\n<p class=\"margen_tabla_especs\">Dimensiones (Largo x Alto)<\/p>\n<\/th>\n<td>\n<p class=\"margen_tabla_especs\">22 cm x 21 cm<\/p>\n<\/td>\n<\/tr>\n<tr id=\"tabla_especs\">\n<th class=\"tamanio_th_especs\" scope=\"row\">\n<p class=\"margen_tabla_especs\">Peso<\/p>\n<\/th>\n<td>\n<p class=\"margen_tabla_especs\">3.2 kg<\/p>\n<\/td>\n<\/tr>\n<\/tbody>\n<\/table>\n<\/div>\n<\/div>\n<div class=\"col-6\">\n<div class=\"table-responsive tabla_border\">\n<table class=\"table table-bordered table_info_prod align-middle m-0\">\n<tbody>\n<tr id=\"tabla_especs\">\n<th class=\"tamanio_th_especs\" scope=\"row\">\n<p class=\"margen_tabla_especs\">Velocidad<\/p>\n<\/th>\n<td>\n<p class=\"margen_tabla_especs\">11,000 rpm<\/p>\n<\/td>\n<\/tr>\n<tr id=\"tabla_especs\">\n<th class=\"tamanio_th_especs\" scope=\"row\">\n<p class=\"margen_tabla_especs\">Eje<\/p>\n<\/th>\n<td>\n<p class=\"margen_tabla_especs\">7\/8&#8243; (22 mm)<\/p>\n<\/td>\n<\/tr>\n<tr id=\"tabla_especs\">\n<th class=\"tamanio_th_especs\" scope=\"row\">\n<p class=\"margen_tabla_especs\">M\u00e1xima capacidad de corte<\/p>\n<\/th>\n<td>\n<p class=\"margen_tabla_especs\">90\u00b0: 1 3\/16&#8243; (30 mm) \/ 45\u00b0: 7\/8&#8243; (22 mm)<\/p>\n<\/td>\n<\/tr>\n<tr id=\"tabla_especs\">\n<th class=\"tamanio_th_especs\" scope=\"row\">\n<p class=\"margen_tabla_especs\">Consumo<\/p>\n<\/th>\n<td>\n<p class=\"margen_tabla_especs\">10.4 A<\/p>\n<\/td>\n<\/tr>\n<tr id=\"tabla_especs\">\n<th class=\"tamanio_th_especs\" scope=\"row\">\n<p class=\"margen_tabla_especs\">Ciclo de trabajo<\/p>\n<\/th>\n<td>\n<p class=\"margen_tabla_especs\">50 minutos de trabajo por 20 minutos de descanso. M\u00e1ximo diario 6 horas<\/p>\n<p>&nbsp;<\/td>\n<\/tr>\n<\/tbody>\n<\/table>\n<\/div>\n<\/div>\n<p>&nbsp;<\/p>\n<p>Incluye:<\/p>\n<div class=\"col-6\">\n<div class=\"table-responsive tabla_border\">\n<table class=\"table table-bordered table_info_prod align-middle m-0\">\n<tbody>\n<tr id=\"tabla_especs\">\n<td>\n<p class=\"margen_tabla_especs\">Disco diamante 4 1\/2&#8243; rin continuo (acabado fino)<\/p>\n<\/td>\n<\/tr>\n<tr id=\"tabla_especs\">\n<td>\n<p class=\"margen_tabla_especs\">2 llaves<\/p>\n<\/td>\n<\/tr>\n<\/tbody>\n<\/table>\n<\/div>\n<\/div>\n<div class=\"col-6\">\n<div class=\"table-responsive tabla_border\">\n<table class=\"table table-bordered table_info_prod align-middle m-0\">\n<tbody>\n<tr id=\"tabla_especs\">\n<td>\n<p class=\"margen_tabla_especs\">Sistema de lubricaci\u00f3n de corte<\/p>\n<\/td>\n<\/tr>\n<tr id=\"tabla_especs\">\n<td>\n<p class=\"margen_tabla_especs\">Carbones de repuesto<\/p>\n<\/td>\n<\/tr>\n<\/tbody>\n<\/table>\n<\/div>\n<\/div>\n","protected":false},"excerpt":{"rendered":"<p>Producto contra pedido,\u00a0 el tiempo de entrega de este producto es de 2 d\u00edas h\u00e1biles. Motor de 1,320 W, montado<\/p>\n","protected":false},"featured_media":77175,"comment_status":"closed","ping_status":"open","template":"","meta":[],"product_brand":[],"product_cat":[152,23],"product_tag":[],"class_list":{"0":"post-5229","1":"product","2":"type-product","3":"status-publish","4":"has-post-thumbnail","6":"product_cat-herramienta-manuales","7":"product_cat-herramientas","9":"first","10":"outofstock","11":"purchasable","12":"product-type-simple"},"jetpack_sharing_enabled":true,"_links":{"self":[{"href":"https:\/\/www.veneciacr.com\/index.php\/wp-json\/wp\/v2\/product\/5229","targetHints":{"allow":["GET"]}}],"collection":[{"href":"https:\/\/www.veneciacr.com\/index.php\/wp-json\/wp\/v2\/product"}],"about":[{"href":"https:\/\/www.veneciacr.com\/index.php\/wp-json\/wp\/v2\/types\/product"}],"replies":[{"embeddable":true,"href":"https:\/\/www.veneciacr.com\/index.php\/wp-json\/wp\/v2\/comments?post=5229"}],"wp:featuredmedia":[{"embeddable":true,"href":"https:\/\/www.veneciacr.com\/index.php\/wp-json\/wp\/v2\/media\/77175"}],"wp:attachment":[{"href":"https:\/\/www.veneciacr.com\/index.php\/wp-json\/wp\/v2\/media?parent=5229"}],"wp:term":[{"taxonomy":"product_brand","embeddable":true,"href":"https:\/\/www.veneciacr.com\/index.php\/wp-json\/wp\/v2\/product_brand?post=5229"},{"taxonomy":"product_cat","embeddable":true,"href":"https:\/\/www.veneciacr.com\/index.php\/wp-json\/wp\/v2\/product_cat?post=5229"},{"taxonomy":"product_tag","embeddable":true,"href":"https:\/\/www.veneciacr.com\/index.php\/wp-json\/wp\/v2\/product_tag?post=5229"}],"curies":[{"name":"wp","href":"https:\/\/api.w.org\/{rel}","templated":true}]}}