{"id":5212,"date":"2026-04-30T02:06:30","date_gmt":"2026-04-30T08:06:30","guid":{"rendered":"http:\/\/34.83.78.142\/index.php\/product\/delantal-de-nylon-20-div-pony-20-truper-15314\/"},"modified":"2026-04-30T02:06:31","modified_gmt":"2026-04-30T08:06:31","slug":"delantal-nylon-20-div-pony-20-pohe-20n-truper","status":"publish","type":"product","link":"https:\/\/www.veneciacr.com\/index.php\/producto\/delantal-nylon-20-div-pony-20-pohe-20n-truper\/","title":{"rendered":"DELANTAL NYLON 20 DIV PONY-20\/POHE-20N TRUPER"},"content":{"rendered":"<p>Medida 62 x 28 cm<br \/>\nCintur\u00f3n ajustable 80 cm &#8211; 138 cm<br \/>\nN\u00famero de compartimentos 20<br \/>\nPeso 810 g<br \/>\nEmpaque Caballete<\/p>\n<p>CARACTER\u00cdSTICAS<br \/>\nFabricado en poli\u00e9ster con forro interno de PVC para larga duraci\u00f3n<br \/>\nCintur\u00f3n ajustable 100% de polipropileno con hebilla de liberaci\u00f3n r\u00e1pida<br \/>\n2 Porta martillos de acero resistentes a la corrosi\u00f3n<br \/>\nClip met\u00e1lico para flex\u00f3metro<\/p>\n<p>USOS<br \/>\nPara electricistas, mec\u00e1nicos, constructores e industria telef\u00f3nica<\/p>\n","protected":false},"excerpt":{"rendered":"<p>Medida 62 x 28 cm Cintur\u00f3n ajustable 80 cm &#8211; 138 cm N\u00famero de compartimentos 20 Peso 810 g Empaque<\/p>\n","protected":false},"featured_media":77166,"comment_status":"closed","ping_status":"open","template":"","meta":[],"product_brand":[],"product_cat":[15],"product_tag":[],"class_list":{"0":"post-5212","1":"product","2":"type-product","3":"status-publish","4":"has-post-thumbnail","6":"product_cat-uncategorized","8":"first","9":"instock","10":"purchasable","11":"product-type-simple"},"jetpack_sharing_enabled":true,"_links":{"self":[{"href":"https:\/\/www.veneciacr.com\/index.php\/wp-json\/wp\/v2\/product\/5212","targetHints":{"allow":["GET"]}}],"collection":[{"href":"https:\/\/www.veneciacr.com\/index.php\/wp-json\/wp\/v2\/product"}],"about":[{"href":"https:\/\/www.veneciacr.com\/index.php\/wp-json\/wp\/v2\/types\/product"}],"replies":[{"embeddable":true,"href":"https:\/\/www.veneciacr.com\/index.php\/wp-json\/wp\/v2\/comments?post=5212"}],"wp:featuredmedia":[{"embeddable":true,"href":"https:\/\/www.veneciacr.com\/index.php\/wp-json\/wp\/v2\/media\/77166"}],"wp:attachment":[{"href":"https:\/\/www.veneciacr.com\/index.php\/wp-json\/wp\/v2\/media?parent=5212"}],"wp:term":[{"taxonomy":"product_brand","embeddable":true,"href":"https:\/\/www.veneciacr.com\/index.php\/wp-json\/wp\/v2\/product_brand?post=5212"},{"taxonomy":"product_cat","embeddable":true,"href":"https:\/\/www.veneciacr.com\/index.php\/wp-json\/wp\/v2\/product_cat?post=5212"},{"taxonomy":"product_tag","embeddable":true,"href":"https:\/\/www.veneciacr.com\/index.php\/wp-json\/wp\/v2\/product_tag?post=5212"}],"curies":[{"name":"wp","href":"https:\/\/api.w.org\/{rel}","templated":true}]}}