{"id":5202,"date":"2026-04-30T02:06:31","date_gmt":"2026-04-30T08:06:31","guid":{"rendered":"http:\/\/34.83.78.142\/index.php\/product\/guante-nylon-c-nitrilo-mediano-gux-nit-m-truper-13294\/"},"modified":"2026-04-30T02:06:32","modified_gmt":"2026-04-30T08:06:32","slug":"guante-nylon-nitrilo-mediano-gu-122-truper","status":"publish","type":"product","link":"https:\/\/www.veneciacr.com\/index.php\/producto\/guante-nylon-nitrilo-mediano-gu-122-truper\/","title":{"rendered":"GUANTE NYLON NITRILO MEDIANO GU-122 TRUPER"},"content":{"rendered":"<p>Fabricados de nylon con recubrimiento de nitrilo liso en palmas<br \/>\nAlta sensibilidad, frescura y flexibilidad<br \/>\nPu\u00f1o tejido que proporciona comodidad y mantiene el guante en su lugar<br \/>\nAlta resistencia a la abrasi\u00f3n<br \/>\nExcelente destreza en superficies secas o h\u00famedas con poca presencia de aceites, solventes y grasas<br \/>\nLavables<\/p>\n<p>ESPECIFICACIONES<br \/>\nTalla: M<br \/>\nColor de recubrimiento: Negro<br \/>\nEmpaque individual: Caballete<\/p>\n<p>Aplicaciones<br \/>\nUsos generales<br \/>\nPara procesos h\u00famedos o secos<br \/>\nPara la industria metalmec\u00e1nica, construcci\u00f3n y mantenimiento<\/p>\n<p>CUIDADOS<br \/>\nTodo equipo de seguridad deber\u00e1 ser inspeccionado antes de utilizarse, para as\u00ed descartar alg\u00fan defecto de fabricaci\u00f3n<br \/>\nMantener alejados del fuego y temperaturas altas<br \/>\nPara su limpieza debe lavarse a mano con agua fr\u00eda, utilizar jab\u00f3n neutro, no exprimir, no utilizar cloro y secar colgado a la sombra<br \/>\nNo planchar<\/p>\n","protected":false},"excerpt":{"rendered":"<p>Fabricados de nylon con recubrimiento de nitrilo liso en palmas Alta sensibilidad, frescura y flexibilidad Pu\u00f1o tejido que proporciona comodidad<\/p>\n","protected":false},"featured_media":78994,"comment_status":"closed","ping_status":"open","template":"","meta":[],"product_brand":[],"product_cat":[23,88],"product_tag":[],"class_list":{"0":"post-5202","1":"product","2":"type-product","3":"status-publish","4":"has-post-thumbnail","6":"product_cat-herramientas","7":"product_cat-proteccion-y-seguridad","9":"first","10":"instock","11":"purchasable","12":"product-type-simple"},"jetpack_sharing_enabled":true,"_links":{"self":[{"href":"https:\/\/www.veneciacr.com\/index.php\/wp-json\/wp\/v2\/product\/5202","targetHints":{"allow":["GET"]}}],"collection":[{"href":"https:\/\/www.veneciacr.com\/index.php\/wp-json\/wp\/v2\/product"}],"about":[{"href":"https:\/\/www.veneciacr.com\/index.php\/wp-json\/wp\/v2\/types\/product"}],"replies":[{"embeddable":true,"href":"https:\/\/www.veneciacr.com\/index.php\/wp-json\/wp\/v2\/comments?post=5202"}],"wp:featuredmedia":[{"embeddable":true,"href":"https:\/\/www.veneciacr.com\/index.php\/wp-json\/wp\/v2\/media\/78994"}],"wp:attachment":[{"href":"https:\/\/www.veneciacr.com\/index.php\/wp-json\/wp\/v2\/media?parent=5202"}],"wp:term":[{"taxonomy":"product_brand","embeddable":true,"href":"https:\/\/www.veneciacr.com\/index.php\/wp-json\/wp\/v2\/product_brand?post=5202"},{"taxonomy":"product_cat","embeddable":true,"href":"https:\/\/www.veneciacr.com\/index.php\/wp-json\/wp\/v2\/product_cat?post=5202"},{"taxonomy":"product_tag","embeddable":true,"href":"https:\/\/www.veneciacr.com\/index.php\/wp-json\/wp\/v2\/product_tag?post=5202"}],"curies":[{"name":"wp","href":"https:\/\/api.w.org\/{rel}","templated":true}]}}