{"id":5200,"date":"2026-04-30T02:06:32","date_gmt":"2026-04-30T08:06:32","guid":{"rendered":"http:\/\/34.83.78.142\/index.php\/product\/guante-nylon-c-nitrilo-grande-gu-123-truper-13295-12042\/"},"modified":"2026-04-30T02:06:32","modified_gmt":"2026-04-30T08:06:32","slug":"guante-nylon-nitrilo-grande-gu-123-truper","status":"publish","type":"product","link":"https:\/\/www.veneciacr.com\/index.php\/producto\/guante-nylon-nitrilo-grande-gu-123-truper\/","title":{"rendered":"GUANTE NYLON NITRILO GRANDE GU-123 TRUPER"},"content":{"rendered":"<p>alla Grande<br \/>\nLongitud 25 cm<br \/>\nColor Negro<br \/>\nPeso 35 g<br \/>\nEmpaque Caballete<\/p>\n<p>CARACTER\u00cdSTICAS<br \/>\nFabricados en nylon con recubrimiento de espuma de nitrilo<br \/>\nRevestimiento sin costuras que ofrece un gran nivel de destreza<br \/>\nSujeci\u00f3n firme en entornos secos y ligeramente aceitosos<br \/>\nM\u00e1xima sensibilidad, resistentes al corte<\/p>\n<p>USOS<br \/>\nPara aplicaciones de montaje ligero en sectores como el automotriz, pl\u00e1sticos, textiles y productos acabados, as\u00ed como para las necesidades de log\u00edstica y almac\u00e9n<\/p>\n","protected":false},"excerpt":{"rendered":"<p>alla Grande Longitud 25 cm Color Negro Peso 35 g Empaque Caballete CARACTER\u00cdSTICAS Fabricados en nylon con recubrimiento de espuma<\/p>\n","protected":false},"featured_media":77160,"comment_status":"closed","ping_status":"open","template":"","meta":[],"product_brand":[],"product_cat":[23,88],"product_tag":[],"class_list":{"0":"post-5200","1":"product","2":"type-product","3":"status-publish","4":"has-post-thumbnail","6":"product_cat-herramientas","7":"product_cat-proteccion-y-seguridad","9":"first","10":"instock","11":"purchasable","12":"product-type-simple"},"jetpack_sharing_enabled":true,"_links":{"self":[{"href":"https:\/\/www.veneciacr.com\/index.php\/wp-json\/wp\/v2\/product\/5200","targetHints":{"allow":["GET"]}}],"collection":[{"href":"https:\/\/www.veneciacr.com\/index.php\/wp-json\/wp\/v2\/product"}],"about":[{"href":"https:\/\/www.veneciacr.com\/index.php\/wp-json\/wp\/v2\/types\/product"}],"replies":[{"embeddable":true,"href":"https:\/\/www.veneciacr.com\/index.php\/wp-json\/wp\/v2\/comments?post=5200"}],"wp:featuredmedia":[{"embeddable":true,"href":"https:\/\/www.veneciacr.com\/index.php\/wp-json\/wp\/v2\/media\/77160"}],"wp:attachment":[{"href":"https:\/\/www.veneciacr.com\/index.php\/wp-json\/wp\/v2\/media?parent=5200"}],"wp:term":[{"taxonomy":"product_brand","embeddable":true,"href":"https:\/\/www.veneciacr.com\/index.php\/wp-json\/wp\/v2\/product_brand?post=5200"},{"taxonomy":"product_cat","embeddable":true,"href":"https:\/\/www.veneciacr.com\/index.php\/wp-json\/wp\/v2\/product_cat?post=5200"},{"taxonomy":"product_tag","embeddable":true,"href":"https:\/\/www.veneciacr.com\/index.php\/wp-json\/wp\/v2\/product_tag?post=5200"}],"curies":[{"name":"wp","href":"https:\/\/api.w.org\/{rel}","templated":true}]}}