{"id":5196,"date":"2026-04-23T02:06:45","date_gmt":"2026-04-23T08:06:45","guid":{"rendered":"http:\/\/34.83.78.142\/index.php\/product\/tope-p-puerta-recto-tore-1-hermex-43786\/"},"modified":"2026-04-23T02:06:46","modified_gmt":"2026-04-23T08:06:46","slug":"tope-puerta-recto-dorado-tore-1-hermex","status":"publish","type":"product","link":"https:\/\/www.veneciacr.com\/index.php\/producto\/tope-puerta-recto-dorado-tore-1-hermex\/","title":{"rendered":"TOPE PUERTA RECTO DORADO TORE-1 HERMEX"},"content":{"rendered":"<p>Met\u00e1lico, acabado lat\u00f3n brillante<\/p>\n<p>Con protecci\u00f3n de hule para absorber impactos<\/p>\n<p>Ayuda a prevenir da\u00f1os en las paredes<\/p>\n","protected":false},"excerpt":{"rendered":"<p>Met\u00e1lico, acabado lat\u00f3n brillante Con protecci\u00f3n de hule para absorber impactos Ayuda a prevenir da\u00f1os en las paredes<\/p>\n","protected":false},"featured_media":77158,"comment_status":"closed","ping_status":"open","template":"","meta":[],"product_brand":[],"product_cat":[31],"product_tag":[],"class_list":{"0":"post-5196","1":"product","2":"type-product","3":"status-publish","4":"has-post-thumbnail","6":"product_cat-puertas","8":"first","9":"instock","10":"purchasable","11":"product-type-simple"},"jetpack_sharing_enabled":true,"_links":{"self":[{"href":"https:\/\/www.veneciacr.com\/index.php\/wp-json\/wp\/v2\/product\/5196","targetHints":{"allow":["GET"]}}],"collection":[{"href":"https:\/\/www.veneciacr.com\/index.php\/wp-json\/wp\/v2\/product"}],"about":[{"href":"https:\/\/www.veneciacr.com\/index.php\/wp-json\/wp\/v2\/types\/product"}],"replies":[{"embeddable":true,"href":"https:\/\/www.veneciacr.com\/index.php\/wp-json\/wp\/v2\/comments?post=5196"}],"wp:featuredmedia":[{"embeddable":true,"href":"https:\/\/www.veneciacr.com\/index.php\/wp-json\/wp\/v2\/media\/77158"}],"wp:attachment":[{"href":"https:\/\/www.veneciacr.com\/index.php\/wp-json\/wp\/v2\/media?parent=5196"}],"wp:term":[{"taxonomy":"product_brand","embeddable":true,"href":"https:\/\/www.veneciacr.com\/index.php\/wp-json\/wp\/v2\/product_brand?post=5196"},{"taxonomy":"product_cat","embeddable":true,"href":"https:\/\/www.veneciacr.com\/index.php\/wp-json\/wp\/v2\/product_cat?post=5196"},{"taxonomy":"product_tag","embeddable":true,"href":"https:\/\/www.veneciacr.com\/index.php\/wp-json\/wp\/v2\/product_tag?post=5196"}],"curies":[{"name":"wp","href":"https:\/\/api.w.org\/{rel}","templated":true}]}}