{"id":5192,"date":"2026-04-21T04:10:43","date_gmt":"2026-04-21T10:10:43","guid":{"rendered":"http:\/\/34.83.78.142\/index.php\/product\/tope-p-puerta-magnetico-dorado-toma-1-hermex-43781\/"},"modified":"2026-04-21T04:10:44","modified_gmt":"2026-04-21T10:10:44","slug":"tope-puerta-magnetico-dorado-toma-1-hermex","status":"publish","type":"product","link":"https:\/\/www.veneciacr.com\/index.php\/producto\/tope-puerta-magnetico-dorado-toma-1-hermex\/","title":{"rendered":"TOPE PUERTA MAGNETICO DORADO TOMA-1 HERMEX"},"content":{"rendered":"<p>Met\u00e1lico, acabado lat\u00f3n<\/p>\n<p>Magn\u00e9tico<\/p>\n<p>F\u00e1cil instalaci\u00f3n<\/p>\n<p>Mantiene la puerta abierta<\/p>\n<p>Ayuda a prevenir da\u00f1os en la puerta y pared<\/p>\n","protected":false},"excerpt":{"rendered":"<p>Met\u00e1lico, acabado lat\u00f3n Magn\u00e9tico F\u00e1cil instalaci\u00f3n Mantiene la puerta abierta Ayuda a prevenir da\u00f1os en la puerta y pared<\/p>\n","protected":false},"featured_media":77156,"comment_status":"closed","ping_status":"open","template":"","meta":[],"product_brand":[],"product_cat":[31],"product_tag":[],"class_list":{"0":"post-5192","1":"product","2":"type-product","3":"status-publish","4":"has-post-thumbnail","6":"product_cat-puertas","8":"first","9":"instock","10":"purchasable","11":"product-type-simple"},"jetpack_sharing_enabled":true,"_links":{"self":[{"href":"https:\/\/www.veneciacr.com\/index.php\/wp-json\/wp\/v2\/product\/5192","targetHints":{"allow":["GET"]}}],"collection":[{"href":"https:\/\/www.veneciacr.com\/index.php\/wp-json\/wp\/v2\/product"}],"about":[{"href":"https:\/\/www.veneciacr.com\/index.php\/wp-json\/wp\/v2\/types\/product"}],"replies":[{"embeddable":true,"href":"https:\/\/www.veneciacr.com\/index.php\/wp-json\/wp\/v2\/comments?post=5192"}],"wp:featuredmedia":[{"embeddable":true,"href":"https:\/\/www.veneciacr.com\/index.php\/wp-json\/wp\/v2\/media\/77156"}],"wp:attachment":[{"href":"https:\/\/www.veneciacr.com\/index.php\/wp-json\/wp\/v2\/media?parent=5192"}],"wp:term":[{"taxonomy":"product_brand","embeddable":true,"href":"https:\/\/www.veneciacr.com\/index.php\/wp-json\/wp\/v2\/product_brand?post=5192"},{"taxonomy":"product_cat","embeddable":true,"href":"https:\/\/www.veneciacr.com\/index.php\/wp-json\/wp\/v2\/product_cat?post=5192"},{"taxonomy":"product_tag","embeddable":true,"href":"https:\/\/www.veneciacr.com\/index.php\/wp-json\/wp\/v2\/product_tag?post=5192"}],"curies":[{"name":"wp","href":"https:\/\/api.w.org\/{rel}","templated":true}]}}