{"id":5148,"date":"2026-04-23T02:06:48","date_gmt":"2026-04-23T08:06:48","guid":{"rendered":"http:\/\/34.83.78.142\/index.php\/product\/medidor-presion-llantas-50lb-mea-50dp-pretul-20182\/"},"modified":"2026-04-23T02:06:49","modified_gmt":"2026-04-23T08:06:49","slug":"medidor-presion-llantas-50lb-mea-50dp-pretul","status":"publish","type":"product","link":"https:\/\/www.veneciacr.com\/index.php\/producto\/medidor-presion-llantas-50lb-mea-50dp-pretul\/","title":{"rendered":"MEDIDOR PRESION LLANTAS 50LB MEA-50DP PRETUL"},"content":{"rendered":"<p>Rango de presi\u00f3n 10 &#8211; 50 PSI<br \/>\nLongitud 14.5 cm<br \/>\nEmpaque Blister<br \/>\nCARACTER\u00cdSTICAS<br \/>\nCuerpo de lat\u00f3n<br \/>\nCabeza doble para v\u00e1lvulas de dif\u00edcil acceso fabricada en zamac<br \/>\nRegleta fabricada de ABS<br \/>\nClip para bolsillo<\/p>\n","protected":false},"excerpt":{"rendered":"<p>Rango de presi\u00f3n 10 &#8211; 50 PSI Longitud 14.5 cm Empaque Blister CARACTER\u00cdSTICAS Cuerpo de lat\u00f3n Cabeza doble para v\u00e1lvulas<\/p>\n","protected":false},"featured_media":77124,"comment_status":"closed","ping_status":"open","template":"","meta":[],"product_brand":[],"product_cat":[15],"product_tag":[],"class_list":{"0":"post-5148","1":"product","2":"type-product","3":"status-publish","4":"has-post-thumbnail","6":"product_cat-uncategorized","8":"first","9":"instock","10":"purchasable","11":"product-type-simple"},"jetpack_sharing_enabled":true,"_links":{"self":[{"href":"https:\/\/www.veneciacr.com\/index.php\/wp-json\/wp\/v2\/product\/5148","targetHints":{"allow":["GET"]}}],"collection":[{"href":"https:\/\/www.veneciacr.com\/index.php\/wp-json\/wp\/v2\/product"}],"about":[{"href":"https:\/\/www.veneciacr.com\/index.php\/wp-json\/wp\/v2\/types\/product"}],"replies":[{"embeddable":true,"href":"https:\/\/www.veneciacr.com\/index.php\/wp-json\/wp\/v2\/comments?post=5148"}],"wp:featuredmedia":[{"embeddable":true,"href":"https:\/\/www.veneciacr.com\/index.php\/wp-json\/wp\/v2\/media\/77124"}],"wp:attachment":[{"href":"https:\/\/www.veneciacr.com\/index.php\/wp-json\/wp\/v2\/media?parent=5148"}],"wp:term":[{"taxonomy":"product_brand","embeddable":true,"href":"https:\/\/www.veneciacr.com\/index.php\/wp-json\/wp\/v2\/product_brand?post=5148"},{"taxonomy":"product_cat","embeddable":true,"href":"https:\/\/www.veneciacr.com\/index.php\/wp-json\/wp\/v2\/product_cat?post=5148"},{"taxonomy":"product_tag","embeddable":true,"href":"https:\/\/www.veneciacr.com\/index.php\/wp-json\/wp\/v2\/product_tag?post=5148"}],"curies":[{"name":"wp","href":"https:\/\/api.w.org\/{rel}","templated":true}]}}