{"id":5118,"date":"2026-04-21T04:11:23","date_gmt":"2026-04-21T10:11:23","guid":{"rendered":"http:\/\/34.83.78.142\/index.php\/product\/gata-carretillo-hidraulica-2-ton-gapa-2-truper\/"},"modified":"2026-04-21T04:11:25","modified_gmt":"2026-04-21T10:11:25","slug":"gata-carretillo-hidraulica-2-ton-gapa-2-truper","status":"publish","type":"product","link":"https:\/\/www.veneciacr.com\/index.php\/producto\/gata-carretillo-hidraulica-2-ton-gapa-2-truper\/","title":{"rendered":"GATA CARRETILLO HIDRAULICA 2 TON GAPA-2 TRUPER"},"content":{"rendered":"<p>ESPECIFICACIONES<br \/>\nCapacidad de carga 2 ton<br \/>\nAltura m\u00e1xima 355 mm<br \/>\nAltura m\u00ednima 125 mm<br \/>\nRecorrido de elevaci\u00f3n 230 mm<br \/>\nLongitud del gato 490 mm<br \/>\nPeso neto 10 kg<br \/>\nEmpaque Caja<\/p>\n<p>CARACTER\u00cdSTICAS<br \/>\nV\u00e1lvula de seguridad que evita la sobrecarga<br \/>\nLlantas traseras giratorias para un f\u00e1cil manejo<br \/>\nEl maneral controla el levantamiento y descenso<\/p>\n<p>USOS<br \/>\nEn talleres mec\u00e1nicos y vulcanizadoras<\/p>\n<p>CUIDADOS<br \/>\nNo sobrepase la capacidad de carga<br \/>\nEste gato est\u00e1 dise\u00f1ado para usarse en superficies duras y niveladas. Usarlo en otra superficie puede ocasionar inestabilidad y p\u00e9rdida de carga<\/p>\n","protected":false},"excerpt":{"rendered":"<p>ESPECIFICACIONES Capacidad de carga 2 ton Altura m\u00e1xima 355 mm Altura m\u00ednima 125 mm Recorrido de elevaci\u00f3n 230 mm Longitud<\/p>\n","protected":false},"featured_media":77107,"comment_status":"closed","ping_status":"open","template":"","meta":[],"product_brand":[],"product_cat":[15],"product_tag":[],"class_list":{"0":"post-5118","1":"product","2":"type-product","3":"status-publish","4":"has-post-thumbnail","6":"product_cat-uncategorized","8":"first","9":"instock","10":"purchasable","11":"product-type-simple"},"jetpack_sharing_enabled":true,"_links":{"self":[{"href":"https:\/\/www.veneciacr.com\/index.php\/wp-json\/wp\/v2\/product\/5118","targetHints":{"allow":["GET"]}}],"collection":[{"href":"https:\/\/www.veneciacr.com\/index.php\/wp-json\/wp\/v2\/product"}],"about":[{"href":"https:\/\/www.veneciacr.com\/index.php\/wp-json\/wp\/v2\/types\/product"}],"replies":[{"embeddable":true,"href":"https:\/\/www.veneciacr.com\/index.php\/wp-json\/wp\/v2\/comments?post=5118"}],"wp:featuredmedia":[{"embeddable":true,"href":"https:\/\/www.veneciacr.com\/index.php\/wp-json\/wp\/v2\/media\/77107"}],"wp:attachment":[{"href":"https:\/\/www.veneciacr.com\/index.php\/wp-json\/wp\/v2\/media?parent=5118"}],"wp:term":[{"taxonomy":"product_brand","embeddable":true,"href":"https:\/\/www.veneciacr.com\/index.php\/wp-json\/wp\/v2\/product_brand?post=5118"},{"taxonomy":"product_cat","embeddable":true,"href":"https:\/\/www.veneciacr.com\/index.php\/wp-json\/wp\/v2\/product_cat?post=5118"},{"taxonomy":"product_tag","embeddable":true,"href":"https:\/\/www.veneciacr.com\/index.php\/wp-json\/wp\/v2\/product_tag?post=5118"}],"curies":[{"name":"wp","href":"https:\/\/api.w.org\/{rel}","templated":true}]}}