{"id":4948,"date":"2026-04-21T04:14:48","date_gmt":"2026-04-21T10:14:48","guid":{"rendered":"http:\/\/34.83.78.142\/index.php\/product\/odometro-c-rueda-4-odm-4-truper\/"},"modified":"2026-04-21T04:14:50","modified_gmt":"2026-04-21T10:14:50","slug":"odometro-con-rueda-4-odm-4-truper","status":"publish","type":"product","link":"https:\/\/www.veneciacr.com\/index.php\/producto\/odometro-con-rueda-4-odm-4-truper\/","title":{"rendered":"ODOMETRO CON RUEDA 4&#8243; ODM-4 TRUPER"},"content":{"rendered":"<p>Cuerpo fabricado en ABS<br \/>\nDoble rueda de poliuretano que facilita el manejo a una mano<br \/>\nMango telesc\u00f3pico con extensi\u00f3n hasta 1 metro<br \/>\nContador autom\u00e1tico de 5 d\u00edgitos en metros y cent\u00edmetros<br \/>\nRecomendado para interiores<br \/>\nPESO<br \/>\nContador autom\u00e0tico en metros y dec\u00ecmetros de 5 d\u00ecgitos<\/p>\n<p>ESPECIFICACIONES<br \/>\nCapacidad m\u00e1x. de medici\u00f3n: 999.99 m<br \/>\nAltura total: 1.06 m<br \/>\nDi\u00e1metro de las ruedas: 4&#8243; (10 cm)<br \/>\nAncho de las ruedas: 2.5 cm<br \/>\nPeso: 540 g<br \/>\nEmpaque individual: Caja<\/p>\n","protected":false},"excerpt":{"rendered":"<p>Cuerpo fabricado en ABS Doble rueda de poliuretano que facilita el manejo a una mano Mango telesc\u00f3pico con extensi\u00f3n hasta<\/p>\n","protected":false},"featured_media":76999,"comment_status":"closed","ping_status":"open","template":"","meta":[],"product_brand":[],"product_cat":[19,92],"product_tag":[],"class_list":{"0":"post-4948","1":"product","2":"type-product","3":"status-publish","4":"has-post-thumbnail","6":"product_cat-ferreteria","7":"product_cat-ruedas","9":"first","10":"instock","11":"purchasable","12":"product-type-simple"},"jetpack_sharing_enabled":true,"_links":{"self":[{"href":"https:\/\/www.veneciacr.com\/index.php\/wp-json\/wp\/v2\/product\/4948","targetHints":{"allow":["GET"]}}],"collection":[{"href":"https:\/\/www.veneciacr.com\/index.php\/wp-json\/wp\/v2\/product"}],"about":[{"href":"https:\/\/www.veneciacr.com\/index.php\/wp-json\/wp\/v2\/types\/product"}],"replies":[{"embeddable":true,"href":"https:\/\/www.veneciacr.com\/index.php\/wp-json\/wp\/v2\/comments?post=4948"}],"wp:featuredmedia":[{"embeddable":true,"href":"https:\/\/www.veneciacr.com\/index.php\/wp-json\/wp\/v2\/media\/76999"}],"wp:attachment":[{"href":"https:\/\/www.veneciacr.com\/index.php\/wp-json\/wp\/v2\/media?parent=4948"}],"wp:term":[{"taxonomy":"product_brand","embeddable":true,"href":"https:\/\/www.veneciacr.com\/index.php\/wp-json\/wp\/v2\/product_brand?post=4948"},{"taxonomy":"product_cat","embeddable":true,"href":"https:\/\/www.veneciacr.com\/index.php\/wp-json\/wp\/v2\/product_cat?post=4948"},{"taxonomy":"product_tag","embeddable":true,"href":"https:\/\/www.veneciacr.com\/index.php\/wp-json\/wp\/v2\/product_tag?post=4948"}],"curies":[{"name":"wp","href":"https:\/\/api.w.org\/{rel}","templated":true}]}}