{"id":4933,"date":"2026-04-21T04:14:56","date_gmt":"2026-04-21T10:14:56","guid":{"rendered":"http:\/\/34.83.78.142\/index.php\/product\/linea-de-vida-cab-5430-18-truper-14446\/"},"modified":"2026-04-21T04:14:57","modified_gmt":"2026-04-21T10:14:57","slug":"linea-de-vida-1-8m-cab-5430-18-truper","status":"publish","type":"product","link":"https:\/\/www.veneciacr.com\/index.php\/producto\/linea-de-vida-1-8m-cab-5430-18-truper\/","title":{"rendered":"LINEA DE VIDA 1.8M CAB-5430-18 TRUPER"},"content":{"rendered":"<p>Cinta fabricada 100% poli\u00e9ster.<br \/>\nGanchos de acero forjado con mecanismo de bloqueo en ambos extremos.<br \/>\nAmortigua el impacto manteniendo una MFA (M\u00e1xima Fuerza de Arresto) 900 lb (4kN).<br \/>\nDistancia m\u00ednima al suelo desde el punto de anclaje 6 m<\/p>\n<p>ESPECIFICACIONES<br \/>\nExtensi\u00f3n hasta 1.1 m<br \/>\nResistencia a la tensi\u00f3n de cinta y gancho 5, 000 lb (22.2 kN)<br \/>\nResistencia de linguete 350 lb (1.55 kN)<br \/>\nLargo 1.8 m<br \/>\nAncho 30 mm<\/p>\n<p>APLICACIONES<br \/>\nPara la industria en general y construcci\u00f3n.<br \/>\nPara uso con arn\u00e9s.<br \/>\nContra ca\u00eddas.<br \/>\nNo use para escalar.<br \/>\nCUIDADOS<br \/>\nNo se recomienda para trabajos donde haya chispas constantes, como soldadura y esmerilado.<br \/>\nLavar a mano con cepillo se cerdas suaves, aplicando \u00fanicamente agua fr\u00eda y jab\u00f3n neutro, secar a la sombra en el medio ambiente normal con tendido horizontal. No exprimir ni planchar.<br \/>\nCuando no se este utilizando el equipo almacene en un lugar lejos de luz directa, elementos degradantes qu\u00edmicos y sus vapores.<\/p>\n","protected":false},"excerpt":{"rendered":"<p>Cinta fabricada 100% poli\u00e9ster. Ganchos de acero forjado con mecanismo de bloqueo en ambos extremos. Amortigua el impacto manteniendo una<\/p>\n","protected":false},"featured_media":76992,"comment_status":"closed","ping_status":"open","template":"","meta":[],"product_brand":[],"product_cat":[15],"product_tag":[],"class_list":{"0":"post-4933","1":"product","2":"type-product","3":"status-publish","4":"has-post-thumbnail","6":"product_cat-uncategorized","8":"first","9":"outofstock","10":"purchasable","11":"product-type-simple"},"jetpack_sharing_enabled":true,"_links":{"self":[{"href":"https:\/\/www.veneciacr.com\/index.php\/wp-json\/wp\/v2\/product\/4933","targetHints":{"allow":["GET"]}}],"collection":[{"href":"https:\/\/www.veneciacr.com\/index.php\/wp-json\/wp\/v2\/product"}],"about":[{"href":"https:\/\/www.veneciacr.com\/index.php\/wp-json\/wp\/v2\/types\/product"}],"replies":[{"embeddable":true,"href":"https:\/\/www.veneciacr.com\/index.php\/wp-json\/wp\/v2\/comments?post=4933"}],"wp:featuredmedia":[{"embeddable":true,"href":"https:\/\/www.veneciacr.com\/index.php\/wp-json\/wp\/v2\/media\/76992"}],"wp:attachment":[{"href":"https:\/\/www.veneciacr.com\/index.php\/wp-json\/wp\/v2\/media?parent=4933"}],"wp:term":[{"taxonomy":"product_brand","embeddable":true,"href":"https:\/\/www.veneciacr.com\/index.php\/wp-json\/wp\/v2\/product_brand?post=4933"},{"taxonomy":"product_cat","embeddable":true,"href":"https:\/\/www.veneciacr.com\/index.php\/wp-json\/wp\/v2\/product_cat?post=4933"},{"taxonomy":"product_tag","embeddable":true,"href":"https:\/\/www.veneciacr.com\/index.php\/wp-json\/wp\/v2\/product_tag?post=4933"}],"curies":[{"name":"wp","href":"https:\/\/api.w.org\/{rel}","templated":true}]}}