{"id":4931,"date":"2026-04-21T04:14:56","date_gmt":"2026-04-21T10:14:56","guid":{"rendered":"http:\/\/34.83.78.142\/index.php\/product\/ancla-de-conexion-p-arnes-90cm-ancla-9-truper\/"},"modified":"2026-04-21T04:14:58","modified_gmt":"2026-04-21T10:14:58","slug":"ancla-conexion-arnes-90cm-ancla-9-truper","status":"publish","type":"product","link":"https:\/\/www.veneciacr.com\/index.php\/producto\/ancla-conexion-arnes-90cm-ancla-9-truper\/","title":{"rendered":"ANCLA CONEXION ARNES 90CM ANCLA-9 TRUPER"},"content":{"rendered":"<p>Tensi\u00f3n m\u00e1xima 2,300 kg<br \/>\nLargo 90 cm<br \/>\nAncho 40 mm<br \/>\nDi\u00e1metro del anillo 61 mm<br \/>\nEmpaque Blister<\/p>\n<p>CARACTER\u00cdSTICAS<br \/>\nCinta fabricada 100% poli\u00e9ster que brinda alta tenacidad<br \/>\nHilo de nylon y kevlar, resistente a la abrasi\u00f3n, rayos UV, qu\u00edmicos y alcaloides<br \/>\nHerraje de acero forjado<br \/>\nAnillo &#8220;D&#8221;<\/p>\n<p>USOS<br \/>\nPermite a la l\u00ednea de vida anclarse a una estructura fija<\/p>\n<p>CUIDADOS<br \/>\nNo usar para escalar<\/p>\n","protected":false},"excerpt":{"rendered":"<p>Tensi\u00f3n m\u00e1xima 2,300 kg Largo 90 cm Ancho 40 mm Di\u00e1metro del anillo 61 mm Empaque Blister CARACTER\u00cdSTICAS Cinta fabricada<\/p>\n","protected":false},"featured_media":76991,"comment_status":"closed","ping_status":"open","template":"","meta":[],"product_brand":[],"product_cat":[19,101],"product_tag":[],"class_list":{"0":"post-4931","1":"product","2":"type-product","3":"status-publish","4":"has-post-thumbnail","6":"product_cat-ferreteria","7":"product_cat-lingas","9":"first","10":"instock","11":"purchasable","12":"product-type-simple"},"jetpack_sharing_enabled":true,"_links":{"self":[{"href":"https:\/\/www.veneciacr.com\/index.php\/wp-json\/wp\/v2\/product\/4931","targetHints":{"allow":["GET"]}}],"collection":[{"href":"https:\/\/www.veneciacr.com\/index.php\/wp-json\/wp\/v2\/product"}],"about":[{"href":"https:\/\/www.veneciacr.com\/index.php\/wp-json\/wp\/v2\/types\/product"}],"replies":[{"embeddable":true,"href":"https:\/\/www.veneciacr.com\/index.php\/wp-json\/wp\/v2\/comments?post=4931"}],"wp:featuredmedia":[{"embeddable":true,"href":"https:\/\/www.veneciacr.com\/index.php\/wp-json\/wp\/v2\/media\/76991"}],"wp:attachment":[{"href":"https:\/\/www.veneciacr.com\/index.php\/wp-json\/wp\/v2\/media?parent=4931"}],"wp:term":[{"taxonomy":"product_brand","embeddable":true,"href":"https:\/\/www.veneciacr.com\/index.php\/wp-json\/wp\/v2\/product_brand?post=4931"},{"taxonomy":"product_cat","embeddable":true,"href":"https:\/\/www.veneciacr.com\/index.php\/wp-json\/wp\/v2\/product_cat?post=4931"},{"taxonomy":"product_tag","embeddable":true,"href":"https:\/\/www.veneciacr.com\/index.php\/wp-json\/wp\/v2\/product_tag?post=4931"}],"curies":[{"name":"wp","href":"https:\/\/api.w.org\/{rel}","templated":true}]}}