{"id":4886,"date":"2026-04-21T04:16:00","date_gmt":"2026-04-21T10:16:00","guid":{"rendered":"http:\/\/34.83.78.142\/index.php\/product\/paq-amarra-plastica-8-100pzs-tran-cin-1820-truper\/"},"modified":"2026-04-21T04:16:02","modified_gmt":"2026-04-21T10:16:02","slug":"paq-amarra-plastica-8-100pzs-tran-cin-1820-truper","status":"publish","type":"product","link":"https:\/\/www.veneciacr.com\/index.php\/producto\/paq-amarra-plastica-8-100pzs-tran-cin-1820-truper\/","title":{"rendered":"PAQ AMARRA PLASTICA 8&#8243; 100PZS TRAN CIN-1820 TRUPER"},"content":{"rendered":"<p>PAQ AMARRA PLASTICA 8&#8243; 100PZS TRAN CIN-1820 TRUPER<\/p>\n<p>ESPECIFICACIONES<br \/>\nTensi\u00f3n 18 lb<br \/>\nLongitud 200 mm<br \/>\nAncho 2.5 mm<br \/>\nPiezas por bolsa 100<br \/>\nEmpaque Caballete<\/p>\n<p>CARACTER\u00cdSTICAS<br \/>\nFabricados en nylon color natural<br \/>\nSeguro autom\u00e1tico<\/p>\n<p>USOS<br \/>\n\u00datiles para bolsas de basura, equipaje, almac\u00e9n, herramientas, artesan\u00edas, campamento, jard\u00edn, mec\u00e1nica, el\u00e9ctricos, seguridad, etc\u00e9tera<\/p>\n","protected":false},"excerpt":{"rendered":"<p>PAQ AMARRA PLASTICA 8&#8243; 100PZS TRAN CIN-1820 TRUPER ESPECIFICACIONES Tensi\u00f3n 18 lb Longitud 200 mm Ancho 2.5 mm Piezas por<\/p>\n","protected":false},"featured_media":97662,"comment_status":"closed","ping_status":"open","template":"","meta":[],"product_brand":[],"product_cat":[15],"product_tag":[],"class_list":{"0":"post-4886","1":"product","2":"type-product","3":"status-publish","4":"has-post-thumbnail","6":"product_cat-uncategorized","8":"first","9":"outofstock","10":"purchasable","11":"product-type-simple"},"jetpack_sharing_enabled":true,"_links":{"self":[{"href":"https:\/\/www.veneciacr.com\/index.php\/wp-json\/wp\/v2\/product\/4886","targetHints":{"allow":["GET"]}}],"collection":[{"href":"https:\/\/www.veneciacr.com\/index.php\/wp-json\/wp\/v2\/product"}],"about":[{"href":"https:\/\/www.veneciacr.com\/index.php\/wp-json\/wp\/v2\/types\/product"}],"replies":[{"embeddable":true,"href":"https:\/\/www.veneciacr.com\/index.php\/wp-json\/wp\/v2\/comments?post=4886"}],"wp:featuredmedia":[{"embeddable":true,"href":"https:\/\/www.veneciacr.com\/index.php\/wp-json\/wp\/v2\/media\/97662"}],"wp:attachment":[{"href":"https:\/\/www.veneciacr.com\/index.php\/wp-json\/wp\/v2\/media?parent=4886"}],"wp:term":[{"taxonomy":"product_brand","embeddable":true,"href":"https:\/\/www.veneciacr.com\/index.php\/wp-json\/wp\/v2\/product_brand?post=4886"},{"taxonomy":"product_cat","embeddable":true,"href":"https:\/\/www.veneciacr.com\/index.php\/wp-json\/wp\/v2\/product_cat?post=4886"},{"taxonomy":"product_tag","embeddable":true,"href":"https:\/\/www.veneciacr.com\/index.php\/wp-json\/wp\/v2\/product_tag?post=4886"}],"curies":[{"name":"wp","href":"https:\/\/api.w.org\/{rel}","templated":true}]}}