{"id":4884,"date":"2026-04-21T04:18:10","date_gmt":"2026-04-21T10:18:10","guid":{"rendered":"http:\/\/34.83.78.142\/index.php\/product\/enchufe-50a-3p-4w-4p-21-aguila-5868\/"},"modified":"2026-04-21T04:18:12","modified_gmt":"2026-04-21T10:18:12","slug":"enchufe-50a-3p-4w-4p-21-eagle","status":"publish","type":"product","link":"https:\/\/www.veneciacr.com\/index.php\/producto\/enchufe-50a-3p-4w-4p-21-eagle\/","title":{"rendered":"ENCHUFE 50A 3P-4W 4P #21 EAGLE"},"content":{"rendered":"<div class=\"StyleWrapper_wrapper \">\n<div class=\"Details_description\">\n<div id=\"description_i8g8c3zru\" class=\"fr-view\">El enchufe 3 Polos 21 &#8211; EAGLE es la soluci\u00f3n perfecta para aplicaciones comerciales robustas. Su construcci\u00f3n de alta resistencia mec\u00e1nica garantiza durabilidad y rendimiento confiable. Dise\u00f1ado de manera robusta y compacta, cumple con las especificaciones de grado comercial. Incluye una patilla intercambiable en forma de &#8220;L&#8221; para conexiones de 30 amperios y un sistema que facilita el cableado. Fabricado con materiales de alta calidad, como el cuerpo de termoestable y contactos de bronce. Con capacidad para 30A y 125\/250 voltios, este enchufe tambi\u00e9n es compatible con 50A 125\/250V~. Cuenta con conexi\u00f3n de 3 polos y 4 hilos, ideal para proyectos comerciales. Cumple con est\u00e1ndares y normativas, incluyendo certificaciones NOM-ANCE y UL.<\/div>\n<\/div>\n<\/div>\n<div class=\"StyleWrapper_wrapper \">\n<h2>Especificaciones<\/h2>\n<div id=\"ML_mainId\">\n<table>\n<tbody>\n<tr>\n<td>Dise\u00f1o Robusto y Compacto:<\/td>\n<td align=\"left\">S\u00ed<\/td>\n<td><\/td>\n<td>F\u00e1cil Cableado:<\/td>\n<td align=\"left\">S\u00ed<\/td>\n<\/tr>\n<tr>\n<td>Grado Comercial:<\/td>\n<td align=\"left\">S\u00ed<\/td>\n<td><\/td>\n<td>Material de los Contactos:<\/td>\n<td align=\"left\">Bronce<\/td>\n<\/tr>\n<tr>\n<td>Certificaciones:<\/td>\n<td align=\"left\">NOM-ANCE, UL<\/td>\n<td><\/td>\n<td>Material del Cuerpo:<\/td>\n<td align=\"left\">Termoestable<\/td>\n<\/tr>\n<tr>\n<td>Capacidad de Corriente:<\/td>\n<td align=\"left\">30 amperios<\/td>\n<td><\/td>\n<td>Voltaje Nominal:<\/td>\n<td align=\"left\">125\/250 voltios<\/td>\n<\/tr>\n<tr>\n<td>Tipo de Enchufe:<\/td>\n<td align=\"left\">NEMA 14-30P, NEMA 14-50P<\/td>\n<td><\/td>\n<td>Tipo de Cable Compatible:<\/td>\n<td align=\"left\">#10 &#8211; #4 AWG de cobre o aluminio<\/td>\n<\/tr>\n<\/tbody>\n<\/table>\n<\/div>\n<\/div>\n","protected":false},"excerpt":{"rendered":"<p>El enchufe 3 Polos 21 &#8211; EAGLE es la soluci\u00f3n perfecta para aplicaciones comerciales robustas. Su construcci\u00f3n de alta resistencia<\/p>\n","protected":false},"featured_media":76906,"comment_status":"closed","ping_status":"open","template":"","meta":[],"product_brand":[],"product_cat":[80],"product_tag":[],"class_list":{"0":"post-4884","1":"product","2":"type-product","3":"status-publish","4":"has-post-thumbnail","6":"product_cat-electrico","8":"first","9":"instock","10":"purchasable","11":"product-type-simple"},"jetpack_sharing_enabled":true,"_links":{"self":[{"href":"https:\/\/www.veneciacr.com\/index.php\/wp-json\/wp\/v2\/product\/4884","targetHints":{"allow":["GET"]}}],"collection":[{"href":"https:\/\/www.veneciacr.com\/index.php\/wp-json\/wp\/v2\/product"}],"about":[{"href":"https:\/\/www.veneciacr.com\/index.php\/wp-json\/wp\/v2\/types\/product"}],"replies":[{"embeddable":true,"href":"https:\/\/www.veneciacr.com\/index.php\/wp-json\/wp\/v2\/comments?post=4884"}],"wp:featuredmedia":[{"embeddable":true,"href":"https:\/\/www.veneciacr.com\/index.php\/wp-json\/wp\/v2\/media\/76906"}],"wp:attachment":[{"href":"https:\/\/www.veneciacr.com\/index.php\/wp-json\/wp\/v2\/media?parent=4884"}],"wp:term":[{"taxonomy":"product_brand","embeddable":true,"href":"https:\/\/www.veneciacr.com\/index.php\/wp-json\/wp\/v2\/product_brand?post=4884"},{"taxonomy":"product_cat","embeddable":true,"href":"https:\/\/www.veneciacr.com\/index.php\/wp-json\/wp\/v2\/product_cat?post=4884"},{"taxonomy":"product_tag","embeddable":true,"href":"https:\/\/www.veneciacr.com\/index.php\/wp-json\/wp\/v2\/product_tag?post=4884"}],"curies":[{"name":"wp","href":"https:\/\/api.w.org\/{rel}","templated":true}]}}