{"id":4876,"date":"2026-04-21T04:18:20","date_gmt":"2026-04-21T10:18:20","guid":{"rendered":"http:\/\/34.83.78.142\/index.php\/product\/disco-de-sierra-10-60d-1-st-1060e-truper\/"},"modified":"2026-04-21T04:18:22","modified_gmt":"2026-04-21T10:18:22","slug":"disco-sierra-10-60d-1-st-1060e-truper","status":"publish","type":"product","link":"https:\/\/www.veneciacr.com\/index.php\/producto\/disco-sierra-10-60d-1-st-1060e-truper\/","title":{"rendered":"DISCO SIERRA 10&#8243; 60D 1&#8243; ST-1060E TRUPER"},"content":{"rendered":"<p>Di\u00e1metro 10&#8243; (254mm)<br \/>\nCentro 1&#8243; (25.4mm)<br \/>\nN\u00famero de dientes 60<br \/>\nVelocidad m\u00e1xima 5,700 rpm<br \/>\nEmpaque Estuche pl\u00e1stico<\/p>\n<p>CARACTER\u00cdSTICAS<br \/>\nCuerpo de acero con tratamiento t\u00e9rmico y dientes de carburo de tungsteno, balanceado para mayor estabilidad<br \/>\nDientes con biselado alterno (un diente hacia la derecha y otro a la izquierda)<br \/>\nSoldadura de alta frecuencia mejorada que evita el desprendimiento de los insertos de carburo<br \/>\nRanuras de expansi\u00f3n que reducen la vibraci\u00f3n, el sonido y la generaci\u00f3n de calor<\/p>\n<p>USOS<br \/>\nPara cortes transversales y longitudinales de madera<br \/>\nPara sierras de inglete port\u00e1tiles y de mesa<\/p>\n","protected":false},"excerpt":{"rendered":"<p>Di\u00e1metro 10&#8243; (254mm) Centro 1&#8243; (25.4mm) N\u00famero de dientes 60 Velocidad m\u00e1xima 5,700 rpm Empaque Estuche pl\u00e1stico CARACTER\u00cdSTICAS Cuerpo de<\/p>\n","protected":false},"featured_media":76896,"comment_status":"closed","ping_status":"open","template":"","meta":[],"product_brand":[],"product_cat":[86,23],"product_tag":[],"class_list":{"0":"post-4876","1":"product","2":"type-product","3":"status-publish","4":"has-post-thumbnail","6":"product_cat-accesorios-para-herramientas-electricas","7":"product_cat-herramientas","9":"first","10":"instock","11":"purchasable","12":"product-type-simple"},"jetpack_sharing_enabled":true,"_links":{"self":[{"href":"https:\/\/www.veneciacr.com\/index.php\/wp-json\/wp\/v2\/product\/4876","targetHints":{"allow":["GET"]}}],"collection":[{"href":"https:\/\/www.veneciacr.com\/index.php\/wp-json\/wp\/v2\/product"}],"about":[{"href":"https:\/\/www.veneciacr.com\/index.php\/wp-json\/wp\/v2\/types\/product"}],"replies":[{"embeddable":true,"href":"https:\/\/www.veneciacr.com\/index.php\/wp-json\/wp\/v2\/comments?post=4876"}],"wp:featuredmedia":[{"embeddable":true,"href":"https:\/\/www.veneciacr.com\/index.php\/wp-json\/wp\/v2\/media\/76896"}],"wp:attachment":[{"href":"https:\/\/www.veneciacr.com\/index.php\/wp-json\/wp\/v2\/media?parent=4876"}],"wp:term":[{"taxonomy":"product_brand","embeddable":true,"href":"https:\/\/www.veneciacr.com\/index.php\/wp-json\/wp\/v2\/product_brand?post=4876"},{"taxonomy":"product_cat","embeddable":true,"href":"https:\/\/www.veneciacr.com\/index.php\/wp-json\/wp\/v2\/product_cat?post=4876"},{"taxonomy":"product_tag","embeddable":true,"href":"https:\/\/www.veneciacr.com\/index.php\/wp-json\/wp\/v2\/product_tag?post=4876"}],"curies":[{"name":"wp","href":"https:\/\/api.w.org\/{rel}","templated":true}]}}