{"id":4872,"date":"2026-04-21T04:18:23","date_gmt":"2026-04-21T10:18:23","guid":{"rendered":"http:\/\/34.83.78.142\/index.php\/product\/placa-plastica-1gang-blanca-2151w-aguila\/"},"modified":"2026-04-21T04:18:24","modified_gmt":"2026-04-21T10:18:24","slug":"placa-plastica-1gang-blanca-2151w-eagle","status":"publish","type":"product","link":"https:\/\/www.veneciacr.com\/index.php\/producto\/placa-plastica-1gang-blanca-2151w-eagle\/","title":{"rendered":"PLACA PLASTICA 1GANG BLANCA 2151W EAGLE"},"content":{"rendered":"<p>Conquista tus espacios con la Placa Sencilla Decor 2151 W de EAGLE. Dise\u00f1o montaje al ras resistente a deformaciones para una est\u00e9tica impecable. Los tornillos de montaje incluidos facilitan la instalaci\u00f3n. Fabricada con policarbonato de alta calidad, esta placa es resistente a manchas y f\u00e1cil de limpiar. Acorde a est\u00e1ndares NEMA WD-6 y con registro UL E327857, esta placa es la elecci\u00f3n ideal para un estilo que perdura.<\/p>\n","protected":false},"excerpt":{"rendered":"<p>Conquista tus espacios con la Placa Sencilla Decor 2151 W de EAGLE. Dise\u00f1o montaje al ras resistente a deformaciones para<\/p>\n","protected":false},"featured_media":76893,"comment_status":"closed","ping_status":"open","template":"","meta":[],"product_brand":[],"product_cat":[80,157],"product_tag":[],"class_list":{"0":"post-4872","1":"product","2":"type-product","3":"status-publish","4":"has-post-thumbnail","6":"product_cat-electrico","7":"product_cat-plaqueria","9":"first","10":"instock","11":"purchasable","12":"product-type-simple"},"jetpack_sharing_enabled":true,"_links":{"self":[{"href":"https:\/\/www.veneciacr.com\/index.php\/wp-json\/wp\/v2\/product\/4872","targetHints":{"allow":["GET"]}}],"collection":[{"href":"https:\/\/www.veneciacr.com\/index.php\/wp-json\/wp\/v2\/product"}],"about":[{"href":"https:\/\/www.veneciacr.com\/index.php\/wp-json\/wp\/v2\/types\/product"}],"replies":[{"embeddable":true,"href":"https:\/\/www.veneciacr.com\/index.php\/wp-json\/wp\/v2\/comments?post=4872"}],"wp:featuredmedia":[{"embeddable":true,"href":"https:\/\/www.veneciacr.com\/index.php\/wp-json\/wp\/v2\/media\/76893"}],"wp:attachment":[{"href":"https:\/\/www.veneciacr.com\/index.php\/wp-json\/wp\/v2\/media?parent=4872"}],"wp:term":[{"taxonomy":"product_brand","embeddable":true,"href":"https:\/\/www.veneciacr.com\/index.php\/wp-json\/wp\/v2\/product_brand?post=4872"},{"taxonomy":"product_cat","embeddable":true,"href":"https:\/\/www.veneciacr.com\/index.php\/wp-json\/wp\/v2\/product_cat?post=4872"},{"taxonomy":"product_tag","embeddable":true,"href":"https:\/\/www.veneciacr.com\/index.php\/wp-json\/wp\/v2\/product_tag?post=4872"}],"curies":[{"name":"wp","href":"https:\/\/api.w.org\/{rel}","templated":true}]}}