{"id":4866,"date":"2026-04-21T04:18:26","date_gmt":"2026-04-21T10:18:26","guid":{"rendered":"http:\/\/34.83.78.142\/index.php\/product\/bomba-p-agua-1-1-2-elect-uso-rudo-bos-1-1-2sm-truper\/"},"modified":"2026-04-21T04:18:28","modified_gmt":"2026-04-21T10:18:28","slug":"bomba-sumergible-agua-sucia-rudo-1-5-hp-bos-1-1-2sm-truper","status":"publish","type":"product","link":"https:\/\/www.veneciacr.com\/index.php\/producto\/bomba-sumergible-agua-sucia-rudo-1-5-hp-bos-1-1-2sm-truper\/","title":{"rendered":"BOMBA SUMERGIBLE AGUA SUCIA RUDO 1.5 HP BOS-1-1\/2SM TRUPER"},"content":{"rendered":"<p>Potencia 1 1\/2 HP (1,100W)<br \/>\nTensi\u00f3n 120 V<br \/>\nFrecuencia 60 Hz<br \/>\nVelocidad 3,450 rpm<br \/>\nFlujo m\u00e1ximo 16,980 L\/h<br \/>\nAltura m\u00e1xima 8.5 m<br \/>\nM\u00e1xima profundidad 7 m<br \/>\nDi\u00e1metros de salida 1&#8243; (25.4mm), 1 1\/4&#8243; (31.8mm) y 1 1\/2&#8243; (38.1mm)<br \/>\nLongitud del cuerpo 36.9 cm<br \/>\nDi\u00e1metro del cuerpo 16.3 cm<br \/>\nCable de alimentaci\u00f3n 8.5 m<br \/>\nPeso 6.5 kg<br \/>\nEmpaque Caja<\/p>\n<p>Incluye:<br \/>\n1 Accesorio universal<br \/>\n1 Adaptador para manguera<br \/>\n1 Cuerda de polipropileno de 7 m<\/p>\n<p>CARACTER\u00cdSTICAS<br \/>\nCuerpo fabricado en acero inoxidable<br \/>\nInterruptor flotador para operaci\u00f3n autom\u00e1tica<br \/>\nConector pl\u00e1stico con adaptador para manguera<br \/>\nProtector t\u00e9rmico de reestablecimiento autom\u00e1tico<\/p>\n<p>USOS<br \/>\nPara uso dom\u00e9stico en granjas, desag\u00fces, fuentes, etc\u00e9tera<br \/>\nIdeal para sacar agua con part\u00edculas de hasta 35 mm<\/p>\n<p>CUIDADOS<br \/>\nSoporta 50 minutos de trabajo por 20 minutos de descanso. M\u00e1ximo diario 6 horas<\/p>\n","protected":false},"excerpt":{"rendered":"<p>Potencia 1 1\/2 HP (1,100W) Tensi\u00f3n 120 V Frecuencia 60 Hz Velocidad 3,450 rpm Flujo m\u00e1ximo 16,980 L\/h Altura m\u00e1xima<\/p>\n","protected":false},"featured_media":76886,"comment_status":"closed","ping_status":"open","template":"","meta":[],"product_brand":[],"product_cat":[15],"product_tag":[],"class_list":{"0":"post-4866","1":"product","2":"type-product","3":"status-publish","4":"has-post-thumbnail","6":"product_cat-uncategorized","8":"first","9":"outofstock","10":"purchasable","11":"product-type-simple"},"jetpack_sharing_enabled":true,"_links":{"self":[{"href":"https:\/\/www.veneciacr.com\/index.php\/wp-json\/wp\/v2\/product\/4866","targetHints":{"allow":["GET"]}}],"collection":[{"href":"https:\/\/www.veneciacr.com\/index.php\/wp-json\/wp\/v2\/product"}],"about":[{"href":"https:\/\/www.veneciacr.com\/index.php\/wp-json\/wp\/v2\/types\/product"}],"replies":[{"embeddable":true,"href":"https:\/\/www.veneciacr.com\/index.php\/wp-json\/wp\/v2\/comments?post=4866"}],"wp:featuredmedia":[{"embeddable":true,"href":"https:\/\/www.veneciacr.com\/index.php\/wp-json\/wp\/v2\/media\/76886"}],"wp:attachment":[{"href":"https:\/\/www.veneciacr.com\/index.php\/wp-json\/wp\/v2\/media?parent=4866"}],"wp:term":[{"taxonomy":"product_brand","embeddable":true,"href":"https:\/\/www.veneciacr.com\/index.php\/wp-json\/wp\/v2\/product_brand?post=4866"},{"taxonomy":"product_cat","embeddable":true,"href":"https:\/\/www.veneciacr.com\/index.php\/wp-json\/wp\/v2\/product_cat?post=4866"},{"taxonomy":"product_tag","embeddable":true,"href":"https:\/\/www.veneciacr.com\/index.php\/wp-json\/wp\/v2\/product_tag?post=4866"}],"curies":[{"name":"wp","href":"https:\/\/api.w.org\/{rel}","templated":true}]}}