{"id":4815,"date":"2026-04-21T04:19:17","date_gmt":"2026-04-21T10:19:17","guid":{"rendered":"http:\/\/34.83.78.142\/index.php\/product\/porta-mangueras-carrete-porma-50-truper\/"},"modified":"2026-04-21T04:19:17","modified_gmt":"2026-04-21T10:19:17","slug":"porta-mangueras-carrete-porma-50-truper","status":"publish","type":"product","link":"https:\/\/www.veneciacr.com\/index.php\/producto\/porta-mangueras-carrete-porma-50-truper\/","title":{"rendered":"PORTA MANGUERAS CARRETE PORMA-50 TRUPER"},"content":{"rendered":"<p>PORTA MANGUERAS CARRETE PORMA-50 TRUPER<\/p>\n<p>CAPACIDAD:<br \/>\nMANGUERA 25 METROS<\/p>\n<p>CARACTERISTICAS:<\/p>\n<p>&#8211; Fabricado en polipropileno de alto impacto.<br \/>\n&#8211; Extensi\u00f3n con conexi\u00f3n de lat\u00f3n para unir a la toma de agua.<br \/>\n&#8211; Carrete con manija de rebobinado.<br \/>\n&#8211; Soporte para fijar a la pared.<br \/>\n&#8211; Conexi\u00f3n: 3\/4&#8243; (11.5 NH).<br \/>\n&#8211; Altura:380 mm.<br \/>\n&#8211; Ancho: 379 mm.<br \/>\n&#8211; Longitud de extensi\u00f3n: 955 mm.<br \/>\n&#8211; Peso: 1.6 kg.<\/p>\n","protected":false},"excerpt":{"rendered":"<p>PORTA MANGUERAS CARRETE PORMA-50 TRUPER CAPACIDAD: MANGUERA 25 METROS CARACTERISTICAS: &#8211; Fabricado en polipropileno de alto impacto. &#8211; Extensi\u00f3n con<\/p>\n","protected":false},"featured_media":76832,"comment_status":"closed","ping_status":"open","template":"","meta":[],"product_brand":[],"product_cat":[15],"product_tag":[],"class_list":{"0":"post-4815","1":"product","2":"type-product","3":"status-publish","4":"has-post-thumbnail","6":"product_cat-uncategorized","8":"first","9":"instock","10":"purchasable","11":"product-type-simple"},"jetpack_sharing_enabled":true,"_links":{"self":[{"href":"https:\/\/www.veneciacr.com\/index.php\/wp-json\/wp\/v2\/product\/4815","targetHints":{"allow":["GET"]}}],"collection":[{"href":"https:\/\/www.veneciacr.com\/index.php\/wp-json\/wp\/v2\/product"}],"about":[{"href":"https:\/\/www.veneciacr.com\/index.php\/wp-json\/wp\/v2\/types\/product"}],"replies":[{"embeddable":true,"href":"https:\/\/www.veneciacr.com\/index.php\/wp-json\/wp\/v2\/comments?post=4815"}],"wp:featuredmedia":[{"embeddable":true,"href":"https:\/\/www.veneciacr.com\/index.php\/wp-json\/wp\/v2\/media\/76832"}],"wp:attachment":[{"href":"https:\/\/www.veneciacr.com\/index.php\/wp-json\/wp\/v2\/media?parent=4815"}],"wp:term":[{"taxonomy":"product_brand","embeddable":true,"href":"https:\/\/www.veneciacr.com\/index.php\/wp-json\/wp\/v2\/product_brand?post=4815"},{"taxonomy":"product_cat","embeddable":true,"href":"https:\/\/www.veneciacr.com\/index.php\/wp-json\/wp\/v2\/product_cat?post=4815"},{"taxonomy":"product_tag","embeddable":true,"href":"https:\/\/www.veneciacr.com\/index.php\/wp-json\/wp\/v2\/product_tag?post=4815"}],"curies":[{"name":"wp","href":"https:\/\/api.w.org\/{rel}","templated":true}]}}