{"id":4814,"date":"2026-04-21T04:19:19","date_gmt":"2026-04-21T10:19:19","guid":{"rendered":"http:\/\/34.83.78.142\/index.php\/product\/grapa-p-engrapadora-neumatica-5-8-eneu-1-4-16-truper\/"},"modified":"2026-04-21T04:19:21","modified_gmt":"2026-04-21T10:19:21","slug":"grapa-engrapadora-neu-5-8-graneu-1-4-16-truper","status":"publish","type":"product","link":"https:\/\/www.veneciacr.com\/index.php\/producto\/grapa-engrapadora-neu-5-8-graneu-1-4-16-truper\/","title":{"rendered":"GRAPA ENGRAPADORA NEU 5\/8&#8243; GRANEU-1\/4-16 TRUPER"},"content":{"rendered":"<p>Longitud 5\/8&#8243; (15.6mm)<br \/>\nCorona 1\/4&#8243; (6.3mm)<br \/>\nGrosor de pata 1\/20&#8243; (1.27mm)<br \/>\nCalibre 18<br \/>\nModelo al que aplica ENEU-1\/4<br \/>\nEmpaque Caja con 5000 pzas.<\/p>\n<p>CARACTER\u00cdSTICAS<br \/>\nFabricadas en acero<\/p>\n<p>USOS<br \/>\nPara exhibidores, persianas, tela, tapicer\u00eda ligera, pl\u00e1stico, etc\u00e9tera<\/p>\n","protected":false},"excerpt":{"rendered":"<p>Longitud 5\/8&#8243; (15.6mm) Corona 1\/4&#8243; (6.3mm) Grosor de pata 1\/20&#8243; (1.27mm) Calibre 18 Modelo al que aplica ENEU-1\/4 Empaque Caja<\/p>\n","protected":false},"featured_media":96268,"comment_status":"closed","ping_status":"open","template":"","meta":[],"product_brand":[],"product_cat":[98,19],"product_tag":[],"class_list":{"0":"post-4814","1":"product","2":"type-product","3":"status-publish","4":"has-post-thumbnail","6":"product_cat-clavos-y-grapas","7":"product_cat-ferreteria","9":"first","10":"instock","11":"purchasable","12":"product-type-simple"},"jetpack_sharing_enabled":true,"_links":{"self":[{"href":"https:\/\/www.veneciacr.com\/index.php\/wp-json\/wp\/v2\/product\/4814","targetHints":{"allow":["GET"]}}],"collection":[{"href":"https:\/\/www.veneciacr.com\/index.php\/wp-json\/wp\/v2\/product"}],"about":[{"href":"https:\/\/www.veneciacr.com\/index.php\/wp-json\/wp\/v2\/types\/product"}],"replies":[{"embeddable":true,"href":"https:\/\/www.veneciacr.com\/index.php\/wp-json\/wp\/v2\/comments?post=4814"}],"wp:featuredmedia":[{"embeddable":true,"href":"https:\/\/www.veneciacr.com\/index.php\/wp-json\/wp\/v2\/media\/96268"}],"wp:attachment":[{"href":"https:\/\/www.veneciacr.com\/index.php\/wp-json\/wp\/v2\/media?parent=4814"}],"wp:term":[{"taxonomy":"product_brand","embeddable":true,"href":"https:\/\/www.veneciacr.com\/index.php\/wp-json\/wp\/v2\/product_brand?post=4814"},{"taxonomy":"product_cat","embeddable":true,"href":"https:\/\/www.veneciacr.com\/index.php\/wp-json\/wp\/v2\/product_cat?post=4814"},{"taxonomy":"product_tag","embeddable":true,"href":"https:\/\/www.veneciacr.com\/index.php\/wp-json\/wp\/v2\/product_tag?post=4814"}],"curies":[{"name":"wp","href":"https:\/\/api.w.org\/{rel}","templated":true}]}}