{"id":4753,"date":"2026-04-21T04:22:25","date_gmt":"2026-04-21T10:22:25","guid":{"rendered":"http:\/\/34.83.78.142\/index.php\/product\/bombillo-espiral-55w-f-55ec-voltech\/"},"modified":"2026-04-21T04:22:26","modified_gmt":"2026-04-21T10:22:26","slug":"bombillo-espiral-55w-f-55ec-volteck","status":"publish","type":"product","link":"https:\/\/www.veneciacr.com\/index.php\/producto\/bombillo-espiral-55w-f-55ec-volteck\/","title":{"rendered":"BOMBILLO ESPIRAL 55W F-55EC VOLTECK"},"content":{"rendered":"<p>Lampara fluorescente compacta autobalastrada<br \/>\nMayor luminosidad que otras marcas.<br \/>\n72% ahorro de energ\u00eda.<br \/>\nEncendido instant\u00e1neo.<br \/>\nC\u00e1lculo de vida considerando 1,000 hrs x a\u00f1o<br \/>\nLarga duraci\u00f3n de vida con la que se olvidar\u00e1 de reemplazos constantes.<br \/>\nProporcionan un flujo luminoso igual al de los focos tradicionales pero con un menor consumo de energ\u00eda.<br \/>\nEntre m\u00e1s l\u00famenes mayor luminosidad.<\/p>\n<p>USOS<br \/>\nIdeal en ambientes donde se requiera mucha luz<br \/>\nPara usarse en bodega, comercios y luminaria suburbana.<br \/>\nCUIDADOS<br \/>\nNo utilice con atenuadores (dimmers)<\/p>\n<p>NORMA<br \/>\nCumple la norma: NOM-017-ENER\/SCFI<\/p>\n<p>ESPECIFICACIONES<br \/>\nPotencia (Consumo) 55 W<br \/>\nEquivalencia (Ilumina) 200 W<br \/>\nFlujo luminoso 3 300 lm<br \/>\nEficacia 60 lm\/W<br \/>\nTiempo de vida 10 000 h<br \/>\nTensi\u00f3n 127 V<br \/>\nFrecuencia 60 Hz<br \/>\nCorriente 870 mA<br \/>\nTipo de luz D\u00eda<br \/>\nTemperatura de color 6 500 k<br \/>\nIRC 77<br \/>\nTipo de base E26 \/ E27<br \/>\nDi\u00e1metro del tubo T5<br \/>\nLargo de la l\u00e1mpara 264 mm<br \/>\nDi\u00e1metro de la l\u00e1mpara 79 mm<\/p>\n","protected":false},"excerpt":{"rendered":"<p>Lampara fluorescente compacta autobalastrada Mayor luminosidad que otras marcas. 72% ahorro de energ\u00eda. Encendido instant\u00e1neo. C\u00e1lculo de vida considerando 1,000<\/p>\n","protected":false},"featured_media":76769,"comment_status":"closed","ping_status":"open","template":"","meta":[],"product_brand":[],"product_cat":[15],"product_tag":[],"class_list":{"0":"post-4753","1":"product","2":"type-product","3":"status-publish","4":"has-post-thumbnail","6":"product_cat-uncategorized","8":"first","9":"outofstock","10":"purchasable","11":"product-type-simple"},"jetpack_sharing_enabled":true,"_links":{"self":[{"href":"https:\/\/www.veneciacr.com\/index.php\/wp-json\/wp\/v2\/product\/4753","targetHints":{"allow":["GET"]}}],"collection":[{"href":"https:\/\/www.veneciacr.com\/index.php\/wp-json\/wp\/v2\/product"}],"about":[{"href":"https:\/\/www.veneciacr.com\/index.php\/wp-json\/wp\/v2\/types\/product"}],"replies":[{"embeddable":true,"href":"https:\/\/www.veneciacr.com\/index.php\/wp-json\/wp\/v2\/comments?post=4753"}],"wp:featuredmedia":[{"embeddable":true,"href":"https:\/\/www.veneciacr.com\/index.php\/wp-json\/wp\/v2\/media\/76769"}],"wp:attachment":[{"href":"https:\/\/www.veneciacr.com\/index.php\/wp-json\/wp\/v2\/media?parent=4753"}],"wp:term":[{"taxonomy":"product_brand","embeddable":true,"href":"https:\/\/www.veneciacr.com\/index.php\/wp-json\/wp\/v2\/product_brand?post=4753"},{"taxonomy":"product_cat","embeddable":true,"href":"https:\/\/www.veneciacr.com\/index.php\/wp-json\/wp\/v2\/product_cat?post=4753"},{"taxonomy":"product_tag","embeddable":true,"href":"https:\/\/www.veneciacr.com\/index.php\/wp-json\/wp\/v2\/product_tag?post=4753"}],"curies":[{"name":"wp","href":"https:\/\/api.w.org\/{rel}","templated":true}]}}