{"id":4729,"date":"2026-04-27T02:03:48","date_gmt":"2026-04-27T08:03:48","guid":{"rendered":"http:\/\/34.83.78.142\/index.php\/product\/cepillo-de-acero-c-mango-4x16-cea-54-truper\/"},"modified":"2026-04-27T02:03:49","modified_gmt":"2026-04-27T08:03:49","slug":"cepillo-acero-con-mango-4x16-cea-54-truper","status":"publish","type":"product","link":"https:\/\/www.veneciacr.com\/index.php\/producto\/cepillo-acero-con-mango-4x16-cea-54-truper\/","title":{"rendered":"CEPILLO ACERO CON MANGO 4X16 CEA-54 TRUPER"},"content":{"rendered":"<p>Cerdas fabricadas con alambre de acero al carbono de alta resistencia<br \/>\nMango ergon\u00f3mico<br \/>\nRemueve pintura vieja, \u00f3xido, holl\u00edn<br \/>\nPara limpiar superficies de concreto metal y madera<\/p>\n<p>ESPECIFICACIONES<br \/>\nLargo: 29 cm<br \/>\nAncho: 3 cm<br \/>\nCerda expuesta: 3.2 cm<br \/>\nAlambres por pincel: 28<br \/>\nCalibre: 0.35 mm<br \/>\nEmpaque individual: Granel<\/p>\n","protected":false},"excerpt":{"rendered":"<p>Cerdas fabricadas con alambre de acero al carbono de alta resistencia Mango ergon\u00f3mico Remueve pintura vieja, \u00f3xido, holl\u00edn Para limpiar<\/p>\n","protected":false},"featured_media":76759,"comment_status":"closed","ping_status":"open","template":"","meta":[],"product_brand":[],"product_cat":[15],"product_tag":[],"class_list":{"0":"post-4729","1":"product","2":"type-product","3":"status-publish","4":"has-post-thumbnail","6":"product_cat-uncategorized","8":"first","9":"instock","10":"purchasable","11":"product-type-simple"},"jetpack_sharing_enabled":true,"_links":{"self":[{"href":"https:\/\/www.veneciacr.com\/index.php\/wp-json\/wp\/v2\/product\/4729","targetHints":{"allow":["GET"]}}],"collection":[{"href":"https:\/\/www.veneciacr.com\/index.php\/wp-json\/wp\/v2\/product"}],"about":[{"href":"https:\/\/www.veneciacr.com\/index.php\/wp-json\/wp\/v2\/types\/product"}],"replies":[{"embeddable":true,"href":"https:\/\/www.veneciacr.com\/index.php\/wp-json\/wp\/v2\/comments?post=4729"}],"wp:featuredmedia":[{"embeddable":true,"href":"https:\/\/www.veneciacr.com\/index.php\/wp-json\/wp\/v2\/media\/76759"}],"wp:attachment":[{"href":"https:\/\/www.veneciacr.com\/index.php\/wp-json\/wp\/v2\/media?parent=4729"}],"wp:term":[{"taxonomy":"product_brand","embeddable":true,"href":"https:\/\/www.veneciacr.com\/index.php\/wp-json\/wp\/v2\/product_brand?post=4729"},{"taxonomy":"product_cat","embeddable":true,"href":"https:\/\/www.veneciacr.com\/index.php\/wp-json\/wp\/v2\/product_cat?post=4729"},{"taxonomy":"product_tag","embeddable":true,"href":"https:\/\/www.veneciacr.com\/index.php\/wp-json\/wp\/v2\/product_tag?post=4729"}],"curies":[{"name":"wp","href":"https:\/\/api.w.org\/{rel}","templated":true}]}}