{"id":4710,"date":"2026-04-21T04:23:09","date_gmt":"2026-04-21T10:23:09","guid":{"rendered":"http:\/\/34.83.78.142\/index.php\/product\/acople-rapido-macho-cople-ma-1-4-truper\/"},"modified":"2026-04-21T04:23:11","modified_gmt":"2026-04-21T10:23:11","slug":"acople-rapido-macho-cople-ma-1-4-truper","status":"publish","type":"product","link":"https:\/\/www.veneciacr.com\/index.php\/producto\/acople-rapido-macho-cople-ma-1-4-truper\/","title":{"rendered":"ACOPLE RAPIDO MACHO COPLE-MA-1\/4 TRUPER"},"content":{"rendered":"<p>6 balines, en cople macho para mayor sujeci\u00f3n<\/p>\n<p>Fabricado de lat\u00f3n para m\u00e1xima duraci\u00f3n<\/p>\n<p>Cuerda 1\/4&#8243; NPT<\/p>\n<p>C\u00f3digo de color para una f\u00e1cil identificaci\u00f3n<\/p>\n<p>Ideal para compresores de aire y herramientas neum\u00e1ticas<\/p>\n","protected":false},"excerpt":{"rendered":"<p>6 balines, en cople macho para mayor sujeci\u00f3n Fabricado de lat\u00f3n para m\u00e1xima duraci\u00f3n Cuerda 1\/4&#8243; NPT C\u00f3digo de color<\/p>\n","protected":false},"featured_media":76738,"comment_status":"closed","ping_status":"open","template":"","meta":[],"product_brand":[],"product_cat":[86,23],"product_tag":[],"class_list":{"0":"post-4710","1":"product","2":"type-product","3":"status-publish","4":"has-post-thumbnail","6":"product_cat-accesorios-para-herramientas-electricas","7":"product_cat-herramientas","9":"first","10":"outofstock","11":"purchasable","12":"product-type-simple"},"jetpack_sharing_enabled":true,"_links":{"self":[{"href":"https:\/\/www.veneciacr.com\/index.php\/wp-json\/wp\/v2\/product\/4710","targetHints":{"allow":["GET"]}}],"collection":[{"href":"https:\/\/www.veneciacr.com\/index.php\/wp-json\/wp\/v2\/product"}],"about":[{"href":"https:\/\/www.veneciacr.com\/index.php\/wp-json\/wp\/v2\/types\/product"}],"replies":[{"embeddable":true,"href":"https:\/\/www.veneciacr.com\/index.php\/wp-json\/wp\/v2\/comments?post=4710"}],"wp:featuredmedia":[{"embeddable":true,"href":"https:\/\/www.veneciacr.com\/index.php\/wp-json\/wp\/v2\/media\/76738"}],"wp:attachment":[{"href":"https:\/\/www.veneciacr.com\/index.php\/wp-json\/wp\/v2\/media?parent=4710"}],"wp:term":[{"taxonomy":"product_brand","embeddable":true,"href":"https:\/\/www.veneciacr.com\/index.php\/wp-json\/wp\/v2\/product_brand?post=4710"},{"taxonomy":"product_cat","embeddable":true,"href":"https:\/\/www.veneciacr.com\/index.php\/wp-json\/wp\/v2\/product_cat?post=4710"},{"taxonomy":"product_tag","embeddable":true,"href":"https:\/\/www.veneciacr.com\/index.php\/wp-json\/wp\/v2\/product_tag?post=4710"}],"curies":[{"name":"wp","href":"https:\/\/api.w.org\/{rel}","templated":true}]}}