{"id":4651,"date":"2026-04-30T02:07:19","date_gmt":"2026-04-30T08:07:19","guid":{"rendered":"http:\/\/34.83.78.142\/index.php\/product\/medidor-presion-llantas-160-psi-mea-160d-truper-19100\/"},"modified":"2026-04-30T02:07:19","modified_gmt":"2026-04-30T08:07:19","slug":"medidor-presion-llantas-160-psi-mea-160d-truper","status":"publish","type":"product","link":"https:\/\/www.veneciacr.com\/index.php\/producto\/medidor-presion-llantas-160-psi-mea-160d-truper\/","title":{"rendered":"MEDIDOR PRESION LLANTAS 160 PSI MEA-160D TRUPER"},"content":{"rendered":"<p>Rango de presi\u00f3n 10 &#8211; 160 PSI<br \/>\nEscala 2 PSI<br \/>\nLongitud 14 cm<br \/>\nEmpaque Blister<\/p>\n<p>CARACTER\u00cdSTICAS<br \/>\nCuerpo de lat\u00f3n con acabado cromado, regleta de aluminio<br \/>\nCabeza doble para v\u00e1lvulas de dif\u00edcil acceso fabricada en zamac<br \/>\nClip para bolsillo<br \/>\nTapa con removedor de v\u00e1lvula<\/p>\n<p>USOS<br \/>\nEn vulcanizadoras y gasolineras<br \/>\nPara medir la presi\u00f3n en llantas<\/p>\n","protected":false},"excerpt":{"rendered":"<p>Rango de presi\u00f3n 10 &#8211; 160 PSI Escala 2 PSI Longitud 14 cm Empaque Blister CARACTER\u00cdSTICAS Cuerpo de lat\u00f3n con<\/p>\n","protected":false},"featured_media":76683,"comment_status":"closed","ping_status":"open","template":"","meta":[],"product_brand":[],"product_cat":[15],"product_tag":[],"class_list":{"0":"post-4651","1":"product","2":"type-product","3":"status-publish","4":"has-post-thumbnail","6":"product_cat-uncategorized","8":"first","9":"instock","10":"purchasable","11":"product-type-simple"},"jetpack_sharing_enabled":true,"_links":{"self":[{"href":"https:\/\/www.veneciacr.com\/index.php\/wp-json\/wp\/v2\/product\/4651","targetHints":{"allow":["GET"]}}],"collection":[{"href":"https:\/\/www.veneciacr.com\/index.php\/wp-json\/wp\/v2\/product"}],"about":[{"href":"https:\/\/www.veneciacr.com\/index.php\/wp-json\/wp\/v2\/types\/product"}],"replies":[{"embeddable":true,"href":"https:\/\/www.veneciacr.com\/index.php\/wp-json\/wp\/v2\/comments?post=4651"}],"wp:featuredmedia":[{"embeddable":true,"href":"https:\/\/www.veneciacr.com\/index.php\/wp-json\/wp\/v2\/media\/76683"}],"wp:attachment":[{"href":"https:\/\/www.veneciacr.com\/index.php\/wp-json\/wp\/v2\/media?parent=4651"}],"wp:term":[{"taxonomy":"product_brand","embeddable":true,"href":"https:\/\/www.veneciacr.com\/index.php\/wp-json\/wp\/v2\/product_brand?post=4651"},{"taxonomy":"product_cat","embeddable":true,"href":"https:\/\/www.veneciacr.com\/index.php\/wp-json\/wp\/v2\/product_cat?post=4651"},{"taxonomy":"product_tag","embeddable":true,"href":"https:\/\/www.veneciacr.com\/index.php\/wp-json\/wp\/v2\/product_tag?post=4651"}],"curies":[{"name":"wp","href":"https:\/\/api.w.org\/{rel}","templated":true}]}}