{"id":4630,"date":"2026-04-21T04:31:01","date_gmt":"2026-04-21T10:31:01","guid":{"rendered":"http:\/\/34.83.78.142\/index.php\/product\/enchufe-industrial-20a-2836-aguila\/"},"modified":"2026-04-21T04:31:04","modified_gmt":"2026-04-21T10:31:04","slug":"enchufe-industrial-20a-2836-eagle","status":"publish","type":"product","link":"https:\/\/www.veneciacr.com\/index.php\/producto\/enchufe-industrial-20a-2836-eagle\/","title":{"rendered":"ENCHUFE INDUSTRIAL 20A 2836 EAGLE"},"content":{"rendered":"<div class=\"StyleWrapper_wrapper \">\n<div class=\"Details_description\">\n<div id=\"description_i8g8c3zru\" class=\"fr-view\">El enchufe armado con abrazadera 2836 &#8211; EAGLE es la elecci\u00f3n ideal para garantizar una conexi\u00f3n el\u00e9ctrica segura y confiable. Su dise\u00f1o innovador incluye una gasa met\u00e1lica que sujeta firmemente el cable, patillas s\u00f3lidas para una conexi\u00f3n segura y terminales aislados. Este enchufe est\u00e1 construido con materiales de alta calidad, incluyendo un cuerpo termopl\u00e1stico resistente al impacto y un cuerpo met\u00e1lico aterrizado para una mayor seguridad. Su color amarillo de alta visibilidad facilita su identificaci\u00f3n, y su flexibilidad se mantiene en temperaturas extremas. Con una capacidad de 20 amperios y 125\/250 voltios, este enchufe cuenta con 3 polos y 3 hilos para una conexi\u00f3n confiable.\u00a0 Cableado por tornillo para una instalaci\u00f3n sencilla.<\/div>\n<\/div>\n<\/div>\n<div class=\"StyleWrapper_wrapper \">\n<h2>Especificaciones<\/h2>\n<div id=\"ML_mainId\">\n<table>\n<tbody>\n<tr>\n<td>Terminales Aislados:<\/td>\n<td align=\"left\">S\u00ed<\/td>\n<td><\/td>\n<td>Cuerpo Met\u00e1lico Aterrizado:<\/td>\n<td align=\"left\">S\u00ed<\/td>\n<\/tr>\n<tr>\n<td><\/td>\n<td align=\"left\"><\/td>\n<td><\/td>\n<td>Material de los Contactos:<\/td>\n<td align=\"left\">Bronce<\/td>\n<\/tr>\n<tr>\n<td>Conexi\u00f3n:<\/td>\n<td align=\"left\">3 polos, 3 hilos<\/td>\n<td><\/td>\n<td>Material del Cuerpo:<\/td>\n<td align=\"left\">Hierro Galvanizado<\/td>\n<\/tr>\n<tr>\n<td>Capacidad de Corriente:<\/td>\n<td align=\"left\">20 amperios<\/td>\n<td><\/td>\n<td>Voltaje Nominal:<\/td>\n<td align=\"left\">125\/250 voltios<\/td>\n<\/tr>\n<tr>\n<td>Material de la Cubierta:<\/td>\n<td align=\"left\">PVC<\/td>\n<td><\/td>\n<td>Tipo de Enchufe:<\/td>\n<td align=\"left\">NEMA 10-20P<\/td>\n<\/tr>\n<tr>\n<td>M\u00e9todo de Cableado:<\/td>\n<td align=\"left\">Por Tornillo<\/td>\n<td><\/td>\n<td>Conexi\u00f3n Segura:<\/td>\n<td align=\"left\">Gasamet\u00e1lica y patillas s\u00f3lidas<\/td>\n<\/tr>\n<tr>\n<td>Alta Visibilidad:<\/td>\n<td align=\"left\">Color Amarillo<\/td>\n<td><\/td>\n<td>Temperatura Extrema:<\/td>\n<td align=\"left\">Mantiene Flexibilidad<\/td>\n<\/tr>\n<\/tbody>\n<\/table>\n<\/div>\n<\/div>\n","protected":false},"excerpt":{"rendered":"<p>El enchufe armado con abrazadera 2836 &#8211; EAGLE es la elecci\u00f3n ideal para garantizar una conexi\u00f3n el\u00e9ctrica segura y confiable.<\/p>\n","protected":false},"featured_media":76640,"comment_status":"closed","ping_status":"open","template":"","meta":[],"product_brand":[],"product_cat":[80],"product_tag":[],"class_list":{"0":"post-4630","1":"product","2":"type-product","3":"status-publish","4":"has-post-thumbnail","6":"product_cat-electrico","8":"first","9":"instock","10":"purchasable","11":"product-type-simple"},"jetpack_sharing_enabled":true,"_links":{"self":[{"href":"https:\/\/www.veneciacr.com\/index.php\/wp-json\/wp\/v2\/product\/4630","targetHints":{"allow":["GET"]}}],"collection":[{"href":"https:\/\/www.veneciacr.com\/index.php\/wp-json\/wp\/v2\/product"}],"about":[{"href":"https:\/\/www.veneciacr.com\/index.php\/wp-json\/wp\/v2\/types\/product"}],"replies":[{"embeddable":true,"href":"https:\/\/www.veneciacr.com\/index.php\/wp-json\/wp\/v2\/comments?post=4630"}],"wp:featuredmedia":[{"embeddable":true,"href":"https:\/\/www.veneciacr.com\/index.php\/wp-json\/wp\/v2\/media\/76640"}],"wp:attachment":[{"href":"https:\/\/www.veneciacr.com\/index.php\/wp-json\/wp\/v2\/media?parent=4630"}],"wp:term":[{"taxonomy":"product_brand","embeddable":true,"href":"https:\/\/www.veneciacr.com\/index.php\/wp-json\/wp\/v2\/product_brand?post=4630"},{"taxonomy":"product_cat","embeddable":true,"href":"https:\/\/www.veneciacr.com\/index.php\/wp-json\/wp\/v2\/product_cat?post=4630"},{"taxonomy":"product_tag","embeddable":true,"href":"https:\/\/www.veneciacr.com\/index.php\/wp-json\/wp\/v2\/product_tag?post=4630"}],"curies":[{"name":"wp","href":"https:\/\/api.w.org\/{rel}","templated":true}]}}