{"id":4603,"date":"2026-04-21T04:31:55","date_gmt":"2026-04-21T10:31:55","guid":{"rendered":"http:\/\/34.83.78.142\/index.php\/product\/inflador-doble-c-calibrador-infca-truper-19028\/"},"modified":"2026-04-21T04:31:56","modified_gmt":"2026-04-21T10:31:56","slug":"inflador-doble-con-calibrador-infca-truper","status":"publish","type":"product","link":"https:\/\/www.veneciacr.com\/index.php\/producto\/inflador-doble-con-calibrador-infca-truper\/","title":{"rendered":"INFLADOR DOBLE CON CALIBRADOR INFCA TRUPER"},"content":{"rendered":"<p>INFLADOR DOBLE CON CALIBRADOR INFCA TRUPER<\/p>\n<p>ESPECIFICACIONES<br \/>\nPresi\u00f3n m\u00e1xima 120 PSI<br \/>\nLongitud total 50 cm<br \/>\nLongitud de manguera 28 cm<br \/>\nCuerda 1\/4 NPT<br \/>\nPeso 600 g<br \/>\nEmpaque Blister<\/p>\n<p>CARACTER\u00cdSTICAS<br \/>\nCuerpo fabricado en zamac con v\u00e1lvulas de lat\u00f3n y manguera de hule de uso rudo<br \/>\nV\u00e1lvula de liberaci\u00f3n de presi\u00f3n<br \/>\nMedidor de mirilla para mayor precisi\u00f3n<br \/>\nEscala de medici\u00f3n de 10 a 120 PSI con incrementos cada 2 lb<\/p>\n","protected":false},"excerpt":{"rendered":"<p>INFLADOR DOBLE CON CALIBRADOR INFCA TRUPER ESPECIFICACIONES Presi\u00f3n m\u00e1xima 120 PSI Longitud total 50 cm Longitud de manguera 28 cm<\/p>\n","protected":false},"featured_media":76599,"comment_status":"closed","ping_status":"open","template":"","meta":[],"product_brand":[],"product_cat":[15],"product_tag":[],"class_list":{"0":"post-4603","1":"product","2":"type-product","3":"status-publish","4":"has-post-thumbnail","6":"product_cat-uncategorized","8":"first","9":"instock","10":"purchasable","11":"product-type-simple"},"jetpack_sharing_enabled":true,"_links":{"self":[{"href":"https:\/\/www.veneciacr.com\/index.php\/wp-json\/wp\/v2\/product\/4603","targetHints":{"allow":["GET"]}}],"collection":[{"href":"https:\/\/www.veneciacr.com\/index.php\/wp-json\/wp\/v2\/product"}],"about":[{"href":"https:\/\/www.veneciacr.com\/index.php\/wp-json\/wp\/v2\/types\/product"}],"replies":[{"embeddable":true,"href":"https:\/\/www.veneciacr.com\/index.php\/wp-json\/wp\/v2\/comments?post=4603"}],"wp:featuredmedia":[{"embeddable":true,"href":"https:\/\/www.veneciacr.com\/index.php\/wp-json\/wp\/v2\/media\/76599"}],"wp:attachment":[{"href":"https:\/\/www.veneciacr.com\/index.php\/wp-json\/wp\/v2\/media?parent=4603"}],"wp:term":[{"taxonomy":"product_brand","embeddable":true,"href":"https:\/\/www.veneciacr.com\/index.php\/wp-json\/wp\/v2\/product_brand?post=4603"},{"taxonomy":"product_cat","embeddable":true,"href":"https:\/\/www.veneciacr.com\/index.php\/wp-json\/wp\/v2\/product_cat?post=4603"},{"taxonomy":"product_tag","embeddable":true,"href":"https:\/\/www.veneciacr.com\/index.php\/wp-json\/wp\/v2\/product_tag?post=4603"}],"curies":[{"name":"wp","href":"https:\/\/api.w.org\/{rel}","templated":true}]}}