{"id":4566,"date":"2026-04-21T04:34:18","date_gmt":"2026-04-21T10:34:18","guid":{"rendered":"http:\/\/34.83.78.142\/index.php\/product\/paq-amarra-plastica-8-100pzs-negra-cin-1820n-truper-44322\/"},"modified":"2026-04-21T04:34:20","modified_gmt":"2026-04-21T10:34:20","slug":"paq-amarra-plastica-8-100pzs-negra-cin-1820n-truper","status":"publish","type":"product","link":"https:\/\/www.veneciacr.com\/index.php\/producto\/paq-amarra-plastica-8-100pzs-negra-cin-1820n-truper\/","title":{"rendered":"PAQ AMARRA PLASTICA 8&#8243; 100PZS NEGRA CIN-1820N TRUPER"},"content":{"rendered":"<p>Fabricados en nylon<br \/>\nColor negro<br \/>\nSeguro autom\u00e1tico<\/p>\n<p>ESPECIFICACIONES<br \/>\nTensi\u00f3n: 18 lb<br \/>\nResistencia a la tensi\u00f3n: 8.2 Kg<br \/>\nLongitud: 20 cm<br \/>\nAncho: 2.5 mm<br \/>\nN\u00famero de piezas: 100<br \/>\nEmpaque individual: Bolsa con etiqueta<\/p>\n<p>Aplicaciones<br \/>\n\u00fatiles para bolsas de basura, equipaje, almac\u00e9n, herramientas, artesan\u00edas, campamento, jard\u00edn, mec\u00e1nica, el\u00e9ctricos y m\u00e1s<\/p>\n<p>&nbsp;<\/p>\n","protected":false},"excerpt":{"rendered":"<p>Fabricados en nylon Color negro Seguro autom\u00e1tico ESPECIFICACIONES Tensi\u00f3n: 18 lb Resistencia a la tensi\u00f3n: 8.2 Kg Longitud: 20 cm<\/p>\n","protected":false},"featured_media":88054,"comment_status":"closed","ping_status":"open","template":"","meta":[],"product_brand":[],"product_cat":[15],"product_tag":[],"class_list":{"0":"post-4566","1":"product","2":"type-product","3":"status-publish","4":"has-post-thumbnail","6":"product_cat-uncategorized","8":"first","9":"outofstock","10":"purchasable","11":"product-type-simple"},"jetpack_sharing_enabled":true,"_links":{"self":[{"href":"https:\/\/www.veneciacr.com\/index.php\/wp-json\/wp\/v2\/product\/4566","targetHints":{"allow":["GET"]}}],"collection":[{"href":"https:\/\/www.veneciacr.com\/index.php\/wp-json\/wp\/v2\/product"}],"about":[{"href":"https:\/\/www.veneciacr.com\/index.php\/wp-json\/wp\/v2\/types\/product"}],"replies":[{"embeddable":true,"href":"https:\/\/www.veneciacr.com\/index.php\/wp-json\/wp\/v2\/comments?post=4566"}],"wp:featuredmedia":[{"embeddable":true,"href":"https:\/\/www.veneciacr.com\/index.php\/wp-json\/wp\/v2\/media\/88054"}],"wp:attachment":[{"href":"https:\/\/www.veneciacr.com\/index.php\/wp-json\/wp\/v2\/media?parent=4566"}],"wp:term":[{"taxonomy":"product_brand","embeddable":true,"href":"https:\/\/www.veneciacr.com\/index.php\/wp-json\/wp\/v2\/product_brand?post=4566"},{"taxonomy":"product_cat","embeddable":true,"href":"https:\/\/www.veneciacr.com\/index.php\/wp-json\/wp\/v2\/product_cat?post=4566"},{"taxonomy":"product_tag","embeddable":true,"href":"https:\/\/www.veneciacr.com\/index.php\/wp-json\/wp\/v2\/product_tag?post=4566"}],"curies":[{"name":"wp","href":"https:\/\/api.w.org\/{rel}","templated":true}]}}