{"id":4542,"date":"2026-04-21T04:34:37","date_gmt":"2026-04-21T10:34:37","guid":{"rendered":"http:\/\/34.83.78.142\/index.php\/product\/espatula-3-madera-et-3f-truper\/"},"modified":"2026-04-21T04:34:37","modified_gmt":"2026-04-21T10:34:37","slug":"espatula-3-madera-et-3f-truper","status":"publish","type":"product","link":"https:\/\/www.veneciacr.com\/index.php\/producto\/espatula-3-madera-et-3f-truper\/","title":{"rendered":"ESPATULA 3&#8243; MADERA ET-3F TRUPER"},"content":{"rendered":"<p>ESPATULA 3&#8243; MADERA ET-3F TRUPER<\/p>\n<p>ESPECIFICACIONES<br \/>\nAncho 3&#8243; (76mm)<br \/>\nLongitud 196 mm<br \/>\nPeso 76 g<br \/>\nEmpaque Granel<\/p>\n<p>CARACTER\u00cdSTICAS<br \/>\nHoja fabricada en acero al alto carbono<br \/>\nMango de hickory americano<br \/>\nHoja desbastada y templada para m\u00e1xima flexibilidad sin deformarse<\/p>\n<p>USOS<br \/>\nAlba\u00f1iler\u00eda, pintura, resanes, etc\u00e9tera<\/p>\n","protected":false},"excerpt":{"rendered":"<p>ESPATULA 3&#8243; MADERA ET-3F TRUPER ESPECIFICACIONES Ancho 3&#8243; (76mm) Longitud 196 mm Peso 76 g Empaque Granel CARACTER\u00cdSTICAS Hoja fabricada<\/p>\n","protected":false},"featured_media":76559,"comment_status":"closed","ping_status":"open","template":"","meta":[],"product_brand":[],"product_cat":[152,23],"product_tag":[],"class_list":{"0":"post-4542","1":"product","2":"type-product","3":"status-publish","4":"has-post-thumbnail","6":"product_cat-herramienta-manuales","7":"product_cat-herramientas","9":"first","10":"outofstock","11":"purchasable","12":"product-type-simple"},"jetpack_sharing_enabled":true,"_links":{"self":[{"href":"https:\/\/www.veneciacr.com\/index.php\/wp-json\/wp\/v2\/product\/4542","targetHints":{"allow":["GET"]}}],"collection":[{"href":"https:\/\/www.veneciacr.com\/index.php\/wp-json\/wp\/v2\/product"}],"about":[{"href":"https:\/\/www.veneciacr.com\/index.php\/wp-json\/wp\/v2\/types\/product"}],"replies":[{"embeddable":true,"href":"https:\/\/www.veneciacr.com\/index.php\/wp-json\/wp\/v2\/comments?post=4542"}],"wp:featuredmedia":[{"embeddable":true,"href":"https:\/\/www.veneciacr.com\/index.php\/wp-json\/wp\/v2\/media\/76559"}],"wp:attachment":[{"href":"https:\/\/www.veneciacr.com\/index.php\/wp-json\/wp\/v2\/media?parent=4542"}],"wp:term":[{"taxonomy":"product_brand","embeddable":true,"href":"https:\/\/www.veneciacr.com\/index.php\/wp-json\/wp\/v2\/product_brand?post=4542"},{"taxonomy":"product_cat","embeddable":true,"href":"https:\/\/www.veneciacr.com\/index.php\/wp-json\/wp\/v2\/product_cat?post=4542"},{"taxonomy":"product_tag","embeddable":true,"href":"https:\/\/www.veneciacr.com\/index.php\/wp-json\/wp\/v2\/product_tag?post=4542"}],"curies":[{"name":"wp","href":"https:\/\/api.w.org\/{rel}","templated":true}]}}