{"id":4540,"date":"2026-05-06T01:26:14","date_gmt":"2026-05-06T07:26:14","guid":{"rendered":"http:\/\/34.83.78.142\/index.php\/product\/torquimetro-ajustable-1-2-13-6-203-4nm-torq-1-2-truper\/"},"modified":"2026-05-06T01:26:15","modified_gmt":"2026-05-06T07:26:15","slug":"torquimetro-ajustable-1-2-27-204nm-torq-1-2-truper","status":"publish","type":"product","link":"https:\/\/www.veneciacr.com\/index.php\/producto\/torquimetro-ajustable-1-2-27-204nm-torq-1-2-truper\/","title":{"rendered":"TORQUIMETRO AJUSTABLE 1\/2&#8243; 27-204NM TORQ-1\/2 TRUPER"},"content":{"rendered":"<p>Engrane de acero al cromo vanadio de 24 dientes<\/p>\n<p>Cuerpo de acero al carbono<\/p>\n<p>Mango moleteado antiderrapante para un mejor agarre<\/p>\n<p>Sistema reversible con selector de cambio de giro y bot\u00f3n de liberaci\u00f3n r\u00e1pida<\/p>\n<p>Escala de torque en kilogramo-metro y libra-pie<\/p>\n<div class=\"col-6\">\n<div class=\"table-responsive tabla_border\">\n<table class=\"table table-bordered table_info_prod align-middle m-0\">\n<tbody>\n<tr id=\"tabla_especs\">\n<th class=\"tamanio_th_especs\" scope=\"row\">\n<p class=\"margen_tabla_especs\">Cuadro mando<\/p>\n<\/th>\n<td>\n<p class=\"margen_tabla_especs\">1\/2&#8243;<\/p>\n<\/td>\n<\/tr>\n<tr id=\"tabla_especs\">\n<th class=\"tamanio_th_especs\" scope=\"row\">\n<p class=\"margen_tabla_especs\">Largo<\/p>\n<\/th>\n<td>\n<p class=\"margen_tabla_especs\">18&#8243; (46 cm)<\/p>\n<\/td>\n<\/tr>\n<tr id=\"tabla_especs\">\n<th class=\"tamanio_th_especs\" scope=\"row\">\n<p class=\"margen_tabla_especs\">Incremento dual<\/p>\n<\/th>\n<td>\n<p class=\"margen_tabla_especs\"><strong>1 lb-ft<\/strong><\/p>\n<\/td>\n<\/tr>\n<tr id=\"tabla_especs\">\n<th class=\"tamanio_th_especs\" scope=\"row\"><\/th>\n<td><\/td>\n<\/tr>\n<tr id=\"tabla_especs\">\n<th class=\"tamanio_th_especs\" scope=\"row\"><\/th>\n<td><\/td>\n<\/tr>\n<\/tbody>\n<\/table>\n<\/div>\n<\/div>\n<div class=\"col-6\">\n<div class=\"table-responsive tabla_border\">\n<table class=\"table table-bordered table_info_prod align-middle m-0\">\n<tbody>\n<tr id=\"tabla_especs\">\n<th class=\"tamanio_th_especs\" scope=\"row\">\n<p class=\"margen_tabla_especs\">N\u00famero de dientes<\/p>\n<\/th>\n<td>\n<p class=\"margen_tabla_especs\">24<\/p>\n<\/td>\n<\/tr>\n<tr id=\"tabla_especs\">\n<th class=\"tamanio_th_especs\" scope=\"row\">\n<p class=\"margen_tabla_especs\">Rango de torque<\/p>\n<\/th>\n<td>\n<p class=\"margen_tabla_especs\"><strong>20 &#8211; 150 lb-ft<\/strong>\u00a0(27 &#8211; 204 Nm)<\/p>\n<\/td>\n<\/tr>\n<tr id=\"tabla_especs\">\n<th class=\"tamanio_th_especs\" scope=\"row\">\n<p class=\"margen_tabla_especs\">Empaque individual<\/p>\n<\/th>\n<td>\n<p class=\"margen_tabla_especs\">Estuche pl\u00e1stico<\/p>\n<\/td>\n<\/tr>\n<\/tbody>\n<\/table>\n<\/div>\n<\/div>\n","protected":false},"excerpt":{"rendered":"<p>Engrane de acero al cromo vanadio de 24 dientes Cuerpo de acero al carbono Mango moleteado antiderrapante para un mejor<\/p>\n","protected":false},"featured_media":76558,"comment_status":"closed","ping_status":"open","template":"","meta":[],"product_brand":[],"product_cat":[85,23,115],"product_tag":[],"class_list":{"0":"post-4540","1":"product","2":"type-product","3":"status-publish","4":"has-post-thumbnail","6":"product_cat-automotriz","7":"product_cat-herramientas","8":"product_cat-ratchets-y-manerales","10":"first","11":"instock","12":"purchasable","13":"product-type-simple"},"jetpack_sharing_enabled":true,"_links":{"self":[{"href":"https:\/\/www.veneciacr.com\/index.php\/wp-json\/wp\/v2\/product\/4540","targetHints":{"allow":["GET"]}}],"collection":[{"href":"https:\/\/www.veneciacr.com\/index.php\/wp-json\/wp\/v2\/product"}],"about":[{"href":"https:\/\/www.veneciacr.com\/index.php\/wp-json\/wp\/v2\/types\/product"}],"replies":[{"embeddable":true,"href":"https:\/\/www.veneciacr.com\/index.php\/wp-json\/wp\/v2\/comments?post=4540"}],"wp:featuredmedia":[{"embeddable":true,"href":"https:\/\/www.veneciacr.com\/index.php\/wp-json\/wp\/v2\/media\/76558"}],"wp:attachment":[{"href":"https:\/\/www.veneciacr.com\/index.php\/wp-json\/wp\/v2\/media?parent=4540"}],"wp:term":[{"taxonomy":"product_brand","embeddable":true,"href":"https:\/\/www.veneciacr.com\/index.php\/wp-json\/wp\/v2\/product_brand?post=4540"},{"taxonomy":"product_cat","embeddable":true,"href":"https:\/\/www.veneciacr.com\/index.php\/wp-json\/wp\/v2\/product_cat?post=4540"},{"taxonomy":"product_tag","embeddable":true,"href":"https:\/\/www.veneciacr.com\/index.php\/wp-json\/wp\/v2\/product_tag?post=4540"}],"curies":[{"name":"wp","href":"https:\/\/api.w.org\/{rel}","templated":true}]}}