{"id":4500,"date":"2026-04-21T04:35:08","date_gmt":"2026-04-21T10:35:08","guid":{"rendered":"http:\/\/34.83.78.142\/index.php\/product\/macana-c-cabo-4-scr-4-truper\/"},"modified":"2026-04-21T04:35:10","modified_gmt":"2026-04-21T10:35:10","slug":"macana-con-cabo-4-scr-4-truper","status":"publish","type":"product","link":"https:\/\/www.veneciacr.com\/index.php\/producto\/macana-con-cabo-4-scr-4-truper\/","title":{"rendered":"MACANA CON CABO 4&#8243; SCR-4 TRUPER"},"content":{"rendered":"<p>Cabeza fabricada en solera de acero al boro<br \/>\nAcabado en pintura h\u00edbrida en polvo transparente<br \/>\nMango largo fabricado en madera de fresno americano<br \/>\nRemueve pisos y asfaltos<br \/>\nRompe hielo<br \/>\nTroza raices<br \/>\nHoja<\/p>\n<p>ESPECIFICACIONES<br \/>\nHoja: 4&#8243; (10 cm)<br \/>\nLargo: 54&#8243; (137 cm)<br \/>\nPeso: 2.3 kg<br \/>\nEmpaque individual: Etiquetado<\/p>\n<p>Aplicaciones<br \/>\nEn construcciones y renovaciones de obra<br \/>\nPara levantar recubrimientos cer\u00e1micos, loseta asf\u00e1ltica o vin\u00edlica, impermeabilizantes y residuos de yeso y cemento<\/p>\n","protected":false},"excerpt":{"rendered":"<p>Cabeza fabricada en solera de acero al boro Acabado en pintura h\u00edbrida en polvo transparente Mango largo fabricado en madera<\/p>\n","protected":false},"featured_media":76533,"comment_status":"closed","ping_status":"open","template":"","meta":[],"product_brand":[],"product_cat":[15],"product_tag":[],"class_list":{"0":"post-4500","1":"product","2":"type-product","3":"status-publish","4":"has-post-thumbnail","6":"product_cat-uncategorized","8":"first","9":"instock","10":"purchasable","11":"product-type-simple"},"jetpack_sharing_enabled":true,"_links":{"self":[{"href":"https:\/\/www.veneciacr.com\/index.php\/wp-json\/wp\/v2\/product\/4500","targetHints":{"allow":["GET"]}}],"collection":[{"href":"https:\/\/www.veneciacr.com\/index.php\/wp-json\/wp\/v2\/product"}],"about":[{"href":"https:\/\/www.veneciacr.com\/index.php\/wp-json\/wp\/v2\/types\/product"}],"replies":[{"embeddable":true,"href":"https:\/\/www.veneciacr.com\/index.php\/wp-json\/wp\/v2\/comments?post=4500"}],"wp:featuredmedia":[{"embeddable":true,"href":"https:\/\/www.veneciacr.com\/index.php\/wp-json\/wp\/v2\/media\/76533"}],"wp:attachment":[{"href":"https:\/\/www.veneciacr.com\/index.php\/wp-json\/wp\/v2\/media?parent=4500"}],"wp:term":[{"taxonomy":"product_brand","embeddable":true,"href":"https:\/\/www.veneciacr.com\/index.php\/wp-json\/wp\/v2\/product_brand?post=4500"},{"taxonomy":"product_cat","embeddable":true,"href":"https:\/\/www.veneciacr.com\/index.php\/wp-json\/wp\/v2\/product_cat?post=4500"},{"taxonomy":"product_tag","embeddable":true,"href":"https:\/\/www.veneciacr.com\/index.php\/wp-json\/wp\/v2\/product_tag?post=4500"}],"curies":[{"name":"wp","href":"https:\/\/api.w.org\/{rel}","templated":true}]}}