{"id":4490,"date":"2026-04-21T04:35:13","date_gmt":"2026-04-21T10:35:13","guid":{"rendered":"http:\/\/34.83.78.142\/index.php\/product\/broca-sierra-p-azulejo-1-3-4-coaz-1-3-4-truper\/"},"modified":"2026-04-21T04:35:14","modified_gmt":"2026-04-21T10:35:14","slug":"broca-diamantada-1-3-4-coaz-1-3-4-truper","status":"publish","type":"product","link":"https:\/\/www.veneciacr.com\/index.php\/producto\/broca-diamantada-1-3-4-coaz-1-3-4-truper\/","title":{"rendered":"BROCA DIAMANTADA 1 3\/4&#8243; COAZ-1-3\/4 TRUPER"},"content":{"rendered":"<p>Borde continuo con rosca y recubrimiento de diamante para cortes r\u00e1pidos y finos sin despostillar, loseta cer\u00e1mica, vidrio, m\u00e1rmol y porcelanato<\/p>\n<p>Ranura amplia para f\u00e1cil extracci\u00f3n de residuos con mayor profundidad de corte<\/p>\n<p>Compatible con mandril para brocasierras diamante (MAN-7\/16I)<\/p>\n<p>Ideal para perforar con velocidad baja<\/p>\n<p>Para corte en h\u00famedo<\/p>\n","protected":false},"excerpt":{"rendered":"<p>Borde continuo con rosca y recubrimiento de diamante para cortes r\u00e1pidos y finos sin despostillar, loseta cer\u00e1mica, vidrio, m\u00e1rmol y<\/p>\n","protected":false},"featured_media":95898,"comment_status":"closed","ping_status":"open","template":"","meta":[],"product_brand":[],"product_cat":[86,23],"product_tag":[],"class_list":{"0":"post-4490","1":"product","2":"type-product","3":"status-publish","4":"has-post-thumbnail","6":"product_cat-accesorios-para-herramientas-electricas","7":"product_cat-herramientas","9":"first","10":"instock","11":"purchasable","12":"product-type-simple"},"jetpack_sharing_enabled":true,"_links":{"self":[{"href":"https:\/\/www.veneciacr.com\/index.php\/wp-json\/wp\/v2\/product\/4490","targetHints":{"allow":["GET"]}}],"collection":[{"href":"https:\/\/www.veneciacr.com\/index.php\/wp-json\/wp\/v2\/product"}],"about":[{"href":"https:\/\/www.veneciacr.com\/index.php\/wp-json\/wp\/v2\/types\/product"}],"replies":[{"embeddable":true,"href":"https:\/\/www.veneciacr.com\/index.php\/wp-json\/wp\/v2\/comments?post=4490"}],"wp:featuredmedia":[{"embeddable":true,"href":"https:\/\/www.veneciacr.com\/index.php\/wp-json\/wp\/v2\/media\/95898"}],"wp:attachment":[{"href":"https:\/\/www.veneciacr.com\/index.php\/wp-json\/wp\/v2\/media?parent=4490"}],"wp:term":[{"taxonomy":"product_brand","embeddable":true,"href":"https:\/\/www.veneciacr.com\/index.php\/wp-json\/wp\/v2\/product_brand?post=4490"},{"taxonomy":"product_cat","embeddable":true,"href":"https:\/\/www.veneciacr.com\/index.php\/wp-json\/wp\/v2\/product_cat?post=4490"},{"taxonomy":"product_tag","embeddable":true,"href":"https:\/\/www.veneciacr.com\/index.php\/wp-json\/wp\/v2\/product_tag?post=4490"}],"curies":[{"name":"wp","href":"https:\/\/api.w.org\/{rel}","templated":true}]}}