{"id":4482,"date":"2026-04-21T04:35:16","date_gmt":"2026-04-21T10:35:16","guid":{"rendered":"http:\/\/34.83.78.142\/index.php\/product\/jgo-accesorios-p-compresor-15pzs-jan-15-truper\/"},"modified":"2026-04-21T04:35:18","modified_gmt":"2026-04-21T10:35:18","slug":"set-acc-compresor-15pzs-jan-15-truper","status":"publish","type":"product","link":"https:\/\/www.veneciacr.com\/index.php\/producto\/set-acc-compresor-15pzs-jan-15-truper\/","title":{"rendered":"SET ACC COMPRESOR 15PZS JAN-15 TRUPER"},"content":{"rendered":"<p>Pistola fabricada en zamac con gatillo cubierto de vinil<br \/>\nDise\u00f1o con gancho para colgar<br \/>\nPara conexi\u00f3n r\u00e1pida de 1\/4 NPT<\/p>\n<p>ESPECIFICACIONES<br \/>\nPresi\u00f3n m\u00e1xima de operaci\u00f3n: 120 PSI<br \/>\nEntrada: 1\/4 NPT<br \/>\nLongitud de manguera: 7.5 m<br \/>\nPeso total: 200 g<br \/>\n1 Pistola de aire<br \/>\n2 Conectores r\u00e1pidos tipo &#8220;M&#8221; (machos, lat\u00f3n)<br \/>\n2 Coples r\u00e1pidos tipo &#8220;F&#8221; (hembras, lat\u00f3n)<br \/>\n2 Conectores r\u00e1pidos tipo &#8220;F&#8221;(hembras, lat\u00f3n)<br \/>\n1 Inflador cabeza sencilla (lat\u00f3n)<br \/>\n1 Boquilla c\u00f3nica (lat\u00f3n)<br \/>\n1 Boquilla de alta presi\u00f3n<br \/>\n1 Niple tipo &#8220;FF&#8221; (hembra lat\u00f3n)<br \/>\n1 Niple tipo &#8220;MM&#8221; (macho, lat\u00f3n)<br \/>\n1 V\u00e1lvula para inflar balones<br \/>\n1 Reductor para v\u00e1lvula (lat\u00f3n)<br \/>\n1 Manguera de resorte de 7.5 m<\/p>\n<p>Aplicaciones<br \/>\nPara limpiar e inflar<\/p>\n","protected":false},"excerpt":{"rendered":"<p>Pistola fabricada en zamac con gatillo cubierto de vinil Dise\u00f1o con gancho para colgar Para conexi\u00f3n r\u00e1pida de 1\/4 NPT<\/p>\n","protected":false},"featured_media":76522,"comment_status":"closed","ping_status":"open","template":"","meta":[],"product_brand":[],"product_cat":[84,23],"product_tag":[],"class_list":{"0":"post-4482","1":"product","2":"type-product","3":"status-publish","4":"has-post-thumbnail","6":"product_cat-compresores-de-aire-herramientas-y-accesorios","7":"product_cat-herramientas","9":"first","10":"instock","11":"purchasable","12":"product-type-simple"},"jetpack_sharing_enabled":true,"_links":{"self":[{"href":"https:\/\/www.veneciacr.com\/index.php\/wp-json\/wp\/v2\/product\/4482","targetHints":{"allow":["GET"]}}],"collection":[{"href":"https:\/\/www.veneciacr.com\/index.php\/wp-json\/wp\/v2\/product"}],"about":[{"href":"https:\/\/www.veneciacr.com\/index.php\/wp-json\/wp\/v2\/types\/product"}],"replies":[{"embeddable":true,"href":"https:\/\/www.veneciacr.com\/index.php\/wp-json\/wp\/v2\/comments?post=4482"}],"wp:featuredmedia":[{"embeddable":true,"href":"https:\/\/www.veneciacr.com\/index.php\/wp-json\/wp\/v2\/media\/76522"}],"wp:attachment":[{"href":"https:\/\/www.veneciacr.com\/index.php\/wp-json\/wp\/v2\/media?parent=4482"}],"wp:term":[{"taxonomy":"product_brand","embeddable":true,"href":"https:\/\/www.veneciacr.com\/index.php\/wp-json\/wp\/v2\/product_brand?post=4482"},{"taxonomy":"product_cat","embeddable":true,"href":"https:\/\/www.veneciacr.com\/index.php\/wp-json\/wp\/v2\/product_cat?post=4482"},{"taxonomy":"product_tag","embeddable":true,"href":"https:\/\/www.veneciacr.com\/index.php\/wp-json\/wp\/v2\/product_tag?post=4482"}],"curies":[{"name":"wp","href":"https:\/\/api.w.org\/{rel}","templated":true}]}}