{"id":4478,"date":"2026-04-21T04:35:19","date_gmt":"2026-04-21T10:35:19","guid":{"rendered":"http:\/\/34.83.78.142\/index.php\/product\/broca-sierra-p-azulejo-1-coaz-1-truper\/"},"modified":"2026-04-21T04:35:20","modified_gmt":"2026-04-21T10:35:20","slug":"broca-diamantada-1-coaz-1-truper","status":"publish","type":"product","link":"https:\/\/www.veneciacr.com\/index.php\/producto\/broca-diamantada-1-coaz-1-truper\/","title":{"rendered":"BROCA DIAMANTADA 1&#8243; COAZ-1 TRUPER"},"content":{"rendered":"<p>BROCA DIAMANTADA 1&#8243; COAZ-1 TRUPER<\/p>\n<p>ESPECIFICACIONES<br \/>\nDi\u00e1metro 1&#8243; (25.4mm)<br \/>\nDureza 20 HRc<br \/>\nEspesor 1.2 mm<br \/>\nEmpaque Blister<\/p>\n<p>CARACTER\u00cdSTICAS<br \/>\nFabricado en acero SAE 1050<br \/>\nBorde continuo de diamante<\/p>\n<p>USOS<br \/>\nAlba\u00f1iler\u00eda, construcci\u00f3n y en vidrier\u00edas<br \/>\nPara perforaciones finas en azulejos, recubrimientos cer\u00e1micos y vidrio<\/p>\n<p>CUIDADOS<br \/>\nUtilizar mandril modelo MAN-CAZ-1\/4C para acoplar el cortac\u00edrculos<\/p>\n","protected":false},"excerpt":{"rendered":"<p>BROCA DIAMANTADA 1&#8243; COAZ-1 TRUPER ESPECIFICACIONES Di\u00e1metro 1&#8243; (25.4mm) Dureza 20 HRc Espesor 1.2 mm Empaque Blister CARACTER\u00cdSTICAS Fabricado en<\/p>\n","protected":false},"featured_media":76521,"comment_status":"closed","ping_status":"open","template":"","meta":[],"product_brand":[],"product_cat":[86,23],"product_tag":[],"class_list":{"0":"post-4478","1":"product","2":"type-product","3":"status-publish","4":"has-post-thumbnail","6":"product_cat-accesorios-para-herramientas-electricas","7":"product_cat-herramientas","9":"first","10":"instock","11":"purchasable","12":"product-type-simple"},"jetpack_sharing_enabled":true,"_links":{"self":[{"href":"https:\/\/www.veneciacr.com\/index.php\/wp-json\/wp\/v2\/product\/4478","targetHints":{"allow":["GET"]}}],"collection":[{"href":"https:\/\/www.veneciacr.com\/index.php\/wp-json\/wp\/v2\/product"}],"about":[{"href":"https:\/\/www.veneciacr.com\/index.php\/wp-json\/wp\/v2\/types\/product"}],"replies":[{"embeddable":true,"href":"https:\/\/www.veneciacr.com\/index.php\/wp-json\/wp\/v2\/comments?post=4478"}],"wp:featuredmedia":[{"embeddable":true,"href":"https:\/\/www.veneciacr.com\/index.php\/wp-json\/wp\/v2\/media\/76521"}],"wp:attachment":[{"href":"https:\/\/www.veneciacr.com\/index.php\/wp-json\/wp\/v2\/media?parent=4478"}],"wp:term":[{"taxonomy":"product_brand","embeddable":true,"href":"https:\/\/www.veneciacr.com\/index.php\/wp-json\/wp\/v2\/product_brand?post=4478"},{"taxonomy":"product_cat","embeddable":true,"href":"https:\/\/www.veneciacr.com\/index.php\/wp-json\/wp\/v2\/product_cat?post=4478"},{"taxonomy":"product_tag","embeddable":true,"href":"https:\/\/www.veneciacr.com\/index.php\/wp-json\/wp\/v2\/product_tag?post=4478"}],"curies":[{"name":"wp","href":"https:\/\/api.w.org\/{rel}","templated":true}]}}