{"id":4447,"date":"2026-04-21T04:35:32","date_gmt":"2026-04-21T10:35:32","guid":{"rendered":"http:\/\/34.83.78.142\/index.php\/product\/probador-de-corriente-6-12v-proco-14x-truper\/"},"modified":"2026-04-21T04:35:34","modified_gmt":"2026-04-21T10:35:34","slug":"probador-corriente-6-12v-proco-14x-truper","status":"publish","type":"product","link":"https:\/\/www.veneciacr.com\/index.php\/producto\/probador-corriente-6-12v-proco-14x-truper\/","title":{"rendered":"PROBADOR CORRIENTE 6-12V PROCO-14X TRUPER"},"content":{"rendered":"<p>Punta fabricada en acero al carbono<br \/>\nMango de pl\u00e1stico transparente aislado para mayor seguridad<br \/>\nCon clip tipo pluma para portar en el bolsillo<br \/>\nCable con caim\u00e1n para tierra<\/p>\n<p>NORMA<br \/>\nCumple la norma: NOM-003-SCFI<\/p>\n<p>ESPECIFICACIONES<br \/>\nTipo de corriente: Directa<br \/>\nMedici\u00f3n: 6 &#8211; 12 V<br \/>\nLongitud total: 14 cm<br \/>\nLongitud del cable: 93.5 cm<br \/>\nCalibre del cable: 0.2 mm\u00b2<br \/>\nEmpaque individual: Blister<\/p>\n<p>Aplicaciones<br \/>\n\u00datil para medici\u00f3n de bater\u00edas y detectar cables de corriente, cables rotos, fusibles fundidos, etc\u00e9tera<\/p>\n","protected":false},"excerpt":{"rendered":"<p>Punta fabricada en acero al carbono Mango de pl\u00e1stico transparente aislado para mayor seguridad Con clip tipo pluma para portar<\/p>\n","protected":false},"featured_media":76503,"comment_status":"closed","ping_status":"open","template":"","meta":[],"product_brand":[],"product_cat":[15],"product_tag":[],"class_list":{"0":"post-4447","1":"product","2":"type-product","3":"status-publish","4":"has-post-thumbnail","6":"product_cat-uncategorized","8":"first","9":"instock","10":"purchasable","11":"product-type-simple"},"jetpack_sharing_enabled":true,"_links":{"self":[{"href":"https:\/\/www.veneciacr.com\/index.php\/wp-json\/wp\/v2\/product\/4447","targetHints":{"allow":["GET"]}}],"collection":[{"href":"https:\/\/www.veneciacr.com\/index.php\/wp-json\/wp\/v2\/product"}],"about":[{"href":"https:\/\/www.veneciacr.com\/index.php\/wp-json\/wp\/v2\/types\/product"}],"replies":[{"embeddable":true,"href":"https:\/\/www.veneciacr.com\/index.php\/wp-json\/wp\/v2\/comments?post=4447"}],"wp:featuredmedia":[{"embeddable":true,"href":"https:\/\/www.veneciacr.com\/index.php\/wp-json\/wp\/v2\/media\/76503"}],"wp:attachment":[{"href":"https:\/\/www.veneciacr.com\/index.php\/wp-json\/wp\/v2\/media?parent=4447"}],"wp:term":[{"taxonomy":"product_brand","embeddable":true,"href":"https:\/\/www.veneciacr.com\/index.php\/wp-json\/wp\/v2\/product_brand?post=4447"},{"taxonomy":"product_cat","embeddable":true,"href":"https:\/\/www.veneciacr.com\/index.php\/wp-json\/wp\/v2\/product_cat?post=4447"},{"taxonomy":"product_tag","embeddable":true,"href":"https:\/\/www.veneciacr.com\/index.php\/wp-json\/wp\/v2\/product_tag?post=4447"}],"curies":[{"name":"wp","href":"https:\/\/api.w.org\/{rel}","templated":true}]}}