{"id":4438,"date":"2026-04-21T04:35:40","date_gmt":"2026-04-21T10:35:40","guid":{"rendered":"http:\/\/34.83.78.142\/index.php\/product\/lente-seguridad-ligero-transp-len-lt-truper-19016\/"},"modified":"2026-04-21T04:35:40","modified_gmt":"2026-04-21T10:35:40","slug":"lente-seguridad-ligero-transp-len-lt-truper","status":"publish","type":"product","link":"https:\/\/www.veneciacr.com\/index.php\/producto\/lente-seguridad-ligero-transp-len-lt-truper\/","title":{"rendered":"LENTE SEGURIDAD LIGERO TRANSP LEN-LT TRUPER"},"content":{"rendered":"<p>Mica 100% de policarbonato con protecci\u00f3n UV, antirayadura y anti-impactos<br \/>\nSuave puente nasal que brinda mayor comodidad<br \/>\nDise\u00f1o ultraligero<\/p>\n<p>NORMA<br \/>\nCumple la norma: ANSI Z87.1 (Certificado no disponible)<\/p>\n<p>ESPECIFICACIONES<br \/>\nColor: Transparente<br \/>\nEspesor de mica: 2.0 mm<br \/>\nEmpaque individual: Bolsa<\/p>\n<p>Aplicaciones<br \/>\nPara aplicaciones en interiores y exteriores donde el deslumbramiento del sol no cause molestias<br \/>\n\u00datiles en la industria, construcci\u00f3n, taller y reparaciones dom\u00e9sticas<\/p>\n<p>CUIDADOS<br \/>\nPara su limpieza deje correr agua tibia, limpiar con una tela o toallita<br \/>\nNo limpiar los lentes con solventes o qu\u00edmicos, ya que esto puede ocasionar deterioro y reducir sus caracter\u00edsticas de protecci\u00f3n<br \/>\nGuardar en un lugar fresco, seco y libre de polvo<\/p>\n","protected":false},"excerpt":{"rendered":"<p>Mica 100% de policarbonato con protecci\u00f3n UV, antirayadura y anti-impactos Suave puente nasal que brinda mayor comodidad Dise\u00f1o ultraligero NORMA<\/p>\n","protected":false},"featured_media":76499,"comment_status":"closed","ping_status":"open","template":"","meta":[],"product_brand":[],"product_cat":[23,88],"product_tag":[],"class_list":{"0":"post-4438","1":"product","2":"type-product","3":"status-publish","4":"has-post-thumbnail","6":"product_cat-herramientas","7":"product_cat-proteccion-y-seguridad","9":"first","10":"instock","11":"purchasable","12":"product-type-simple"},"jetpack_sharing_enabled":true,"_links":{"self":[{"href":"https:\/\/www.veneciacr.com\/index.php\/wp-json\/wp\/v2\/product\/4438","targetHints":{"allow":["GET"]}}],"collection":[{"href":"https:\/\/www.veneciacr.com\/index.php\/wp-json\/wp\/v2\/product"}],"about":[{"href":"https:\/\/www.veneciacr.com\/index.php\/wp-json\/wp\/v2\/types\/product"}],"replies":[{"embeddable":true,"href":"https:\/\/www.veneciacr.com\/index.php\/wp-json\/wp\/v2\/comments?post=4438"}],"wp:featuredmedia":[{"embeddable":true,"href":"https:\/\/www.veneciacr.com\/index.php\/wp-json\/wp\/v2\/media\/76499"}],"wp:attachment":[{"href":"https:\/\/www.veneciacr.com\/index.php\/wp-json\/wp\/v2\/media?parent=4438"}],"wp:term":[{"taxonomy":"product_brand","embeddable":true,"href":"https:\/\/www.veneciacr.com\/index.php\/wp-json\/wp\/v2\/product_brand?post=4438"},{"taxonomy":"product_cat","embeddable":true,"href":"https:\/\/www.veneciacr.com\/index.php\/wp-json\/wp\/v2\/product_cat?post=4438"},{"taxonomy":"product_tag","embeddable":true,"href":"https:\/\/www.veneciacr.com\/index.php\/wp-json\/wp\/v2\/product_tag?post=4438"}],"curies":[{"name":"wp","href":"https:\/\/api.w.org\/{rel}","templated":true}]}}