{"id":4384,"date":"2026-05-01T02:06:13","date_gmt":"2026-05-01T08:06:13","guid":{"rendered":"http:\/\/34.83.78.142\/index.php\/product\/clavo-clavadora-neu-3-4x5000-clneu-2-20-truper-18262\/"},"modified":"2026-05-01T02:06:14","modified_gmt":"2026-05-01T08:06:14","slug":"clavo-clavadora-neu-cal18-3-4x5000-claneu-18-20-truper","status":"publish","type":"product","link":"https:\/\/www.veneciacr.com\/index.php\/producto\/clavo-clavadora-neu-cal18-3-4x5000-claneu-18-20-truper\/","title":{"rendered":"CLAVO CLAVADORA NEU CAL18 3\/4&#8243;X5000 CLANEU-18-20 TRUPER"},"content":{"rendered":"<p>Fabricados en acero al carb\u00f3n<\/p>\n<p>ESPECIFICACIONES<br \/>\nLongitud: 3\/4&#8243; (20 mm)<br \/>\nCalibre: 18<br \/>\nCabeza: 2 mm<br \/>\nPeso: 810 g<br \/>\nEmpaque individual: Caja con 5000 pzas<\/p>\n<p>Aplicaciones<br \/>\nPara fijar o unir materiales como madera, cart\u00f3n, fibracel, etc\u00e9tera, en construcci\u00f3n de embalajes de transportaci\u00f3<\/p>\n","protected":false},"excerpt":{"rendered":"<p>Fabricados en acero al carb\u00f3n ESPECIFICACIONES Longitud: 3\/4&#8243; (20 mm) Calibre: 18 Cabeza: 2 mm Peso: 810 g Empaque individual:<\/p>\n","protected":false},"featured_media":96058,"comment_status":"closed","ping_status":"open","template":"","meta":[],"product_brand":[],"product_cat":[98,19],"product_tag":[],"class_list":{"0":"post-4384","1":"product","2":"type-product","3":"status-publish","4":"has-post-thumbnail","6":"product_cat-clavos-y-grapas","7":"product_cat-ferreteria","9":"first","10":"instock","11":"purchasable","12":"product-type-simple"},"jetpack_sharing_enabled":true,"_links":{"self":[{"href":"https:\/\/www.veneciacr.com\/index.php\/wp-json\/wp\/v2\/product\/4384","targetHints":{"allow":["GET"]}}],"collection":[{"href":"https:\/\/www.veneciacr.com\/index.php\/wp-json\/wp\/v2\/product"}],"about":[{"href":"https:\/\/www.veneciacr.com\/index.php\/wp-json\/wp\/v2\/types\/product"}],"replies":[{"embeddable":true,"href":"https:\/\/www.veneciacr.com\/index.php\/wp-json\/wp\/v2\/comments?post=4384"}],"wp:featuredmedia":[{"embeddable":true,"href":"https:\/\/www.veneciacr.com\/index.php\/wp-json\/wp\/v2\/media\/96058"}],"wp:attachment":[{"href":"https:\/\/www.veneciacr.com\/index.php\/wp-json\/wp\/v2\/media?parent=4384"}],"wp:term":[{"taxonomy":"product_brand","embeddable":true,"href":"https:\/\/www.veneciacr.com\/index.php\/wp-json\/wp\/v2\/product_brand?post=4384"},{"taxonomy":"product_cat","embeddable":true,"href":"https:\/\/www.veneciacr.com\/index.php\/wp-json\/wp\/v2\/product_cat?post=4384"},{"taxonomy":"product_tag","embeddable":true,"href":"https:\/\/www.veneciacr.com\/index.php\/wp-json\/wp\/v2\/product_tag?post=4384"}],"curies":[{"name":"wp","href":"https:\/\/api.w.org\/{rel}","templated":true}]}}