{"id":4374,"date":"2026-04-30T02:07:52","date_gmt":"2026-04-30T08:07:52","guid":{"rendered":"http:\/\/34.83.78.142\/index.php\/product\/lente-protector-transp-len-st-truper\/"},"modified":"2026-04-30T02:07:52","modified_gmt":"2026-04-30T08:07:52","slug":"lente-protector-transp-len-st-truper","status":"publish","type":"product","link":"https:\/\/www.veneciacr.com\/index.php\/producto\/lente-protector-transp-len-st-truper\/","title":{"rendered":"LENTE PROTECTOR TRANSP LEN-ST TRUPER"},"content":{"rendered":"<p>Mica 100% de policarbonato con protecci\u00f3n UV, antirayadura y anti-impactos<br \/>\nDise\u00f1o con ventilaci\u00f3n lateral<\/p>\n<p>NORMA<br \/>\nCumple la norma: ANSI Z87.1 (Certificado no disponible)<\/p>\n<p>ESPECIFICACIONES<br \/>\nColor: Trasparente<br \/>\nEspesor de mica: 1.75 mm<br \/>\nEmpaque individual: Bolsa<\/p>\n<p>Aplicaciones<br \/>\nPara aplicaciones en interiores y exteriores donde el deslumbramiento del sol no cause molestias<br \/>\n\u00datiles en el manejo de m\u00e1quinas el\u00e9ctricas, industria, construcci\u00f3n, taller y reparaciones dom\u00e9sticas<\/p>\n<p>CUIDADOS<br \/>\nPara su limpieza deje correr agua tibia, limpiar con una tela o toallita<br \/>\nNo limpiar los lentes con solventes o qu\u00edmicos, ya que esto puede ocasionar deterioro y reducir sus caracter\u00edsticas de protecci\u00f3n<br \/>\nGuardar en un lugar fresco, seco y libre de polvo<\/p>\n","protected":false},"excerpt":{"rendered":"<p>Mica 100% de policarbonato con protecci\u00f3n UV, antirayadura y anti-impactos Dise\u00f1o con ventilaci\u00f3n lateral NORMA Cumple la norma: ANSI Z87.1<\/p>\n","protected":false},"featured_media":76458,"comment_status":"closed","ping_status":"open","template":"","meta":[],"product_brand":[],"product_cat":[23,88],"product_tag":[],"class_list":{"0":"post-4374","1":"product","2":"type-product","3":"status-publish","4":"has-post-thumbnail","6":"product_cat-herramientas","7":"product_cat-proteccion-y-seguridad","9":"first","10":"instock","11":"purchasable","12":"product-type-simple"},"jetpack_sharing_enabled":true,"_links":{"self":[{"href":"https:\/\/www.veneciacr.com\/index.php\/wp-json\/wp\/v2\/product\/4374","targetHints":{"allow":["GET"]}}],"collection":[{"href":"https:\/\/www.veneciacr.com\/index.php\/wp-json\/wp\/v2\/product"}],"about":[{"href":"https:\/\/www.veneciacr.com\/index.php\/wp-json\/wp\/v2\/types\/product"}],"replies":[{"embeddable":true,"href":"https:\/\/www.veneciacr.com\/index.php\/wp-json\/wp\/v2\/comments?post=4374"}],"wp:featuredmedia":[{"embeddable":true,"href":"https:\/\/www.veneciacr.com\/index.php\/wp-json\/wp\/v2\/media\/76458"}],"wp:attachment":[{"href":"https:\/\/www.veneciacr.com\/index.php\/wp-json\/wp\/v2\/media?parent=4374"}],"wp:term":[{"taxonomy":"product_brand","embeddable":true,"href":"https:\/\/www.veneciacr.com\/index.php\/wp-json\/wp\/v2\/product_brand?post=4374"},{"taxonomy":"product_cat","embeddable":true,"href":"https:\/\/www.veneciacr.com\/index.php\/wp-json\/wp\/v2\/product_cat?post=4374"},{"taxonomy":"product_tag","embeddable":true,"href":"https:\/\/www.veneciacr.com\/index.php\/wp-json\/wp\/v2\/product_tag?post=4374"}],"curies":[{"name":"wp","href":"https:\/\/api.w.org\/{rel}","templated":true}]}}