{"id":4372,"date":"2026-04-21T04:38:18","date_gmt":"2026-04-21T10:38:18","guid":{"rendered":"http:\/\/34.83.78.142\/index.php\/product\/paq-amarra-plastica-14-negra-25pzs-cin-5035n-truper\/"},"modified":"2026-04-21T04:38:19","modified_gmt":"2026-04-21T10:38:19","slug":"paq-amarra-plastica-14-negra-25pzs-cin-5035n-truper","status":"publish","type":"product","link":"https:\/\/www.veneciacr.com\/index.php\/producto\/paq-amarra-plastica-14-negra-25pzs-cin-5035n-truper\/","title":{"rendered":"PAQ AMARRA PLASTICA 14&#8243; NEGRA 25PZS CIN-5035N TRUPER"},"content":{"rendered":"<p>Fabricados en nylon<br \/>\nColor negro<br \/>\nSeguro autom\u00e1tico<\/p>\n<p>ESPECIFICACIONES<br \/>\nTensi\u00f3n 50 lb<br \/>\nResistencia a la tensi\u00f3n 22.7 Kg<br \/>\nLongitud 35 cm<br \/>\nAncho 4.5 mm<br \/>\nN\u00famero de piezas 25<\/p>\n<p>APLICACIONES<br \/>\n\u00fatiles para bolsas de basura, equipaje, almac\u00e9n, herramientas, artesan\u00edas, campamento, jard\u00edn, mec\u00e1nica, el\u00e9ctricos y m\u00e1s<\/p>\n","protected":false},"excerpt":{"rendered":"<p>Fabricados en nylon Color negro Seguro autom\u00e1tico ESPECIFICACIONES Tensi\u00f3n 50 lb Resistencia a la tensi\u00f3n 22.7 Kg Longitud 35 cm<\/p>\n","protected":false},"featured_media":97670,"comment_status":"closed","ping_status":"open","template":"","meta":[],"product_brand":[],"product_cat":[15],"product_tag":[],"class_list":{"0":"post-4372","1":"product","2":"type-product","3":"status-publish","4":"has-post-thumbnail","6":"product_cat-uncategorized","8":"first","9":"instock","10":"purchasable","11":"product-type-simple"},"jetpack_sharing_enabled":true,"_links":{"self":[{"href":"https:\/\/www.veneciacr.com\/index.php\/wp-json\/wp\/v2\/product\/4372","targetHints":{"allow":["GET"]}}],"collection":[{"href":"https:\/\/www.veneciacr.com\/index.php\/wp-json\/wp\/v2\/product"}],"about":[{"href":"https:\/\/www.veneciacr.com\/index.php\/wp-json\/wp\/v2\/types\/product"}],"replies":[{"embeddable":true,"href":"https:\/\/www.veneciacr.com\/index.php\/wp-json\/wp\/v2\/comments?post=4372"}],"wp:featuredmedia":[{"embeddable":true,"href":"https:\/\/www.veneciacr.com\/index.php\/wp-json\/wp\/v2\/media\/97670"}],"wp:attachment":[{"href":"https:\/\/www.veneciacr.com\/index.php\/wp-json\/wp\/v2\/media?parent=4372"}],"wp:term":[{"taxonomy":"product_brand","embeddable":true,"href":"https:\/\/www.veneciacr.com\/index.php\/wp-json\/wp\/v2\/product_brand?post=4372"},{"taxonomy":"product_cat","embeddable":true,"href":"https:\/\/www.veneciacr.com\/index.php\/wp-json\/wp\/v2\/product_cat?post=4372"},{"taxonomy":"product_tag","embeddable":true,"href":"https:\/\/www.veneciacr.com\/index.php\/wp-json\/wp\/v2\/product_tag?post=4372"}],"curies":[{"name":"wp","href":"https:\/\/api.w.org\/{rel}","templated":true}]}}