{"id":4366,"date":"2026-04-22T02:06:41","date_gmt":"2026-04-22T08:06:41","guid":{"rendered":"http:\/\/34.83.78.142\/index.php\/product\/boquilla-corta-p-inflar-1-4-npt-boch-hem-1-4-truper\/"},"modified":"2026-04-22T02:06:42","modified_gmt":"2026-04-22T08:06:42","slug":"boquilla-corta-inflar-1-4-npt-boch-hem-1-4-truper","status":"publish","type":"product","link":"https:\/\/www.veneciacr.com\/index.php\/producto\/boquilla-corta-inflar-1-4-npt-boch-hem-1-4-truper\/","title":{"rendered":"BOQUILLA CORTA INFLAR 1\/4&#8243; NPT BOCH-HEM-1\/4 TRUPER"},"content":{"rendered":"<p>Fabricada en lat\u00f3n para m\u00e1xima duraci\u00f3n<\/p>\n<p>Compatible con v\u00e1lvulas americanas tipo Schrader<\/p>\n","protected":false},"excerpt":{"rendered":"<p>Fabricada en lat\u00f3n para m\u00e1xima duraci\u00f3n Compatible con v\u00e1lvulas americanas tipo Schrader<\/p>\n","protected":false},"featured_media":76453,"comment_status":"closed","ping_status":"open","template":"","meta":[],"product_brand":[],"product_cat":[15],"product_tag":[],"class_list":{"0":"post-4366","1":"product","2":"type-product","3":"status-publish","4":"has-post-thumbnail","6":"product_cat-uncategorized","8":"first","9":"instock","10":"purchasable","11":"product-type-simple"},"jetpack_sharing_enabled":true,"_links":{"self":[{"href":"https:\/\/www.veneciacr.com\/index.php\/wp-json\/wp\/v2\/product\/4366","targetHints":{"allow":["GET"]}}],"collection":[{"href":"https:\/\/www.veneciacr.com\/index.php\/wp-json\/wp\/v2\/product"}],"about":[{"href":"https:\/\/www.veneciacr.com\/index.php\/wp-json\/wp\/v2\/types\/product"}],"replies":[{"embeddable":true,"href":"https:\/\/www.veneciacr.com\/index.php\/wp-json\/wp\/v2\/comments?post=4366"}],"wp:featuredmedia":[{"embeddable":true,"href":"https:\/\/www.veneciacr.com\/index.php\/wp-json\/wp\/v2\/media\/76453"}],"wp:attachment":[{"href":"https:\/\/www.veneciacr.com\/index.php\/wp-json\/wp\/v2\/media?parent=4366"}],"wp:term":[{"taxonomy":"product_brand","embeddable":true,"href":"https:\/\/www.veneciacr.com\/index.php\/wp-json\/wp\/v2\/product_brand?post=4366"},{"taxonomy":"product_cat","embeddable":true,"href":"https:\/\/www.veneciacr.com\/index.php\/wp-json\/wp\/v2\/product_cat?post=4366"},{"taxonomy":"product_tag","embeddable":true,"href":"https:\/\/www.veneciacr.com\/index.php\/wp-json\/wp\/v2\/product_tag?post=4366"}],"curies":[{"name":"wp","href":"https:\/\/api.w.org\/{rel}","templated":true}]}}