{"id":4339,"date":"2026-04-21T04:38:35","date_gmt":"2026-04-21T10:38:35","guid":{"rendered":"http:\/\/34.83.78.142\/index.php\/product\/filtro-de-aire-y-agua-1-4-npt-fise-truper\/"},"modified":"2026-04-21T04:38:36","modified_gmt":"2026-04-21T10:38:36","slug":"filtro-aire-y-agua-1-4-npt-fise-truper","status":"publish","type":"product","link":"https:\/\/www.veneciacr.com\/index.php\/producto\/filtro-aire-y-agua-1-4-npt-fise-truper\/","title":{"rendered":"FILTRO AIRE Y AGUA 1\/4 NPT FISE TRUPER"},"content":{"rendered":"<p>Cuerda 1\/4 NPT<br \/>\nPresi\u00f3n m\u00e1xima de trabajo 120 PSI<br \/>\nEmpaque Blister<\/p>\n<p>CARACTER\u00cdSTICAS<br \/>\nCuerpo fabricado en aluminio y policarbonato<br \/>\nF\u00e1cil de adaptar a la manguera y pistola de aire<br \/>\nSepara agua y aceite con un m\u00ednimo de presi\u00f3n<\/p>\n<p>USOS<br \/>\nLimpia el aire de part\u00edculas de agua y\/o aceite para trabajos de pintura fina<br \/>\nPara utilizarlo con compresores o tanques de air<\/p>\n","protected":false},"excerpt":{"rendered":"<p>Cuerda 1\/4 NPT Presi\u00f3n m\u00e1xima de trabajo 120 PSI Empaque Blister CARACTER\u00cdSTICAS Cuerpo fabricado en aluminio y policarbonato F\u00e1cil de<\/p>\n","protected":false},"featured_media":76434,"comment_status":"closed","ping_status":"open","template":"","meta":[],"product_brand":[],"product_cat":[15],"product_tag":[],"class_list":{"0":"post-4339","1":"product","2":"type-product","3":"status-publish","4":"has-post-thumbnail","6":"product_cat-uncategorized","8":"first","9":"instock","10":"purchasable","11":"product-type-simple"},"jetpack_sharing_enabled":true,"_links":{"self":[{"href":"https:\/\/www.veneciacr.com\/index.php\/wp-json\/wp\/v2\/product\/4339","targetHints":{"allow":["GET"]}}],"collection":[{"href":"https:\/\/www.veneciacr.com\/index.php\/wp-json\/wp\/v2\/product"}],"about":[{"href":"https:\/\/www.veneciacr.com\/index.php\/wp-json\/wp\/v2\/types\/product"}],"replies":[{"embeddable":true,"href":"https:\/\/www.veneciacr.com\/index.php\/wp-json\/wp\/v2\/comments?post=4339"}],"wp:featuredmedia":[{"embeddable":true,"href":"https:\/\/www.veneciacr.com\/index.php\/wp-json\/wp\/v2\/media\/76434"}],"wp:attachment":[{"href":"https:\/\/www.veneciacr.com\/index.php\/wp-json\/wp\/v2\/media?parent=4339"}],"wp:term":[{"taxonomy":"product_brand","embeddable":true,"href":"https:\/\/www.veneciacr.com\/index.php\/wp-json\/wp\/v2\/product_brand?post=4339"},{"taxonomy":"product_cat","embeddable":true,"href":"https:\/\/www.veneciacr.com\/index.php\/wp-json\/wp\/v2\/product_cat?post=4339"},{"taxonomy":"product_tag","embeddable":true,"href":"https:\/\/www.veneciacr.com\/index.php\/wp-json\/wp\/v2\/product_tag?post=4339"}],"curies":[{"name":"wp","href":"https:\/\/api.w.org\/{rel}","templated":true}]}}