{"id":4327,"date":"2026-04-21T04:38:40","date_gmt":"2026-04-21T10:38:40","guid":{"rendered":"http:\/\/34.83.78.142\/index.php\/product\/inversor-de-corriente-200w-inco-200-truper\/"},"modified":"2026-04-21T04:38:42","modified_gmt":"2026-04-21T10:38:42","slug":"inversor-corriente-200w-inco-200-truper","status":"publish","type":"product","link":"https:\/\/www.veneciacr.com\/index.php\/producto\/inversor-corriente-200w-inco-200-truper\/","title":{"rendered":"INVERSOR CORRIENTE 200W INCO-200 TRUPER"},"content":{"rendered":"<p>INVERSOR CORRIENTE 200W INCO-200 TRUPER<\/p>\n<p>ESPECIFICACIONES<br \/>\nEntrada 12 V \/ 20 A<br \/>\nSalida 120 V<br \/>\nFrecuencia 60 Hz<br \/>\nPotencia 200 W<br \/>\nPuerto USB 5 V \/ 500 mA<br \/>\nFusible 25 A<br \/>\nLongitud 16.5 cm<br \/>\nAncho 10.4 cm<br \/>\nLongitud de cable para encendedor 92 cm<br \/>\nLongitud de cable de la bater\u00eda 95 cm<br \/>\nPeso 383 g<br \/>\nEmpaque Caja<\/p>\n<p>Incluye:<br \/>\nCables con caimanes para conectar directamente a la bater\u00eda del auto<br \/>\nAdaptador para auto<\/p>\n<p>CARACTER\u00cdSTICAS<br \/>\nCuerpo fabricado en pl\u00e1stico ABS<br \/>\nConexi\u00f3n dual: 2 salidas para corriente alterna y puerto USB<br \/>\nFusible externo para un intercambio r\u00e1pido<br \/>\nApagador autom\u00e1tico por bater\u00eda baja o picos de voltaje, corto circuito o falla el\u00e9ctrica<\/p>\n<p>USOS<br \/>\nConvierte la corriente del veh\u00edculo de 12 V en corriente dom\u00e9stica de 120 V<br \/>\nAlimenta y recarga celulares, videoc\u00e1maras, computadoras port\u00e1tiles, equipo electr\u00f3nico, etc\u00e9tera<\/p>\n","protected":false},"excerpt":{"rendered":"<p>INVERSOR CORRIENTE 200W INCO-200 TRUPER ESPECIFICACIONES Entrada 12 V \/ 20 A Salida 120 V Frecuencia 60 Hz Potencia 200<\/p>\n","protected":false},"featured_media":76427,"comment_status":"closed","ping_status":"open","template":"","meta":[],"product_brand":[],"product_cat":[15],"product_tag":[],"class_list":{"0":"post-4327","1":"product","2":"type-product","3":"status-publish","4":"has-post-thumbnail","6":"product_cat-uncategorized","8":"first","9":"instock","10":"purchasable","11":"product-type-simple"},"jetpack_sharing_enabled":true,"_links":{"self":[{"href":"https:\/\/www.veneciacr.com\/index.php\/wp-json\/wp\/v2\/product\/4327","targetHints":{"allow":["GET"]}}],"collection":[{"href":"https:\/\/www.veneciacr.com\/index.php\/wp-json\/wp\/v2\/product"}],"about":[{"href":"https:\/\/www.veneciacr.com\/index.php\/wp-json\/wp\/v2\/types\/product"}],"replies":[{"embeddable":true,"href":"https:\/\/www.veneciacr.com\/index.php\/wp-json\/wp\/v2\/comments?post=4327"}],"wp:featuredmedia":[{"embeddable":true,"href":"https:\/\/www.veneciacr.com\/index.php\/wp-json\/wp\/v2\/media\/76427"}],"wp:attachment":[{"href":"https:\/\/www.veneciacr.com\/index.php\/wp-json\/wp\/v2\/media?parent=4327"}],"wp:term":[{"taxonomy":"product_brand","embeddable":true,"href":"https:\/\/www.veneciacr.com\/index.php\/wp-json\/wp\/v2\/product_brand?post=4327"},{"taxonomy":"product_cat","embeddable":true,"href":"https:\/\/www.veneciacr.com\/index.php\/wp-json\/wp\/v2\/product_cat?post=4327"},{"taxonomy":"product_tag","embeddable":true,"href":"https:\/\/www.veneciacr.com\/index.php\/wp-json\/wp\/v2\/product_tag?post=4327"}],"curies":[{"name":"wp","href":"https:\/\/api.w.org\/{rel}","templated":true}]}}