{"id":4315,"date":"2025-01-15T01:58:56","date_gmt":"2025-01-15T07:58:56","guid":{"rendered":"http:\/\/34.83.78.142\/index.php\/product\/guante-piel-de-cabra-ref-cuero-gu-735-truper\/"},"modified":"2025-03-19T12:21:10","modified_gmt":"2025-03-19T18:21:10","slug":"guante-piel-cabra-ref-cuero-gu-735-truper","status":"publish","type":"product","link":"https:\/\/www.veneciacr.com\/index.php\/producto\/guante-piel-cabra-ref-cuero-gu-735-truper\/","title":{"rendered":"GUANTE PIEL CABRA REF CUERO GU-735 TRUPER"},"content":{"rendered":"<p>GUANTE PIEL CABRA REF CUERO GU-735 TRUPER<\/p>\n<p>CARACTER\u00cdSTICAS<br \/>\nFabricados en piel de cabra y carnaza<br \/>\nAlta durabilidad, flexibilidad y confort<br \/>\nPu\u00f1o ajustado que protege la mu\u00f1eca y evita que se salga el guante<br \/>\nPIEL DE CABRA<\/p>\n<p>ESPECIFICACIONES<\/p>\n<p>Talla: Unitalla<br \/>\nColor : Blanco con caf\u00e9<br \/>\nEmpaque individual: Caballete<\/p>\n<p>Aplicaciones<br \/>\nExcelente en el trabajo con cables, alambres e instalaciones el\u00e9ctricas no energizadas<br \/>\nPara procesos de soldadura ligera<\/p>\n<p>CUIDADOS<br \/>\nTodo equipo de seguridad deber\u00e1 ser inspeccionado antes de utilizarse, para as\u00ed descartar alg\u00fan defecto de fabricaci\u00f3n<br \/>\nEvitar el contacto con aceites y grasas<\/p>\n","protected":false},"excerpt":{"rendered":"<p>GUANTE PIEL CABRA REF CUERO GU-735 TRUPER CARACTER\u00cdSTICAS Fabricados en piel de cabra y carnaza Alta durabilidad, flexibilidad y confort<\/p>\n","protected":false},"featured_media":76421,"comment_status":"closed","ping_status":"closed","template":"","meta":[],"product_brand":[],"product_cat":[23,88],"product_tag":[],"class_list":{"0":"post-4315","1":"product","2":"type-product","3":"status-publish","4":"has-post-thumbnail","6":"product_cat-herramientas","7":"product_cat-proteccion-y-seguridad","9":"first","10":"instock","11":"purchasable","12":"product-type-simple"},"jetpack_sharing_enabled":true,"_links":{"self":[{"href":"https:\/\/www.veneciacr.com\/index.php\/wp-json\/wp\/v2\/product\/4315","targetHints":{"allow":["GET"]}}],"collection":[{"href":"https:\/\/www.veneciacr.com\/index.php\/wp-json\/wp\/v2\/product"}],"about":[{"href":"https:\/\/www.veneciacr.com\/index.php\/wp-json\/wp\/v2\/types\/product"}],"replies":[{"embeddable":true,"href":"https:\/\/www.veneciacr.com\/index.php\/wp-json\/wp\/v2\/comments?post=4315"}],"wp:featuredmedia":[{"embeddable":true,"href":"https:\/\/www.veneciacr.com\/index.php\/wp-json\/wp\/v2\/media\/76421"}],"wp:attachment":[{"href":"https:\/\/www.veneciacr.com\/index.php\/wp-json\/wp\/v2\/media?parent=4315"}],"wp:term":[{"taxonomy":"product_brand","embeddable":true,"href":"https:\/\/www.veneciacr.com\/index.php\/wp-json\/wp\/v2\/product_brand?post=4315"},{"taxonomy":"product_cat","embeddable":true,"href":"https:\/\/www.veneciacr.com\/index.php\/wp-json\/wp\/v2\/product_cat?post=4315"},{"taxonomy":"product_tag","embeddable":true,"href":"https:\/\/www.veneciacr.com\/index.php\/wp-json\/wp\/v2\/product_tag?post=4315"}],"curies":[{"name":"wp","href":"https:\/\/api.w.org\/{rel}","templated":true}]}}