{"id":4284,"date":"2026-04-30T02:07:58","date_gmt":"2026-04-30T08:07:58","guid":{"rendered":"http:\/\/34.83.78.142\/index.php\/product\/guante-quimico-grande-gu-quim-g-truper\/"},"modified":"2026-04-30T02:07:58","modified_gmt":"2026-04-30T08:07:58","slug":"guante-quimico-grande-gu-813-truper","status":"publish","type":"product","link":"https:\/\/www.veneciacr.com\/index.php\/producto\/guante-quimico-grande-gu-813-truper\/","title":{"rendered":"GUANTE QUIMICO GRANDE GU-813 TRUPER"},"content":{"rendered":"<p>Fabricados de neopreno<br \/>\nPu\u00f1o enrollado para mayor resistencia al desgarre<br \/>\nPalma con dise\u00f1o antiderrapante<\/p>\n<p>ESPECIFICACIONES<br \/>\nTalla: G<br \/>\nColor: Negros<br \/>\nEspesor: 0.80 mm<br \/>\nLargo: 330 mm<br \/>\nEmpaque individual: Bolsa<\/p>\n<p>Aplicaciones<br \/>\nManejo abundante de l\u00edquidos, actividades de trasvase, contacto constante de productos como aceites, grasas y productos qu\u00edmicos<br \/>\nResistencia a solventes, aceites, grasas, \u00e1cidos, alcalinos y productos qu\u00edmicos<\/p>\n<p>CUIDADOS<br \/>\nTodo equipo de seguridad deber\u00e1 ser inspeccionado antes de utilizarse, para as\u00ed descartar alg\u00fan defecto de fabricaci\u00f3n<br \/>\nLave los guantes antes de quit\u00e1rselos, d\u00e9jelos secar evitando que reciban la luz solar y mant\u00e9ngalos alejados del calor<\/p>\n","protected":false},"excerpt":{"rendered":"<p>Fabricados de neopreno Pu\u00f1o enrollado para mayor resistencia al desgarre Palma con dise\u00f1o antiderrapante ESPECIFICACIONES Talla: G Color: Negros Espesor:<\/p>\n","protected":false},"featured_media":76402,"comment_status":"closed","ping_status":"open","template":"","meta":[],"product_brand":[],"product_cat":[23,88],"product_tag":[],"class_list":{"0":"post-4284","1":"product","2":"type-product","3":"status-publish","4":"has-post-thumbnail","6":"product_cat-herramientas","7":"product_cat-proteccion-y-seguridad","9":"first","10":"instock","11":"purchasable","12":"product-type-simple"},"jetpack_sharing_enabled":true,"_links":{"self":[{"href":"https:\/\/www.veneciacr.com\/index.php\/wp-json\/wp\/v2\/product\/4284","targetHints":{"allow":["GET"]}}],"collection":[{"href":"https:\/\/www.veneciacr.com\/index.php\/wp-json\/wp\/v2\/product"}],"about":[{"href":"https:\/\/www.veneciacr.com\/index.php\/wp-json\/wp\/v2\/types\/product"}],"replies":[{"embeddable":true,"href":"https:\/\/www.veneciacr.com\/index.php\/wp-json\/wp\/v2\/comments?post=4284"}],"wp:featuredmedia":[{"embeddable":true,"href":"https:\/\/www.veneciacr.com\/index.php\/wp-json\/wp\/v2\/media\/76402"}],"wp:attachment":[{"href":"https:\/\/www.veneciacr.com\/index.php\/wp-json\/wp\/v2\/media?parent=4284"}],"wp:term":[{"taxonomy":"product_brand","embeddable":true,"href":"https:\/\/www.veneciacr.com\/index.php\/wp-json\/wp\/v2\/product_brand?post=4284"},{"taxonomy":"product_cat","embeddable":true,"href":"https:\/\/www.veneciacr.com\/index.php\/wp-json\/wp\/v2\/product_cat?post=4284"},{"taxonomy":"product_tag","embeddable":true,"href":"https:\/\/www.veneciacr.com\/index.php\/wp-json\/wp\/v2\/product_tag?post=4284"}],"curies":[{"name":"wp","href":"https:\/\/api.w.org\/{rel}","templated":true}]}}