{"id":4260,"date":"2026-04-22T02:06:47","date_gmt":"2026-04-22T08:06:47","guid":{"rendered":"http:\/\/34.83.78.142\/index.php\/product\/candado-coraza-chr-40a-truper\/"},"modified":"2026-04-22T02:06:48","modified_gmt":"2026-04-22T08:06:48","slug":"candado-coraza-chr-40a-truper","status":"publish","type":"product","link":"https:\/\/www.veneciacr.com\/index.php\/producto\/candado-coraza-chr-40a-truper\/","title":{"rendered":"CANDADO CORAZA CHR-40A TRUPER"},"content":{"rendered":"<p>Medida 40 mm<br \/>\nTipo de llave Anti-ganz\u00faa<br \/>\nN\u00famero de llaves incluidas 3<br \/>\nNivel de seguridad 6<br \/>\nN\u00famero de pernos de combinaci\u00f3n 7<br \/>\nPeso 172 g<br \/>\nEmpaque Blister<\/p>\n<p>CARACTER\u00cdSTICAS<br \/>\nCuerpo de hierro y cilindro de lat\u00f3n s\u00f3lido, grillete con coraza para mayor seguridad<br \/>\nSeguro preventivo para evitar dejar el candado abierto, dise\u00f1o especial a prueba de ganz\u00faa<br \/>\nEl cilindro no cuenta con partes sujetas por resorte con lo que reduce la posibilidad de forzar su apertura<br \/>\nCerrojo de doble bal\u00edn de acero templado que resiste el forcejeo con palanca y martillo<\/p>\n<p>CUIDADOS<br \/>\nPara hacer duplicados utilizar forja ALBA Similar ABS43P<\/p>\n","protected":false},"excerpt":{"rendered":"<p>Medida 40 mm Tipo de llave Anti-ganz\u00faa N\u00famero de llaves incluidas 3 Nivel de seguridad 6 N\u00famero de pernos de<\/p>\n","protected":false},"featured_media":76388,"comment_status":"closed","ping_status":"open","template":"","meta":[],"product_brand":[],"product_cat":[170,19],"product_tag":[],"class_list":{"0":"post-4260","1":"product","2":"type-product","3":"status-publish","4":"has-post-thumbnail","6":"product_cat-candados","7":"product_cat-ferreteria","9":"first","10":"instock","11":"purchasable","12":"product-type-simple"},"jetpack_sharing_enabled":true,"_links":{"self":[{"href":"https:\/\/www.veneciacr.com\/index.php\/wp-json\/wp\/v2\/product\/4260","targetHints":{"allow":["GET"]}}],"collection":[{"href":"https:\/\/www.veneciacr.com\/index.php\/wp-json\/wp\/v2\/product"}],"about":[{"href":"https:\/\/www.veneciacr.com\/index.php\/wp-json\/wp\/v2\/types\/product"}],"replies":[{"embeddable":true,"href":"https:\/\/www.veneciacr.com\/index.php\/wp-json\/wp\/v2\/comments?post=4260"}],"wp:featuredmedia":[{"embeddable":true,"href":"https:\/\/www.veneciacr.com\/index.php\/wp-json\/wp\/v2\/media\/76388"}],"wp:attachment":[{"href":"https:\/\/www.veneciacr.com\/index.php\/wp-json\/wp\/v2\/media?parent=4260"}],"wp:term":[{"taxonomy":"product_brand","embeddable":true,"href":"https:\/\/www.veneciacr.com\/index.php\/wp-json\/wp\/v2\/product_brand?post=4260"},{"taxonomy":"product_cat","embeddable":true,"href":"https:\/\/www.veneciacr.com\/index.php\/wp-json\/wp\/v2\/product_cat?post=4260"},{"taxonomy":"product_tag","embeddable":true,"href":"https:\/\/www.veneciacr.com\/index.php\/wp-json\/wp\/v2\/product_tag?post=4260"}],"curies":[{"name":"wp","href":"https:\/\/api.w.org\/{rel}","templated":true}]}}