{"id":4244,"date":"2026-04-21T04:39:17","date_gmt":"2026-04-21T10:39:17","guid":{"rendered":"http:\/\/34.83.78.142\/index.php\/product\/destornillador-golpe-ph2-4-go-1-4x4c-truper\/"},"modified":"2026-04-21T04:39:18","modified_gmt":"2026-04-21T10:39:18","slug":"destornillador-golpe-ph2-4-go-1-4x4c-truper","status":"publish","type":"product","link":"https:\/\/www.veneciacr.com\/index.php\/producto\/destornillador-golpe-ph2-4-go-1-4x4c-truper\/","title":{"rendered":"DESTORNILLADOR GOLPE PH2 4&#8243; GO-1\/4X4C TRUPER"},"content":{"rendered":"<p>DESTORNILLADORGOLPE PH2 4&#8243; GO-1\/4X4C TRUPER<\/p>\n<p>ESPECIFICACIONES<br \/>\nPunta No. 2<br \/>\nLongitud de la barra 4&#8243; (101.6mm)<br \/>\nLongitud del mango 109 mm<br \/>\nPeso 180 g<br \/>\nEmpaque Tarjeta pl\u00e1stica<\/p>\n<p>CARACTER\u00cdSTICAS<br \/>\nBarra fabricada en acero al cromo vanadio<br \/>\nCabeza de acero forjado<br \/>\nMango ergon\u00f3mico de acetato<br \/>\nPunta magnetizada<\/p>\n<p>USOS<br \/>\nMec\u00e1nica, carpinter\u00eda, industria, hogar, etc\u00e9tera<\/p>\n","protected":false},"excerpt":{"rendered":"<p>DESTORNILLADORGOLPE PH2 4&#8243; GO-1\/4X4C TRUPER ESPECIFICACIONES Punta No. 2 Longitud de la barra 4&#8243; (101.6mm) Longitud del mango 109 mm<\/p>\n","protected":false},"featured_media":76380,"comment_status":"closed","ping_status":"open","template":"","meta":[],"product_brand":[],"product_cat":[23,24],"product_tag":[],"class_list":{"0":"post-4244","1":"product","2":"type-product","3":"status-publish","4":"has-post-thumbnail","6":"product_cat-herramientas","7":"product_cat-herramientas-manuales","9":"first","10":"instock","11":"purchasable","12":"product-type-simple"},"jetpack_sharing_enabled":true,"_links":{"self":[{"href":"https:\/\/www.veneciacr.com\/index.php\/wp-json\/wp\/v2\/product\/4244","targetHints":{"allow":["GET"]}}],"collection":[{"href":"https:\/\/www.veneciacr.com\/index.php\/wp-json\/wp\/v2\/product"}],"about":[{"href":"https:\/\/www.veneciacr.com\/index.php\/wp-json\/wp\/v2\/types\/product"}],"replies":[{"embeddable":true,"href":"https:\/\/www.veneciacr.com\/index.php\/wp-json\/wp\/v2\/comments?post=4244"}],"wp:featuredmedia":[{"embeddable":true,"href":"https:\/\/www.veneciacr.com\/index.php\/wp-json\/wp\/v2\/media\/76380"}],"wp:attachment":[{"href":"https:\/\/www.veneciacr.com\/index.php\/wp-json\/wp\/v2\/media?parent=4244"}],"wp:term":[{"taxonomy":"product_brand","embeddable":true,"href":"https:\/\/www.veneciacr.com\/index.php\/wp-json\/wp\/v2\/product_brand?post=4244"},{"taxonomy":"product_cat","embeddable":true,"href":"https:\/\/www.veneciacr.com\/index.php\/wp-json\/wp\/v2\/product_cat?post=4244"},{"taxonomy":"product_tag","embeddable":true,"href":"https:\/\/www.veneciacr.com\/index.php\/wp-json\/wp\/v2\/product_tag?post=4244"}],"curies":[{"name":"wp","href":"https:\/\/api.w.org\/{rel}","templated":true}]}}