{"id":4143,"date":"2026-04-22T02:06:56","date_gmt":"2026-04-22T08:06:56","guid":{"rendered":"http:\/\/34.83.78.142\/index.php\/product\/jgo-pistola-y-accesorios-p-aire-jan-7-truper\/"},"modified":"2026-04-22T02:06:57","modified_gmt":"2026-04-22T08:06:57","slug":"set-pistola-y-accesorios-aire-jan-7-truper","status":"publish","type":"product","link":"https:\/\/www.veneciacr.com\/index.php\/producto\/set-pistola-y-accesorios-aire-jan-7-truper\/","title":{"rendered":"SET PISTOLA Y ACCESORIOS AIRE JAN-7 TRUPER"},"content":{"rendered":"<p>Pistola fabricada en zamac con gatillo cubierto de vinil<br \/>\nDise\u00f1o con gancho para colgar<\/p>\n<p>ESPECIFICACIONES<br \/>\nPresi\u00f3n m\u00e1xima de operaci\u00f3n: 120 PSI<br \/>\nEntrada: 1\/4 NPT<br \/>\nConexi\u00f3n: Hembra<br \/>\nPeso total: 140 g<br \/>\nEmpaque individual: Blister<br \/>\n1 Adaptador para v\u00e1lvula (lat\u00f3n)<br \/>\n1 Boquilla de punta, alta presi\u00f3n<br \/>\n1 Boquilla c\u00f3nica de lat\u00f3n, cubierta pl\u00e1stica<br \/>\n1 V\u00e1lvula para inflar balones<br \/>\n1 Inflador punta espiga (lat\u00f3n)<br \/>\n1 Extensi\u00f3n aspersora<\/p>\n","protected":false},"excerpt":{"rendered":"<p>Pistola fabricada en zamac con gatillo cubierto de vinil Dise\u00f1o con gancho para colgar ESPECIFICACIONES Presi\u00f3n m\u00e1xima de operaci\u00f3n: 120<\/p>\n","protected":false},"featured_media":76298,"comment_status":"closed","ping_status":"open","template":"","meta":[],"product_brand":[],"product_cat":[15],"product_tag":[],"class_list":{"0":"post-4143","1":"product","2":"type-product","3":"status-publish","4":"has-post-thumbnail","6":"product_cat-uncategorized","8":"first","9":"instock","10":"purchasable","11":"product-type-simple"},"jetpack_sharing_enabled":true,"_links":{"self":[{"href":"https:\/\/www.veneciacr.com\/index.php\/wp-json\/wp\/v2\/product\/4143","targetHints":{"allow":["GET"]}}],"collection":[{"href":"https:\/\/www.veneciacr.com\/index.php\/wp-json\/wp\/v2\/product"}],"about":[{"href":"https:\/\/www.veneciacr.com\/index.php\/wp-json\/wp\/v2\/types\/product"}],"replies":[{"embeddable":true,"href":"https:\/\/www.veneciacr.com\/index.php\/wp-json\/wp\/v2\/comments?post=4143"}],"wp:featuredmedia":[{"embeddable":true,"href":"https:\/\/www.veneciacr.com\/index.php\/wp-json\/wp\/v2\/media\/76298"}],"wp:attachment":[{"href":"https:\/\/www.veneciacr.com\/index.php\/wp-json\/wp\/v2\/media?parent=4143"}],"wp:term":[{"taxonomy":"product_brand","embeddable":true,"href":"https:\/\/www.veneciacr.com\/index.php\/wp-json\/wp\/v2\/product_brand?post=4143"},{"taxonomy":"product_cat","embeddable":true,"href":"https:\/\/www.veneciacr.com\/index.php\/wp-json\/wp\/v2\/product_cat?post=4143"},{"taxonomy":"product_tag","embeddable":true,"href":"https:\/\/www.veneciacr.com\/index.php\/wp-json\/wp\/v2\/product_tag?post=4143"}],"curies":[{"name":"wp","href":"https:\/\/api.w.org\/{rel}","templated":true}]}}