{"id":4078,"date":"2026-04-23T02:10:18","date_gmt":"2026-04-23T08:10:18","guid":{"rendered":"http:\/\/34.83.78.142\/index.php\/product\/filtro-regulador-y-lubric-de-aire-1-4-npt-uni-ll-1-4-truper\/"},"modified":"2026-04-23T02:10:19","modified_gmt":"2026-04-23T08:10:19","slug":"filtro-regulador-lubric-aire-1-4-npt-uni-ll-1-4-truper","status":"publish","type":"product","link":"https:\/\/www.veneciacr.com\/index.php\/producto\/filtro-regulador-lubric-aire-1-4-npt-uni-ll-1-4-truper\/","title":{"rendered":"FILTRO REGULADOR LUBRIC AIRE 1\/4 NPT UNI-LL-1\/4 TRUPER"},"content":{"rendered":"<p>Cuerpo fabricado en aluminio y zamac<br \/>\nRegulador con man\u00f3metro para controlar la salida y presi\u00f3n de aire<br \/>\nProporciona una presi\u00f3n de aire constante y controlada<\/p>\n<p>ESPECIFICACIONES<br \/>\nConexi\u00f3n: 1\/4 NPT<br \/>\nPresi\u00f3n m\u00e1xima de trabajo: 140 PSI<br \/>\nPresi\u00f3n \u00f3ptima de trabajo: 50 PSI<br \/>\nRango de escala de medici\u00f3n: 0-10 BAR<br \/>\nTemperatura m\u00e1xima: 60\u00b0C (140\u00b0F)<br \/>\nEmpaque individual: Caja<\/p>\n<p>Aplicaciones<br \/>\nPara eliminar las part\u00edculas s\u00f3lidas del aire y condensar la humedad<\/p>\n","protected":false},"excerpt":{"rendered":"<p>Cuerpo fabricado en aluminio y zamac Regulador con man\u00f3metro para controlar la salida y presi\u00f3n de aire Proporciona una presi\u00f3n<\/p>\n","protected":false},"featured_media":76248,"comment_status":"closed","ping_status":"open","template":"","meta":[],"product_brand":[],"product_cat":[15],"product_tag":[],"class_list":{"0":"post-4078","1":"product","2":"type-product","3":"status-publish","4":"has-post-thumbnail","6":"product_cat-uncategorized","8":"first","9":"instock","10":"purchasable","11":"product-type-simple"},"jetpack_sharing_enabled":true,"_links":{"self":[{"href":"https:\/\/www.veneciacr.com\/index.php\/wp-json\/wp\/v2\/product\/4078","targetHints":{"allow":["GET"]}}],"collection":[{"href":"https:\/\/www.veneciacr.com\/index.php\/wp-json\/wp\/v2\/product"}],"about":[{"href":"https:\/\/www.veneciacr.com\/index.php\/wp-json\/wp\/v2\/types\/product"}],"replies":[{"embeddable":true,"href":"https:\/\/www.veneciacr.com\/index.php\/wp-json\/wp\/v2\/comments?post=4078"}],"wp:featuredmedia":[{"embeddable":true,"href":"https:\/\/www.veneciacr.com\/index.php\/wp-json\/wp\/v2\/media\/76248"}],"wp:attachment":[{"href":"https:\/\/www.veneciacr.com\/index.php\/wp-json\/wp\/v2\/media?parent=4078"}],"wp:term":[{"taxonomy":"product_brand","embeddable":true,"href":"https:\/\/www.veneciacr.com\/index.php\/wp-json\/wp\/v2\/product_brand?post=4078"},{"taxonomy":"product_cat","embeddable":true,"href":"https:\/\/www.veneciacr.com\/index.php\/wp-json\/wp\/v2\/product_cat?post=4078"},{"taxonomy":"product_tag","embeddable":true,"href":"https:\/\/www.veneciacr.com\/index.php\/wp-json\/wp\/v2\/product_tag?post=4078"}],"curies":[{"name":"wp","href":"https:\/\/api.w.org\/{rel}","templated":true}]}}