{"id":4064,"date":"2026-04-21T04:43:38","date_gmt":"2026-04-21T10:43:38","guid":{"rendered":"http:\/\/34.83.78.142\/index.php\/product\/lente-monogafa-verde-got-truper\/"},"modified":"2026-04-21T04:43:39","modified_gmt":"2026-04-21T10:43:39","slug":"lente-monogafa-verde-got-truper","status":"publish","type":"product","link":"https:\/\/www.veneciacr.com\/index.php\/producto\/lente-monogafa-verde-got-truper\/","title":{"rendered":"LENTE MONOGAFA VERDE GOT TRUPER"},"content":{"rendered":"<p>Mica 100% de policarbonato, armaz\u00f3n de PVC y correa de poliester con elast\u00f3mero<br \/>\n4 V\u00e1lvulas de ventilaci\u00f3n indirecta que favorecen la circulaci\u00f3n del aire<br \/>\nSe ajusta sobre la mayor\u00eda de los anteojos<\/p>\n<p>NORMA<br \/>\nCumple con CE (Certificado no disponible)<\/p>\n<p>ESPECIFICACIONES<br \/>\nPeso: 65 g<br \/>\nEspesor del lente: 1.5 mm<br \/>\nEmpaque individual: Bolsa<\/p>\n<p>Usos<br \/>\nPara aplicaciones en interiores o exteriores donde se tenga buena iluminaci\u00f3n<br \/>\nProtege los ojos de impactos, salpicaduras y part\u00edculas de polvo<\/p>\n<p>CUIDADOS<br \/>\nNo utilizar para soldadura, metales fundidos, corte o quemadura con acetileno, rayos l\u00e1ser o como protecci\u00f3n contra niveles da\u00f1inos de radiaci\u00f3n infrarroja<br \/>\nLimpiar con agua y jab\u00f3n, no limpiar con solventes<\/p>\n","protected":false},"excerpt":{"rendered":"<p>Mica 100% de policarbonato, armaz\u00f3n de PVC y correa de poliester con elast\u00f3mero 4 V\u00e1lvulas de ventilaci\u00f3n indirecta que favorecen<\/p>\n","protected":false},"featured_media":76231,"comment_status":"closed","ping_status":"open","template":"","meta":[],"product_brand":[],"product_cat":[23,88],"product_tag":[],"class_list":{"0":"post-4064","1":"product","2":"type-product","3":"status-publish","4":"has-post-thumbnail","6":"product_cat-herramientas","7":"product_cat-proteccion-y-seguridad","9":"first","10":"instock","11":"purchasable","12":"product-type-simple"},"jetpack_sharing_enabled":true,"_links":{"self":[{"href":"https:\/\/www.veneciacr.com\/index.php\/wp-json\/wp\/v2\/product\/4064","targetHints":{"allow":["GET"]}}],"collection":[{"href":"https:\/\/www.veneciacr.com\/index.php\/wp-json\/wp\/v2\/product"}],"about":[{"href":"https:\/\/www.veneciacr.com\/index.php\/wp-json\/wp\/v2\/types\/product"}],"replies":[{"embeddable":true,"href":"https:\/\/www.veneciacr.com\/index.php\/wp-json\/wp\/v2\/comments?post=4064"}],"wp:featuredmedia":[{"embeddable":true,"href":"https:\/\/www.veneciacr.com\/index.php\/wp-json\/wp\/v2\/media\/76231"}],"wp:attachment":[{"href":"https:\/\/www.veneciacr.com\/index.php\/wp-json\/wp\/v2\/media?parent=4064"}],"wp:term":[{"taxonomy":"product_brand","embeddable":true,"href":"https:\/\/www.veneciacr.com\/index.php\/wp-json\/wp\/v2\/product_brand?post=4064"},{"taxonomy":"product_cat","embeddable":true,"href":"https:\/\/www.veneciacr.com\/index.php\/wp-json\/wp\/v2\/product_cat?post=4064"},{"taxonomy":"product_tag","embeddable":true,"href":"https:\/\/www.veneciacr.com\/index.php\/wp-json\/wp\/v2\/product_tag?post=4064"}],"curies":[{"name":"wp","href":"https:\/\/api.w.org\/{rel}","templated":true}]}}